{"id":50314,"date":"2025-11-24T17:46:41","date_gmt":"2025-11-24T16:46:41","guid":{"rendered":"https:\/\/www.llarsdefoc.cat\/barbacoas\/"},"modified":"2025-12-11T16:24:27","modified_gmt":"2025-12-11T15:24:27","slug":"barbacoas","status":"publish","type":"page","link":"https:\/\/www.llarsdefoc.cat\/es\/barbacoas\/","title":{"rendered":"Barbacoas"},"content":{"rendered":"\n<div class=\"gbp-section gb-element-60169c38\">\n<div class=\"gbp-section__inner gb-element-d91ad5ab\">\n<div>\n<h1 class=\"gb-text gbp-section__headline gb-text-36ab1eb4\">Barbacoas<\/h1>\n<\/div>\n<\/div>\n<\/div>\n\n\n\n<div class=\"gbp-section gb-element-230a4381\">\n<div class=\"gbp-section__inner gb-element-f5f44a90\">\n<div class=\"gb-element-2114d7ac\">\n<p class=\"gb-text gbp-section__text\">Cuando llega el buen tiempo, un sonido y un olor se apoderan de nuestros jardines y terrazas: el crepitar de las brasas y el aroma inconfundible de comer coci\u00e9ndose al aire libre. <strong>Las barbacoas son mucho m\u00e1s que un simple m\u00e9todo de cocci\u00f3n<\/strong>; es un ritual, una excusa perfecta para reunir a amigos y familia y el aut\u00e9ntico epicentro de la vida social durante los meses m\u00e1s c\u00e1lidos. Es sin\u00f3nimo de conversaciones sin prisa, de risas compartidas y de recuerdos que perduran mucho despu\u00e9s de que las brasas se hayan apagado.<\/p>\n\n\n\n<p class=\"gb-text gbp-section__text\">Elegir una barbacoa no es una decisi\u00f3n trivial. Es escoger a la compa\u00f1era que dar\u00e1 forma a estos momentos. Por eso, es fundamental conocer las opciones para encontrar la que mejor se adapte a tu estilo de vida, a tu espacio y, por supuesto, a tu paladar.<\/p>\n<\/div>\n<\/div>\n<\/div>\n\n\n\n<div class=\"gbp-section gb-element-df05eb49\">\n<div class=\"gbp-section__inner gb-element-d73e5244\">\n<div class=\"gb-element-b60bd5b0\">\n<a href=\"https:\/\/www.llarsdefoc.cat\/es\/producte\/barbacoa-palma-75-inox-rocal\/\"><img loading=\"lazy\" decoding=\"async\" width=\"203\" height=\"300\" class=\"gb-media-905f1ab1\" alt=\"\" src=\"https:\/\/www.llarsdefoc.cat\/wp-content\/uploads\/2025\/11\/35-Palma75-Inox-jardin-203x300-1.jpg\" title=\"35-Palma75-Inox-jardin-203x300\"\/><\/a>\n\n\n\n<h2 class=\"gb-text gbp-section__headline gb-text-d8b007a8\">Barbacoa ROCAL Palma 75<\/h2>\n\n\n\n<p class=\"gb-text gbp-section__text gb-text-43570194\">La Palma 75 es una barbacoa robusta y de dise\u00f1o cl\u00e1sico, pensada para ser el centro de cualquier celebraci\u00f3n. Su versatilidad la convierte en una elecci\u00f3n ideal tanto para un jard\u00edn exterior como para un espacio interior como una bodega o una sala de estar r\u00fastica.<\/p>\n\n\n\n<figure style=\"font-size:16px\" class=\"wp-block-table\"><table class=\"has-base-background-color has-background has-fixed-layout\"><tbody><tr><td>Peso: 61,5 kg<\/td><\/tr><tr><td>Medida troncos: 45 cm<\/td><\/tr><tr><td>Precio: 2.190 \u20ac<\/td><\/tr><\/tbody><\/table><\/figure>\n<\/div>\n\n\n\n<div class=\"gb-element-a99bf73d\">\n<a href=\"https:\/\/www.llarsdefoc.cat\/es\/producte\/barbacoa-plek-66-inox-rocal\/\"><img loading=\"lazy\" decoding=\"async\" width=\"300\" height=\"300\" class=\"gb-media-de3fff28\" alt=\"\" src=\"https:\/\/www.llarsdefoc.cat\/wp-content\/uploads\/2025\/11\/plek66-2.jpg\" title=\"plek66-2\" srcset=\"https:\/\/www.llarsdefoc.cat\/wp-content\/uploads\/2025\/11\/plek66-2.jpg 300w, https:\/\/www.llarsdefoc.cat\/wp-content\/uploads\/2025\/11\/plek66-2-150x150.jpg 150w, https:\/\/www.llarsdefoc.cat\/wp-content\/uploads\/2025\/11\/plek66-2-100x100.jpg 100w\" sizes=\"auto, (max-width: 300px) 100vw, 300px\" \/><\/a>\n\n\n\n<h2 class=\"gb-text gbp-section__headline gb-text-31f3fae9\">Barbacoa ROCAL Plek 66<\/h2>\n\n\n\n<p class=\"gb-text gbp-section__text gb-text-10798dde\">La Plek 66 es la soluci\u00f3n perfecta para quien busca una barbacoa de alto rendimiento sin renunciar a la est\u00e9tica y optimizando el espacio. Su concepto de dise\u00f1o mural y plegable la hace \u00fanica en su g\u00e9nero, ideal para terrazas, soportales o patios modernos.<\/p>\n\n\n\n<figure style=\"font-size:16px\" class=\"wp-block-table\"><table class=\"has-base-background-color has-background has-fixed-layout\"><tbody><tr><td>Peso: 97 kg<\/td><\/tr><tr><td>Medida troncos: 45 cm<\/td><\/tr><tr><td>Precio: 1.845 \u20ac<\/td><\/tr><\/tbody><\/table><\/figure>\n<\/div>\n\n\n\n<div class=\"gb-element-ff107c67\">\n<a href=\"https:\/\/www.llarsdefoc.cat\/es\/producte\/fornells\/\"><img loading=\"lazy\" decoding=\"async\" width=\"203\" height=\"300\" class=\"gb-media-ff329a35\" alt=\"\" src=\"https:\/\/www.llarsdefoc.cat\/wp-content\/uploads\/2025\/11\/34-Fornells-Inox-jardin-203x300-1.jpg\" title=\"34-Fornells-Inox-jardin-203x300\"\/><\/a>\n\n\n\n<h2 class=\"gb-text gbp-section__headline gb-text-31b5d21d\">Barbacoa&nbsp;Fornells \u2013 ROCAL<\/h2>\n\n\n\n<p class=\"gb-text gbp-section__text gb-text-a274be2e\">La barbacoa Fornells de ROCAL es la soluci\u00f3n definitiva para los amantes de las parrilladas a gran escala. Dise\u00f1ada con unas dimensiones generosas y una construcci\u00f3n extremadamente robusta, est\u00e1 pensada para un uso intensivo y para satisfacer a los cocineros m\u00e1s exigentes.<\/p>\n<\/div>\n\n\n\n<div class=\"gb-element-ee60d748\">\n<a href=\"https:\/\/www.llarsdefoc.cat\/es\/producte\/sigmafocus\/\"><img loading=\"lazy\" decoding=\"async\" width=\"300\" height=\"300\" class=\"gb-media-b3c9b192\" alt=\"\" src=\"https:\/\/www.llarsdefoc.cat\/wp-content\/uploads\/2025\/11\/barbacoa-sigmafocus-2.jpg\" title=\"barbacoa-sigmafocus-2\" srcset=\"https:\/\/www.llarsdefoc.cat\/wp-content\/uploads\/2025\/11\/barbacoa-sigmafocus-2.jpg 300w, https:\/\/www.llarsdefoc.cat\/wp-content\/uploads\/2025\/11\/barbacoa-sigmafocus-2-150x150.jpg 150w, https:\/\/www.llarsdefoc.cat\/wp-content\/uploads\/2025\/11\/barbacoa-sigmafocus-2-100x100.jpg 100w\" sizes=\"auto, (max-width: 300px) 100vw, 300px\" \/><\/a>\n\n\n\n<h2 class=\"gb-text gbp-section__headline gb-text-0b278e40\">Barbacoa mural Sigmafocus \u2013 FOCUS<\/h2>\n\n\n\n<p class=\"gb-text gbp-section__text gb-text-64d24024\">Sigmafocus es la expresi\u00f3n m\u00e1xima del dise\u00f1o aplicado a un elemento funcional. Creada por la prestigiosa marca FOCUS, esta barbacoa mural transforma el concepto de parrilla en una pieza de arte escult\u00f3rica que no deja a nadie indiferente.<\/p>\n<\/div>\n<\/div>\n<\/div>\n\n\n\n<div class=\"gbp-section gb-element-8a6b17d4\">\n<div class=\"gbp-section__inner gb-element-7c07c35a\">\n<div>\n<h2 class=\"gb-text gbp-section__headline gb-text-6484c24f\">BARBACOAS PARA QUEMAR MOMENTOS<\/h2>\n\n\n\n<p class=\"gb-text gbp-section__text\">La barbacoa perfecta te est\u00e1 esperando. Piensa en tu espacio, en la frecuencia con la que vas a utilizarla y en el tipo de experiencia que buscas. \u00bfTe apasiona el ritual y el sabor profundo del humo? El carb\u00f3n y la le\u00f1a son tu aliado. \u00bfValora la rapidez para organizar una cena improvisada?<\/p>\n\n\n\n<p class=\"gb-text gbp-section__text\">Sea cual sea tu elecci\u00f3n, recuerda que est\u00e1s invirtiendo en un generador de alegr\u00eda. No esperes m\u00e1s. Elige a tu compa\u00f1era ideal para este verano y convierte cualquier d\u00eda en una celebraci\u00f3n. El fuego est\u00e1 listo. \u00bfY t\u00fa?<\/p>\n\n\n\n<div class=\"gb-element-6f21ed62\">\n<a class=\"gb-text gbp-button--primary\" href=\"https:\/\/www.llarsdefoc.cat\/es\/contacto\/\">CONTACTA CON NOSOTROS<\/a>\n<\/div>\n<\/div>\n<\/div>\n<\/div>\n","protected":false},"excerpt":{"rendered":"<p>Barbacoas Cuando llega el buen tiempo, un sonido y un olor se apoderan de nuestros jardines y terrazas: el crepitar de las brasas y el aroma inconfundible de comer coci\u00e9ndose al aire libre. Las barbacoas son mucho m\u00e1s que un simple m\u00e9todo de cocci\u00f3n; es un ritual, una excusa perfecta para reunir a amigos y &#8230; <a title=\"Barbacoas\" class=\"read-more\" href=\"https:\/\/www.llarsdefoc.cat\/es\/barbacoas\/\" aria-label=\"Leer m\u00e1s sobre Barbacoas\">Leer m\u00e1s<\/a><\/p>\n","protected":false},"author":2,"featured_media":0,"parent":0,"menu_order":0,"comment_status":"closed","ping_status":"closed","template":"","meta":{"_gspb_post_css":":root{--swiper-theme-color:#007aff}.swiper,swiper-container{margin-left:auto;margin-right:auto;position:relative;overflow:hidden;list-style:none;padding:0;z-index:1;display:block}.swiper-vertical>.swiper-wrapper{flex-direction:column}.swiper-wrapper{position:relative;width:100%;height:100%;z-index:1;display:flex;transition-property:transform;box-sizing:content-box}.swiper-android .swiper-slide,.swiper-wrapper{transform:translate3d(0,0,0)}.swiper-horizontal{touch-action:pan-y}.swiper-vertical{touch-action:pan-x}.swiper .swiper-slide,swiper-slide{flex-shrink:0;width:100%;height:100%;position:relative;transition-property:transform;display:block}.swiper-slide-invisible-blank{visibility:hidden}.swiper-autoheight,.swiper-autoheight .swiper-slide{height:auto}.swiper-autoheight .swiper-wrapper{align-items:flex-start;transition-property:transform,height}.swiper-backface-hidden .swiper-slide{transform:translateZ(0);-webkit-backface-visibility:hidden;backface-visibility:hidden}.swiper-3d,.swiper-3d.swiper-css-mode .swiper-wrapper{perspective:1200px}.swiper-3d .swiper-cube-shadow,.swiper-3d .swiper-slide,.swiper-3d .swiper-slide-shadow,.swiper-3d .swiper-slide-shadow-bottom,.swiper-3d .swiper-slide-shadow-left,.swiper-3d .swiper-slide-shadow-right,.swiper-3d .swiper-slide-shadow-top,.swiper-3d .swiper-wrapper{transform-style:preserve-3d}.swiper-3d .swiper-slide-shadow,.swiper-3d .swiper-slide-shadow-bottom,.swiper-3d .swiper-slide-shadow-left,.swiper-3d .swiper-slide-shadow-right,.swiper-3d .swiper-slide-shadow-top{position:absolute;left:0;top:0;width:100%;height:100%;pointer-events:none;z-index:10}.swiper-css-mode>.swiper-wrapper{overflow:auto;scrollbar-width:none;-ms-overflow-style:none}.swiper-css-mode>.swiper-wrapper::-webkit-scrollbar{display:none}.swiper-css-mode>.swiper-wrapper>.swiper-slide{scroll-snap-align:start start}.swiper-horizontal.swiper-css-mode>.swiper-wrapper{scroll-snap-type:x mandatory}.swiper-vertical.swiper-css-mode>.swiper-wrapper{scroll-snap-type:y mandatory}.swiper-centered>.swiper-wrapper::before{content:'';flex-shrink:0;order:9999}.swiper-centered>.swiper-wrapper>.swiper-slide{scroll-snap-align:center center;scroll-snap-stop:always}.swiper-centered.swiper-horizontal>.swiper-wrapper>.swiper-slide:first-child{margin-inline-start:var(--swiper-centered-offset-before)}.swiper-centered.swiper-horizontal>.swiper-wrapper::before{height:100%;min-height:1px;width:var(--swiper-centered-offset-after)}.swiper-centered.swiper-vertical>.swiper-wrapper>.swiper-slide:first-child{margin-block-start:var(--swiper-centered-offset-before)}.swiper-centered.swiper-vertical>.swiper-wrapper::before{width:100%;min-width:1px;height:var(--swiper-centered-offset-after)}.swiper-virtual .swiper-slide{-webkit-backface-visibility:hidden;transform:translateZ(0)}.swiper-virtual.swiper-css-mode .swiper-wrapper::after{content:'';position:absolute;left:0;top:0;pointer-events:none}.swiper-virtual.swiper-css-mode.swiper-horizontal .swiper-wrapper::after{height:1px;width:var(--swiper-virtual-size)}.swiper-virtual.swiper-css-mode.swiper-vertical .swiper-wrapper::after{width:1px;height:var(--swiper-virtual-size)}:root{--swiper-navigation-size:44px}.swiper-button-next,.swiper-button-prev{position:absolute;top:50%;width:calc(var(--swiper-navigation-size)\/44*27);height:var(--swiper-navigation-size);margin-top:calc(0px - (var(--swiper-navigation-size)\/2));z-index:10;cursor:pointer;display:flex;align-items:center;justify-content:center;color:var(--swiper-navigation-color,var(--swiper-theme-color))}.swiper-button-next.swiper-button-disabled,.swiper-button-prev.swiper-button-disabled{opacity:.35;cursor:auto;pointer-events:none}.swiper-button-next.swiper-button-hidden,.swiper-button-prev.swiper-button-hidden{opacity:0;cursor:auto;pointer-events:none}.swiper-navigation-disabled .swiper-button-next,.swiper-navigation-disabled .swiper-button-prev{display:none!important}.swiper-button-next:after,.swiper-button-prev:after{font-size:var(--swiper-navigation-size);text-transform:none!important;letter-spacing:0;font-variant:initial;line-height:1}.swiper-button-prev,.swiper-rtl .swiper-button-next{left:var(--swiper-navigation-sides-offset,10px);right:auto}.swiper-button-prev:after,.swiper-rtl .swiper-button-next:after{content:'\u276e'}.swiper-button-next,.swiper-rtl .swiper-button-prev{right:var(--swiper-navigation-sides-offset,10px);left:auto}.swiper-button-next:after,.swiper-rtl .swiper-button-prev:after{content:'\u276f'}.swiper-button-lock{display:none}.swiper-pagination{position:absolute;text-align:center;transition:.3s opacity;transform:translate3d(0,0,0);z-index:10}.swiper-pagination.swiper-pagination-hidden{opacity:0}.swiper-pagination-disabled>.swiper-pagination,.swiper-pagination.swiper-pagination-disabled{display:none!important}.swiper-horizontal>.swiper-pagination-bullets,.swiper-pagination-bullets.swiper-pagination-horizontal,.swiper-pagination-custom,.swiper-pagination-fraction{bottom:var(--swiper-pagination-bottom,10px);left:0;width:100%;line-height:0}.swiper-pagination-bullet{width:var(--swiper-pagination-bullet-width,var(--swiper-pagination-bullet-size,8px));height:var(--swiper-pagination-bullet-height,var(--swiper-pagination-bullet-size,8px));display:inline-block;border-radius:var(--swiper-pagination-bullet-border-radius,50%);background:var(--swiper-pagination-bullet-inactive-color,#000);opacity:var(--swiper-pagination-bullet-inactive-opacity,.2)}button.swiper-pagination-bullet{border:0;margin:0;padding:0;box-shadow:none;-webkit-appearance:none;appearance:none}.swiper-pagination-clickable .swiper-pagination-bullet{cursor:pointer}.swiper-pagination-bullet:only-child{display:none!important}.swiper-pagination-bullet-active{opacity:var(--swiper-pagination-bullet-opacity,1);background:var(--swiper-pagination-color,var(--swiper-theme-color))}.swiper-pagination-vertical.swiper-pagination-bullets,.swiper-vertical>.swiper-pagination-bullets{right:var(--swiper-pagination-right,10px);left:var(--swiper-pagination-left,auto);top:50%;transform:translate3d(0,-50%,0)}.swiper-pagination-vertical.swiper-pagination-bullets .swiper-pagination-bullet,.swiper-vertical>.swiper-pagination-bullets .swiper-pagination-bullet{margin:var(--swiper-pagination-bullet-vertical-gap,6px) 0;display:block}.swiper-horizontal>.swiper-pagination-bullets .swiper-pagination-bullet,.swiper-pagination-horizontal.swiper-pagination-bullets .swiper-pagination-bullet{margin:0 var(--swiper-pagination-bullet-horizontal-gap,4px)}.swiper-pagination-fraction{color:var(--swiper-pagination-fraction-color,inherit)}.swiper-pagination-lock{display:none}.swiper-scrollbar,.swiper-scrollbar-drag{position:relative;border-radius:var(--swiper-scrollbar-border-radius,10px)}.swiper-scrollbar{-ms-touch-action:none;background:var(--swiper-scrollbar-bg-color,rgba(0,0,0,.1))}.swiper-scrollbar-disabled>.swiper-scrollbar,.swiper-scrollbar.swiper-scrollbar-disabled{display:none!important}.swiper-horizontal>.swiper-scrollbar,.swiper-scrollbar.swiper-scrollbar-horizontal{position:absolute;left:var(--swiper-scrollbar-sides-offset,1%);bottom:var(--swiper-scrollbar-bottom,4px);top:var(--swiper-scrollbar-top,auto);z-index:50;height:var(--swiper-scrollbar-size,4px);width:calc(100% - 2*var(--swiper-scrollbar-sides-offset,1%))}.swiper-scrollbar.swiper-scrollbar-vertical,.swiper-vertical>.swiper-scrollbar{position:absolute;left:var(--swiper-scrollbar-left,auto);right:var(--swiper-scrollbar-right,4px);top:var(--swiper-scrollbar-sides-offset,1%);z-index:50;width:var(--swiper-scrollbar-size,4px);height:calc(100% - 2*var(--swiper-scrollbar-sides-offset,1%))}.swiper-scrollbar-drag{height:100%;width:100%;background:var(--swiper-scrollbar-drag-bg-color,rgba(0,0,0,.5));left:0;top:0}.swiper-scrollbar-cursor-drag{cursor:move}.swiper-scrollbar-lock{display:none}.swiper-zoom-container{width:100%;height:100%;display:flex;justify-content:center;align-items:center;text-align:center}.swiper-zoom-container>canvas,.swiper-zoom-container>img,.swiper-zoom-container>svg{max-width:100%;max-height:100%;object-fit:contain}.swiper-slide-zoomed{cursor:move;touch-action:none}.swiper .swiper-notification,swiper-container .swiper-notification{position:absolute;left:0;top:0;pointer-events:none;opacity:0;z-index:-1000}.swiper-free-mode>.swiper-wrapper{transition-timing-function:ease-out;margin:0 auto}.swiper-cards .swiper-slide,.swiper-creative .swiper-slide{-webkit-backface-visibility:hidden;backface-visibility:hidden;overflow:hidden}.swiper-creative .swiper-slide{transition-property:transform,opacity,height}.swiper-cards{overflow:visible}.swiper-cards .swiper-slide{transform-origin:center bottom}.gspb_slider-id-gsbp-4dfa286 .swiper-slide-inner{min-height:600px;justify-content:center}.gspb_slider-id-gsbp-4dfa286{width:100%}.gspb_slider-id-gsbp-4dfa286 .swiper-button-next,.gspb_slider-id-gsbp-4dfa286 .swiper-button-prev{top:40%}.gspb_slider-id-gsbp-4dfa286 .swiper-button-prev{left:10px}.gspb_slider-id-gsbp-4dfa286 .swiper-button-next{right:10px}.gspb_slider-id-gsbp-4dfa286 .swiper-slide-inner{align-items:center}.gspb_slider-id-gsbp-4dfa286 .swiper-button-next,.gspb_slider-id-gsbp-4dfa286 .swiper-button-prev{width:66px;height:66px;line-height:66px}.gspb_slider-id-gsbp-4dfa286 .swiper-button-next:after,.gspb_slider-id-gsbp-4dfa286 .swiper-button-prev:after{font-size:26px}.gspb_slider-id-gsbp-4dfa286 .gspb-sliderlink{position:absolute;top:0;left:0;right:0;bottom:0;z-index:3}.gspb_slider-id-gsbp-4dfa286 .swiper-slide-inner>div{position:relative}.gspb_slider-id-gsbp-4dfa286 .swiper-pagination{bottom:10px!important;text-align:center!important}.gspb_slider-id-gsbp-4dfa286 .swiper-scrollbar{visibility:hidden;height:6px;display:none}.gspb_slider-id-gsbp-4dfa286 .swiper-pagination-bullet{width:8px;height:8px;border-radius:100px;transition:width .4s ease-out}.gspb_slider-id-gsbp-4dfa286 .swiper-pagination-bullet-active{width:24px}.gspb_slider-id-gsbp-4dfa286 .swiper-button-next,.gspb_slider-id-gsbp-4dfa286 .swiper-button-prev{box-shadow:20px 20px 60px #58667d5e}.gspb_slider-id-gsbp-4dfa286 .swiper-slide-inner .wp-block,.gspb_slider-id-gsbp-4dfa286 .swiper-slide-inner.wp-block{max-width:100%}.gspb_slider-id-gsbp-4dfa286 .slider-image-wrapper{top:0;left:0;right:0;bottom:0;position:absolute!important;z-index:0;height:100%;width:100%;overflow:hidden}.gspb_slider-id-gsbp-4dfa286 .slider-image-wrapper img{width:100%;height:100%}.gspb_sliderinner-id-gsbp-a4feb7a .slider-overlaybg{position:absolute!important;top:0;left:0;right:0;bottom:0;background-color:#000000cf;z-index:1;opacity:.5}.gspb_sliderinner-id-gsbp-a4feb7a .slider-content-zone{z-index:2;position:relative}.gspb_sliderinner-id-gsbp-a4feb7a .slider-image-wrapper img{object-position:center center;object-fit:contain}.gspb_sliderinner-id-gsbp-166b327,.gspb_sliderinner-id-gsbp-a4feb7a{background-size:contain;display:flex;box-sizing:border-box;background-repeat:no-repeat}","footnotes":""},"class_list":["post-50314","page","type-page","status-publish"],"_links":{"self":[{"href":"https:\/\/www.llarsdefoc.cat\/es\/wp-json\/wp\/v2\/pages\/50314","targetHints":{"allow":["GET"]}}],"collection":[{"href":"https:\/\/www.llarsdefoc.cat\/es\/wp-json\/wp\/v2\/pages"}],"about":[{"href":"https:\/\/www.llarsdefoc.cat\/es\/wp-json\/wp\/v2\/types\/page"}],"author":[{"embeddable":true,"href":"https:\/\/www.llarsdefoc.cat\/es\/wp-json\/wp\/v2\/users\/2"}],"replies":[{"embeddable":true,"href":"https:\/\/www.llarsdefoc.cat\/es\/wp-json\/wp\/v2\/comments?post=50314"}],"version-history":[{"count":0,"href":"https:\/\/www.llarsdefoc.cat\/es\/wp-json\/wp\/v2\/pages\/50314\/revisions"}],"wp:attachment":[{"href":"https:\/\/www.llarsdefoc.cat\/es\/wp-json\/wp\/v2\/media?parent=50314"}],"curies":[{"name":"wp","href":"https:\/\/api.w.org\/{rel}","templated":true}]}}