{"id":50321,"date":"2025-11-26T02:27:49","date_gmt":"2025-11-26T01:27:49","guid":{"rendered":"https:\/\/www.llarsdefoc.cat\/politica-de-privacidad\/"},"modified":"2025-12-11T14:08:47","modified_gmt":"2025-12-11T13:08:47","slug":"politica-de-privacidad","status":"publish","type":"page","link":"https:\/\/www.llarsdefoc.cat\/es\/politica-de-privacidad\/","title":{"rendered":"Pol\u00edtica de Privacidad"},"content":{"rendered":"\n<div class=\"gbp-section gb-element-6ff7fb4a\">\n<div class=\"gbp-section__inner gb-element-d81cf723\">\n<div class=\"gb-element-59ca433f\">\n<p><strong>Informaci\u00f3n b\u00e1sica sobre Protecci\u00f3n de Datos<\/strong><\/p>\n<p><strong>Responsable:<\/strong> Met\u00e0l\u00b7liques Xicola SL.<br \/><strong>Finalidad:\u00a0<\/strong>Prestaci\u00f3n de Servicios Online, Prestaci\u00f3n de Servicios Online, Gesti\u00f3n nuestros servicios<br \/><strong>Legitimaci\u00f3n:\u00a0<\/strong>Consentimiento expreso e inter\u00e9s leg\u00edtimo<br \/><strong>Destinatario:<\/strong>\u00a0No se ceden datos a terceros, salvo obligaci\u00f3n legal<br \/><strong>Derechos:\u00a0<\/strong>Acceder, rectificar y suprimir adicional\u00a0<br \/><strong>Informaci\u00f3n adicional:<\/strong> Puede consultar la informaci\u00f3n adicional y detallada sobre Protecci\u00f3n de Datos en las cl\u00e1usulas anexas que se encuentran en nuestra <a href=\"https:\/\/www.llarsdefoc.cat\/es\/politica-de-privacidad\/\">politica de privacidad<\/a>.<\/p>\n<p>En Met\u00e0l\u00b7liques Xicola SL trabajamos para ofrecerte a trav\u00e9s de nuestros productos En algunos casos, es necesario recabar la informaci\u00f3n para conseguirlo. Nos importa tu privacidad y creemos que debemos ser transparentes al respecto.<\/p>\n<p>Hemos adoptado los niveles de seguridad de protecci\u00f3n de los Datos Personales legalmente requeridos, y procuramos instalar aquellos otros medios y medidas t\u00e9cnicas adicionales a su alcance para evitar la p\u00e9rdida, mal uso, alteraci\u00f3n, acceso no autorizado y robo de los Datos Personales que nos haga SL no es responsable de hipot\u00e9ticos da\u00f1os o perjuicios que pudieran derivarse de interferencias, omisiones, interrupciones, virus inform\u00e1ticos, aver\u00edas telef\u00f3nicas o desconexiones en el funcionamiento operativo de este sistema electr\u00f3nico, motivadas por causas ajenas a Met\u00e0l\u00b7liques Xicola SL; de retrasos o bloqueos en el uso del presente sistema electr\u00f3nico causados \u200b\u200bpor deficiencias o sobrecargas de l\u00edneas telef\u00f3nicas o sobrecargas en el Centro de Procesamientos de datos, en el sistema de Internet o en otros sistemas electr\u00f3nicos, as\u00ed como de da\u00f1os que puedan ser causados \u200b\u200bpor terceras personas mediante intromisiones ileg\u00edtimas fuera del control de Met\u00e0l\u00b7liques Xicola SL. Esto, sin embargo, el usuario debe ser consciente de que las medidas de seguridad en Internet no son inexpugnables.<\/p>\n<p>Nuestro compromiso comienza por explicarte lo siguiente:<\/p>\n<p>\u2022 Somos transparentes con relaci\u00f3n a los datos que obtenemos sobre ti y la raz\u00f3n por la que lo hacemos.<br \/>\u2022 Se recogen tus datos para que la experiencia de usuario mejore. ofrecer la mejor experiencia posible. Por eso, cuando utilizamos informaci\u00f3n personal lo hacemos siempre cumpliendo la normativa Europea y pidiendo el consentimiento.<br \/>\u2022 Entendemos que los datos pertenecen al usuario y es este el motivo por el que nos puede pedir en cualquier momento que dejemos de tratarlos.<br \/>\u2022 Si deseas obtener m\u00e1s informaci\u00f3n sobre el tratamiento de tus datos, consulta los diferentes apartados de la pol\u00edtica de continuaci\u00f3n:<\/p>\n<p><strong>Pol\u00edtica de Privacidad<\/strong><\/p>\n<p>La presente pol\u00edtica de privacidad ha sido elaborada de conformidad con lo establecido en el\u00a0<a href=\"https:\/\/www.boe.es\/doue\/2016\/119\/L00001-00088.pdf\" target=\"_blank\" rel=\"noopener\">Reglamento General de Protecci\u00f3n de Datos, EU 2016\/679<\/a> (en adelante, RGPD) y en el \u00a0(en adelante, LOPDGDD).\u00a0En esta pol\u00edtica de privacidad te explicaremos 1) qu\u00e9 datos personales procesamos y almacenamos cuando navegas a trav\u00e9s de nuestra web o compras alguno de nuestros productos o compras alguno de nuestros productos motivo por el que recogemos estos datos.<\/p>\n<p><strong>\u00bfQui\u00e9n es el Responsable del tratamiento de los datos Personales?<\/strong><\/p>\n<p>En virtud de lo que se establece en el art\u00edculo 4.7 del RGPD, el responsable del tratamiento de datos personales en esta p\u00e1gina web es Met\u00e0l\u00b7liques Xicola SL. A continuaci\u00f3n, se detallan los datos de identificaci\u00f3n y contacto del responsable del tratamiento de datos personales en esta p\u00e1gina web:<\/p>\n<p>Met\u00e0l\u00b7liques Xicola SL<br \/><strong>B55227623<br \/>Calle Vidreres, 61 \u2013 17412 Ma\u00e7anet de la Selva<br \/>674469866<br \/><a href=\"mailto:metal.liquesxicola@gmail.com\">metal.liquesxicola@gmail.com<\/a><br \/><\/strong><br \/>Si tienes cualquier duda sobre el procesamiento de tus datos personales o quieres ejercer tus derechos, puedes contactar con el responsable v\u00eda correo postal o v\u00eda correo electr\u00f3nico en las direcciones anteriormente indicadas.<\/p>\n<h2>\u00bfQu\u00e9 datos personales recopilamos en los Formularios de contacto, llamadas telef\u00f3nicas y correos electr\u00f3nicos?<\/h2>\n<p>Si decides rellenar alguno de los formularios de contacto disponibles en nuestra p\u00e1gina web o bien, si contactas con nosotros mediante llamada telef\u00f3nica o correo electr\u00f3nico, quiz\u00e1s nos debas facilitis una serie de datos personales que recopilaremos y almacenamos para poder dar respuesta a tu consulta, reclamaci\u00f3n o solicitud. Estos datos personales ser\u00edan las siguientes:<\/p>\n<ul>\n<li>Nombre y apellidos<\/li>\n<li>Tel\u00e9fono de contacto.<\/li>\n<li>Correo electr\u00f3nico.<\/li>\n<li>Direcci\u00f3n postal.<\/li>\n<\/ul>\n<p>Cualquier otro dato personal que decidas facilitarnos mediante el formulario de contacto. Almacenaremos estos datos hasta que nos solicites su destrucci\u00f3n, revoques tu consentimiento para el tratamiento de estos datos o expire el motivo por el cual se recopilaron.<\/p>\n<p>El procesamiento de estos datos personales se basa exclusivamente en tu consentimiento (Arte. 6.1.a del RGPD). Tienes derecho a revocar tu consentimiento en cualquier momento, para lo cual basta con que nos lo hagas saber v\u00eda corr\u00e9is electr\u00f3nico a la direcci\u00f3n <a href=\"mailto:metal.liquesxicola@gmail.com\">metal.liquesxicola@gmail.com<\/a>, o v\u00eda corr\u00e1is postal a la direcci\u00f3n Calle Vidreres, 61 \u2013 17412 Ma\u00e7anet de la Selva (en cualquier caso, ser\u00e1 necesario que acredites tu identidad aportante fotocopia de tu DNI, NIE o Pasaporte).<\/p>\n<h2>Servicios\/Herramientas de Google<\/h2>\n<p>Nuestra web utiliza los siguientes servicios ofrecidos por Google Ireland Limited, Gordon House, Barrow Street, Dubl\u00edn 4, Irlanda (de ahora en adelante Google):<\/p>\n<p>Google Analytics: Servicio\/herramienta que nos permite analizar tu actividad dentro de nuestra web (la duraci\u00f3n de tu vista y por d\u00f3nde has navegado). Para lo cual, Google utiliza cookies que recogen y almacenan la siguiente informaci\u00f3n:<\/p>\n<p>\u2013 Direcci\u00f3n IP.<br \/>\u2013 Sistema operativo, navegador y tipo de dispositivo que has utilizar para entrar a nuestra web.<br \/>\u2013 Idioma con el que navegas.<br \/>\u2013 Fecha y hora de tu visita a nuestra web.<br \/>\u2013 Tu actividad en nuestra web.<\/p>\n<p>Estas cookies suelen caducar a los 30 d\u00edas y no est\u00e1n destinadas a identificarte personalmente, pero permiten que Google eval\u00fae el uso de los visitantes de la p\u00e1gina web, compilando informes sobre la actividad de la p\u00e1gina web para los operadores y para proporcionar otros servicios relacionados con la actividad de la p\u00e1gina web y uso de internet al proveedor de la p\u00e1gina.<\/p>\n<p>\u2013 Google se reserva el derecho de almacenar y tratar datos personales de los usuarios en cualquier pa\u00eds en el cual Google o cualquiera de sus Subencarregats del tratamiento de datos mantenga instalaciones. Por lo tanto, tenemos que advertirte que puede producirse una transferencia internacional de datos personales.<\/p>\n<p>\u2013 Los datos que nos facilita Google a trav\u00e9s de estas herramientas o servicios son meramente estad\u00edsticos y no nos permiten sacar ninguna conclusi\u00f3n sobre la identidad de los usuarios, de forma que la informaci\u00f3n que obtenemos como operadores de esta p\u00e1gina web es totalmente an\u00f3nima.<\/p>\n<p>\u2013 El uso de los servicios o herramientas de Google anteriormente descritos se realiza exclusivamente en base al art\u00edculo 6.1.a) del RGPD. Esto es el consentimiento expreso de nuestros visitantes.<\/p>\n<p>\u2013 Si deseas m\u00e1s informaci\u00f3n sobre la finalidad y el alcance de la recogida y el tratamiento de datos por parte de Google, puedes consultar:<br \/>\u201cC\u00f3mo utiliza Google la informaci\u00f3n de sitios web o aplicaciones que utilizan nuestros servicios\u201d, en el siguiente link La pol\u00edtica de privacidad de Google, disponible aqu\u00ed.<\/p>\n<p>\u2013 Google ha desarrollado un complemento de inhabilitaci\u00f3n para el JavaScript de Google que impide la recopilaci\u00f3n y uso de tus datos. Si quieres evitar que Google utilice tus datos tienes que descargar e instalar el complemento disponible en el siguiente enlace.<\/p>\n<p>Tambi\u00e9n puedes evitar que Google recopile tus datos configurando tu navegador, desde la opci\u00f3n de ajustes, para que no almacene cookies de terceros o para que bloquee las cookies de seguimiento de conversiones.<\/p>\n<p>Si tienes una cuenta Google, desde el panel de control de tu cuenta puedes consultar y modificar determinadas categor\u00edas de datos asociados a tu cuenta de Google (personalizaci\u00f3n de anuncios, elecci\u00f3n de actividades que quieres que se almacenen en una *cookie o tecnolog\u00eda similar cuando utilizas alg\u00fan servicio de Google si haber iniciado sesi\u00f3n en tu cuenta, controlar con qui\u00e9n compartes informaci\u00f3n de tu cuenta, etc.)<\/p>\n<h2>Cesi\u00f3n de datos a terceros:<\/h2>\n<p>En algunos casos, solo cuando sea necesario, Met\u00e0l\u00b7liques Xicola SL proporcionar\u00e1 datos de los usuarios a terceros. Sin embargo, nunca se vender\u00e1n los datos a terceros. Los proveedores de servicios externos (por ejemplo, proveedores de pago o empresas de reparto) con los cuales Met\u00e0l\u00b7liques Xicola SL trabaje pueden usar los datos para proporcionar los servicios correspondientes, sin embargo, no usar\u00e1n esta informaci\u00f3n para hasta propios o para cesi\u00f3n a terceros.<\/p>\n<p>Met\u00e0l\u00b7liques Xicola SL procura garantizar la seguridad de los datos personales cuando se env\u00edan fuera de la empresa se asegura que los terceros proveedores de servicio respetan la confidencialidad y cuentan con las medidas adecuadas para proteger los datos personales. Dichos terceros tienen la obligaci\u00f3n de garantizar que la informaci\u00f3n se trata conforme con la normativa de privacidad de datos.<\/p>\n<p>En algunos casos, la ley puede exigir as revelen datos personales a organismos p\u00fablicos u otras partes, solo se revelar\u00e1 la estrictamente necesario para el cumplimiento de estas obligaciones legales.<\/p>\n<h2>Cookies:<\/h2>\n<p>Esta p\u00e1gina web utiliza cookies. Las Cookies son peque\u00f1os archivos de texto que se almacenan en tu navegador para los siguientes fines:<br \/>\u2013 Habilitar la reproducci\u00f3n de contenido y funcionalidades de la web.<br \/>\u2013 Mejorar la experiencia de navegaci\u00f3n de los usuarios.<br \/>\u2013 Analizar el uso de nuestra p\u00e1gina web para mejorar nuestros servicios y productos.<br \/>\u2013 Personalizar contenido y publicidad.<br \/>\u2013 Mejorar la seguridad de nuestra web<\/p>\n<p>Si deseas consultar m\u00e1s informaci\u00f3n sobre el uso de Cookies en nuestra p\u00e1gina web consulta nuestra <a href=\"https:\/\/www.llarsdefoc.cat\/es\/politica-de-cookies\/\">pol\u00edtica de Cookies<\/a>. A Met\u00e0l\u00b7liques Xicola SL tratamos la informaci\u00f3n que nos facilitan las personas interesadas con las siguientes finalidades:<\/p>\n<p>\u2022 Gestionar pedidos o contratar alguno de nuestros servicios, sea en l\u00ednea o a las tiendas f\u00edsicas.<br \/>\u2022 Gestionar el env\u00edo de la informaci\u00f3n que nos soliciten.<br \/>\u2022 Desarrollar acciones comerciales y realizar el mantenimiento y gesti\u00f3n de la relaci\u00f3n con el usuario, as\u00ed como la gesti\u00f3n de los servicios ofrecidos a trav\u00e9s del sitio web y las tareas de informaci\u00f3n, pudiendo realizar valoraciones autom\u00e1ticas, obtenci\u00f3n de perfiles y tareas de segmentaci\u00f3n de los clientes con el objeto de personalizar el tratamiento conforme a sus caracter\u00edsticas y necesidades y mejor la experiencia en l\u00ednea del cliente.<br \/>\u2022 Desarrollar y gestionar los concursos, sorteos u otras actividades promocionales que se puedan organizar.<br \/>\u2022 En algunos casos ser\u00e1 necesario facilitar informaci\u00f3n a las Autoridades o terceras empresas por motivos de auditor\u00eda, as\u00ed como manejar datos personales de facturas, contratos y documentos para responder a reclamaciones de clientes o de las Administraciones P\u00fablicas.<br \/>Informamos que los datos personales que se obtengan como consecuencia de tu registro como usuario formar\u00e1n parte del Registro de Actividades y operaciones de Tratamiento (RAT), que se actualizar\u00e1 peri\u00f3dicamente de acuerdo con el establecido al RGPD.<\/p>\n<h2>\u00bfQu\u00e9 es la legitimaci\u00f3n por el tratamiento de tus datos?<\/h2>\n<p>El tratamiento de tus datos puede fundamentarse en las siguientes bases legales:<\/p>\n<p>\u2013 Consentimiento del interesado para la contrataci\u00f3n de servicios y productos, por los formularios de contacto, las solicitudes de informaci\u00f3n o alta a newsletters.<br \/>\u2013 Inter\u00e9s leg\u00edtimo por el tratamiento de datos de nuestros clientes en acciones de m\u00e1rketing directo y consentimiento expreso del interesado por todo el relativo a las valoraciones autom\u00e1ticas y elaboraci\u00f3n de perfiles.<br \/>\u2013 Cumplimiento de obligaciones legales por prevenci\u00f3n del fraude, comunicaci\u00f3n con Autoridades p\u00fablicas y reclamaciones de terceros.<\/p>\n<h2>\u00bfCu\u00e1nto tiempo conservamos tus datos?<\/h2>\n<p>El tratamiento de los datos con las finalidades descritas se mantendr\u00e1 durante el tiempo necesario para cumplir con el fin de su recogida (por ejemplo, mientras dure la relaci\u00f3n comercial), as\u00ed como por el cumplimiento de las obligaciones legales que se deriven del tratamiento de los datos.<\/p>\n<h2>\u00bfA qu\u00e9 destinatarios se comunican tus datos?<\/h2>\n<p>En algunos casos, solo cuando sea necesario, Met\u00e0l\u00b7liques Xicola SL proporcionar\u00e1 datos de los usuarios a terceros. Sin embargo, nunca se vender\u00e1n los datos a terceros. Los proveedores de servicios externos (por ejemplo, proveedores de pago o empresas de reparto con los que Met\u00e0l\u00b7liques Xicola SL trabaje pueden utilizar los datos para proporcionar los servicios correspondientes, sin perjuicio de esto, no utilizar\u00e1n la informaci\u00f3n por finalidades propias o por cesi\u00f3n a terceros.<\/p>\n<p>Met\u00e0l\u00b7liques Xicola SL procura garantizar la seguridad de los datos personales cuando se env\u00edan fuera de la empresa y se asegura que los terceros proveedores del servicio respetan la confidencialidad y cuentan con las medidas adecuadas para proteger los datos personales. Estos terceros tienen la obligaci\u00f3n de garantizar que la informaci\u00f3n se trata conforme con la normativa de privacidad de datos. En algunos casos, la ley puede exigir que se revelen datos personales a organismos p\u00fablicos u otras partes, solo se revelar\u00e1 el estrictamente necesario para el cumplimiento de estas obligaciones legales.<\/p>\n<h2>\u00bfDonde se almacenan tus datos?<\/h2>\n<p>Con car\u00e1cter general, los datos se almacenan dentro de la UE. Los datos que se env\u00eden a terceros que no pertenezcan en la UE, nos aseguraremos que ofrezcan un nivel de protecci\u00f3n suficiente y cuentan con Normas Corporativas Vinculantes (BCR). Los datos facilitados en la WEB se almacenan a los servidores de Nominalia Internet NIF B61553327 en Barcelona C\/Josep Pla 2 \u2013 Torres Diagonal Litoral B3.<\/p>\n<h2>Qu\u00e9 derechos te asisten y como puedes ejercerlos?<\/h2>\n<p>Puedes dirigir tus comunicaciones y ejercitar tus derechos mediante una petici\u00f3n en el siguiente correo electr\u00f3nico: <a href=\"mailto:metal.liquesxicola@gmail.com\">metal.liquesxicola@gmail.com<\/a>.\u00a0En virtud del que establece el RGPD puede solicitar:<\/p>\n<p>\u2022 Derecho de acceso: puede pedir informaci\u00f3n de aquellos datos personales suyos que dispongamos.<br \/>\u2022 Derecho de rectificaci\u00f3n: puede comunicar cualquier cambio en sus datos personales.<br \/>\u2022 Derecho de supresi\u00f3n y al olvido: puede solicitar la eliminaci\u00f3n previo bloqueo de los datos personales.<br \/>\u2022 Derecho de limitaci\u00f3n al tratamiento: supone la restricci\u00f3n del tratamiento de los datos personales.<br \/>\u2022 Derecho de oposici\u00f3n: puede retirar el consentimiento del tratamiento de los datos, oponi\u00e9ndose al hecho que se contin\u00faen tratando.<br \/>\u2022 Derecho a la portabilidad: en algunos casos, puede pedir una copia de los datos personales en un formato estructurado, de uso com\u00fan y lectura mec\u00e1nica para su transmisi\u00f3n a otro responsable.<br \/>\u2022 Derecho a no ser objeto de decisiones individualizadas: puede solicitar que no se tomen decisiones que se basen \u00fanicamente en el tratamiento automatizado, incluyendo la elaboraci\u00f3n de perfiles, que produzca efectos jur\u00eddicos o afecte significativamente el interesado.<\/p>\n<p>En algunos casos, puede ser que para el cumplimiento de obligaciones legales no podamos eliminar la totalidad de tus datos personales. As\u00ed mismo, si tienes alguna queja sobre el tratamiento de los datos puedes presentar una reclamaci\u00f3n a la autoridad de protecci\u00f3n de datos. Para mayor informaci\u00f3n puedes consultar el siguiente link:<\/p>\n<h2>Qui\u00e9n es el responsable de la exactitud y veracidad de los datos facilitados?<\/h2>\n<p>El usuario esl\u2019\u00fanico responsable de la veracidad y correcci\u00f3n de los datos incluidos, exonerando a Met\u00e1licas *Xicola SL de cualquier responsabilidad sobre este tema. Los usuarios garantizan y responden, en cualquier caso, de la exactitud, vigencia y autenticidad de los datos personales facilitados, y se comprometen a mantenerlos debidamente actualizados. El usuario acepta proporcionar informaci\u00f3n completa y correcta en el formulario de registro o suscripci\u00f3n. Met\u00e1licas *Xicola SL se reserva el derecho de finalizar los servicios contratados que se hubiera celebrado con los usuarios, en caso de que los datos que haya facilitado sean falsos, incompletos, inexactos o no est\u00e9n actualizados.<\/p>\n<p>Met\u00e0l\u00b7liques Xicola SL no responde de la veracidad de las informaciones que no sean de elaboraci\u00f3n propia y de las cuales se indique otra fuente, por lo cual tampoco asume ninguna responsabilidad en cuanto a hipot\u00e9ticos perjuicios que pudieran originarse por el uso de esta informaci\u00f3n.<\/p>\n<p>Met\u00e0l\u00b7liques Xicola SL se reserva el derecho de actualizar, modificar o eliminar la informaci\u00f3n contenida en sus p\u00e1ginas web pudiendo incluso limitar o no permitir el acceso a esta informaci\u00f3n. Se exonera a Met\u00e0l\u00b7liques Xicola SL de responsabilidad ante cualquier mal o perjuicio que pudiera sufrir el usuario a consecuencia de errores, defectos u omisiones, en la informaci\u00f3n facilitada por Met\u00e0l\u00b7liques Xicola SL siempre que proceda de fuentes ajenas a esta. As\u00ed mismo, el usuario certifica que es mayor de 14 a\u00f1os y que posee la capacidad legal necesaria para la prestaci\u00f3n del consentimiento en cuanto al tratamiento de sus datos de car\u00e1cter personal.<\/p>\n<h2>C\u00f3mo tratamos los datos personales de los menores de edad?<\/h2>\n<p>En principio nuestros servicios no van dirigidos espec\u00edficamente a menores de edad. Sin embargo, en el supuesto de que alguno de ellos se dirija a menores de catorce a\u00f1os, de conformidad con el art\u00edculo 8 del RGPD y el art\u00edculo 7 de la LO3\/2018, de 5 de diciembre (LOPDGDD), Met\u00e0l\u00b7liques Xicola SL el consentimiento v\u00e1lido, libre, inequ\u00edvoco, espec\u00edfico e informado de sus tutores legales para tratar los datos personales de los menores. En este caso, se exigir\u00e1 el DNI u otra forma de identificaci\u00f3n de quien preste el consentimiento.En el caso de mayores de catorce a\u00f1os podr\u00e1 procederse al tratamiento de los datos con el consentimiento del usuario, exceptuando aquellos casos en los cuales la Ley exija la asistencia de los titulares de la patria potestad o tutela.\u00a0<\/p>\n<h2>Enlaces en otras p\u00e1ginas web<\/h2>\n<p>En el sitio web <a href=\"https:\/\/www.llarsdefoc.cat\/es\/\">https:\/\/www.llarsdefoc.cat<\/a> puede haber enlaces en otras p\u00e1ginas web. Al clicar en uno de estos enlaces y acceder a un sitio web externo, la visita estar\u00e1 sujeta a la pol\u00edtica de privacidad de este sitio web, quedando Met\u00e0l\u00b7liques Xicola SL desvinculada de cualquier tipo de responsabilidad sobre su pol\u00edtica de privacidad.<\/p>\n<h2>\u00bfPuede modificarse la pol\u00edtica de privacidad?<\/h2>\n<p>Los textos legales de esta web han sido redactados por Qualgest, emprendida protecci\u00f3n de datos. Esta pol\u00edtica de privacidad puede modificarse. Le recomendamos que revise la pol\u00edtica de privacidad con cierta periodicidad.<\/p>\n<\/div>\n<\/div>\n<\/div>\n","protected":false},"excerpt":{"rendered":"<p>Informaci\u00f3n b\u00e1sica sobre Protecci\u00f3n de Datos Responsable: Met\u00e0l\u00b7liques Xicola SL.Finalidad:\u00a0Prestaci\u00f3n de Servicios Online, Prestaci\u00f3n de Servicios Online, Gesti\u00f3n nuestros serviciosLegitimaci\u00f3n:\u00a0Consentimiento expreso e inter\u00e9s leg\u00edtimoDestinatario:\u00a0No se ceden datos a terceros, salvo obligaci\u00f3n legalDerechos:\u00a0Acceder, rectificar y suprimir adicional\u00a0Informaci\u00f3n adicional: Puede consultar la informaci\u00f3n adicional y detallada sobre Protecci\u00f3n de Datos en las cl\u00e1usulas anexas que se encuentran &#8230; <a title=\"Pol\u00edtica de Privacidad\" class=\"read-more\" href=\"https:\/\/www.llarsdefoc.cat\/es\/politica-de-privacidad\/\" aria-label=\"Leer m\u00e1s sobre Pol\u00edtica de Privacidad\">Leer m\u00e1s<\/a><\/p>\n","protected":false},"author":2,"featured_media":0,"parent":0,"menu_order":0,"comment_status":"closed","ping_status":"closed","template":"","meta":{"_gspb_post_css":"","footnotes":""},"class_list":["post-50321","page","type-page","status-publish"],"_links":{"self":[{"href":"https:\/\/www.llarsdefoc.cat\/es\/wp-json\/wp\/v2\/pages\/50321","targetHints":{"allow":["GET"]}}],"collection":[{"href":"https:\/\/www.llarsdefoc.cat\/es\/wp-json\/wp\/v2\/pages"}],"about":[{"href":"https:\/\/www.llarsdefoc.cat\/es\/wp-json\/wp\/v2\/types\/page"}],"author":[{"embeddable":true,"href":"https:\/\/www.llarsdefoc.cat\/es\/wp-json\/wp\/v2\/users\/2"}],"replies":[{"embeddable":true,"href":"https:\/\/www.llarsdefoc.cat\/es\/wp-json\/wp\/v2\/comments?post=50321"}],"version-history":[{"count":0,"href":"https:\/\/www.llarsdefoc.cat\/es\/wp-json\/wp\/v2\/pages\/50321\/revisions"}],"wp:attachment":[{"href":"https:\/\/www.llarsdefoc.cat\/es\/wp-json\/wp\/v2\/media?parent=50321"}],"curies":[{"name":"wp","href":"https:\/\/api.w.org\/{rel}","templated":true}]}}