{"id":50327,"date":"2025-11-19T23:50:40","date_gmt":"2025-11-19T22:50:40","guid":{"rendered":"https:\/\/www.llarsdefoc.cat\/insertables\/"},"modified":"2025-12-12T13:23:35","modified_gmt":"2025-12-12T12:23:35","slug":"chimeneas-insertables","status":"publish","type":"page","link":"https:\/\/www.llarsdefoc.cat\/es\/chimeneas-insertables\/","title":{"rendered":"Chimeneas insertables"},"content":{"rendered":"\n<div class=\"gbp-section gb-element-60169c38\">\n<div class=\"gbp-section__inner gb-element-d91ad5ab\">\n<div>\n<h1 class=\"gb-text gbp-section__headline gb-text-36ab1eb4\">Chimeneas Insertables<\/h1>\n<\/div>\n<\/div>\n<\/div>\n\n\n\n<div class=\"gbp-section gb-element-230a4381\">\n<div class=\"gbp-section__inner gb-element-f5f44a90\">\n<div class=\"gb-element-2114d7ac\">\n<p class=\"gb-text gbp-section__text\">Muchos hogares conservan el encanto de una chimenea abierta tradicional, pero sufren sus grandes inconvenientes:&nbsp;<strong>una enorme p\u00e9rdida de calor, corrientes de aire y exceso de humo<\/strong>. Las chimeneas insertables son la soluci\u00f3n definitiva para transformar estas chimeneas antiguas en sistemas de calefacci\u00f3n modernos y altamente eficientes. Su instalaci\u00f3n, adem\u00e1s, es sorprendentemente r\u00e1pida y limpia, lo que permite renovar el espacio en muy poco tiempo.<\/p>\n\n\n\n<p class=\"gb-text gbp-section__text\">El cambio de rendimiento es espectacular. <strong>Una chimenea insertable puede multiplicar por cuatro o cinco el aprovechamiento t\u00e9rmico<\/strong>, pasando de una eficiencia de un 15-20% a m\u00e1s de un 75%. Esto significa mucho m\u00e1s calor con un consumo de le\u00f1a dr\u00e1sticamente inferior. Gracias a su c\u00e1mara de combusti\u00f3n cerrada, <strong>se eliminan los riesgos de chispas y la salida de humo<\/strong>. Adem\u00e1s, la transformaci\u00f3n est\u00e9tica es evidente: los nuevos dise\u00f1os ofrecen una visi\u00f3n panor\u00e1mica del fuego mucho m\u00e1s amplia, aportando un toque moderno y elegante a cualquier ambiente. <em>Muchos modelos incorporan ventiladores para distribuir el calor de forma homog\u00e9nea y sistemas de doble combusti\u00f3n<\/em>\u00a0para una quemadura m\u00e1s ecol\u00f3gica.<\/p>\n\n\n\n<p class=\"gb-text gbp-section__text\">En definitiva, instalar una chimenea insertable es la decisi\u00f3n m\u00e1s inteligente para dar una nueva vida a tu chimenea. <strong>Se convierte en un punto focal totalmente renovado<\/strong>&nbsp;que combina el encanto del fuego de siempre con la seguridad, la potencia y el ahorro de un sistema de calefacci\u00f3n.<\/p>\n<\/div>\n<\/div>\n<\/div>\n\n\n\n<div class=\"gbp-section gb-element-df05eb49\">\n<div class=\"gbp-section__inner gb-element-d73e5244\">\n<div class=\"gb-element-b60bd5b0\">\n<a href=\"https:\/\/www.llarsdefoc.cat\/es\/producte\/chimenea-insertable-arc-70\/\"><img loading=\"lazy\" decoding=\"async\" width=\"270\" height=\"400\" class=\"gb-media-905f1ab1\" alt=\"Chimenea insertable ARc 70\" src=\"https:\/\/www.llarsdefoc.cat\/wp-content\/uploads\/2021\/02\/ARc70-graffiti.jpg\" title=\"ARc70-graffiti\" srcset=\"https:\/\/www.llarsdefoc.cat\/wp-content\/uploads\/2021\/02\/ARc70-graffiti.jpg 270w, https:\/\/www.llarsdefoc.cat\/wp-content\/uploads\/2021\/02\/ARc70-graffiti-203x300.jpg 203w\" sizes=\"auto, (max-width: 270px) 100vw, 270px\" \/><\/a>\n\n\n\n<h2 class=\"gb-text gbp-section__headline gb-text-d8b007a8\">ARc 70<\/h2>\n\n\n\n<figure style=\"font-size:16px\" class=\"wp-block-table\"><table class=\"has-base-background-color has-background has-fixed-layout\"><tbody><tr><td>Peso: 97 Kg<\/td><\/tr><tr><td>Pot\u00e8ncia: 8 kw<\/td><\/tr><tr><td>Tub sortida fums:  mm<\/td><\/tr><tr><td>Mida troncs: 55 cm<\/td><\/tr><tr><td>Precio: 1.985 \u20ac<\/td><\/tr><\/tbody><\/table><\/figure>\n<\/div>\n\n\n\n<div class=\"gb-element-a99bf73d\">\n<a href=\"https:\/\/www.llarsdefoc.cat\/es\/producte\/chimenea-insertable-arc-70-a\/\"><img loading=\"lazy\" decoding=\"async\" width=\"270\" height=\"400\" class=\"gb-media-de3fff28\" alt=\"Chimenea insertable ARc 70 A\" src=\"https:\/\/www.llarsdefoc.cat\/wp-content\/uploads\/2021\/02\/ARc70A-graffitti.jpg\" title=\"ARc70A-graffitti\" srcset=\"https:\/\/www.llarsdefoc.cat\/wp-content\/uploads\/2021\/02\/ARc70A-graffitti.jpg 270w, https:\/\/www.llarsdefoc.cat\/wp-content\/uploads\/2021\/02\/ARc70A-graffitti-203x300.jpg 203w\" sizes=\"auto, (max-width: 270px) 100vw, 270px\" \/><\/a>\n\n\n\n<h2 class=\"gb-text gbp-section__headline gb-text-31f3fae9\">ARc 70 A<\/h2>\n\n\n\n<figure style=\"font-size:16px\" class=\"wp-block-table\"><table class=\"has-base-background-color has-background has-fixed-layout\"><tbody><tr><td>Pes: 103 Kg<\/td><\/tr><tr><td>Pot\u00e8ncia: 8 kw<\/td><\/tr><tr><td>Tub sortida fums: mm<\/td><\/tr><tr><td>Mida troncs: 55 cm<\/td><\/tr><tr><td>Preu: 2.035 \u20ac<\/td><\/tr><\/tbody><\/table><\/figure>\n<\/div>\n\n\n\n<div class=\"gb-element-ff107c67\">\n<a href=\"https:\/\/www.llarsdefoc.cat\/es\/producte\/chimenea-insertable-arc-70-a\/\"><img loading=\"lazy\" decoding=\"async\" width=\"270\" height=\"399\" class=\"gb-media-5b550f84\" alt=\"\" src=\"https:\/\/www.llarsdefoc.cat\/wp-content\/uploads\/2021\/02\/ARc-70-conico_b-2.jpg\" title=\"ARc-70-conico_b\" srcset=\"https:\/\/www.llarsdefoc.cat\/wp-content\/uploads\/2021\/02\/ARc-70-conico_b-2.jpg 270w, https:\/\/www.llarsdefoc.cat\/wp-content\/uploads\/2021\/02\/ARc-70-conico_b-2-203x300.jpg 203w\" sizes=\"auto, (max-width: 270px) 100vw, 270px\" \/><\/a>\n\n\n\n<h2 class=\"gb-text gbp-section__headline gb-text-31b5d21d\">ARc 70 C<\/h2>\n\n\n\n<figure style=\"font-size:16px\" class=\"wp-block-table\"><table class=\"has-base-background-color has-background has-fixed-layout\"><tbody><tr><td>Pes: 92 Kg<\/td><\/tr><tr><td>Pot\u00e8ncia: 16,5 kw<\/td><\/tr><tr><td>Tub sortida fums: 250 mm<\/td><\/tr><tr><td>Medida troncos: 45 cm<\/td><\/tr><tr><td>Preu: 2.005 \u20ac<\/td><\/tr><\/tbody><\/table><\/figure>\n<\/div>\n<\/div>\n<\/div>\n\n\n\n<div class=\"gbp-section gb-element-3a191baa\">\n<div class=\"gbp-section__inner gb-element-15aff436\">\n<div class=\"gb-element-40dd2215\">\n<a href=\"https:\/\/www.llarsdefoc.cat\/es\/producte\/chimenea-insertable-arc-80-dc\/\"><img loading=\"lazy\" decoding=\"async\" width=\"270\" height=\"400\" class=\"gb-media-59deb0de\" alt=\"\" src=\"https:\/\/www.llarsdefoc.cat\/wp-content\/uploads\/2021\/02\/ARc-80-DC.jpg\" title=\"ARc-80-DC\" srcset=\"https:\/\/www.llarsdefoc.cat\/wp-content\/uploads\/2021\/02\/ARc-80-DC.jpg 270w, https:\/\/www.llarsdefoc.cat\/wp-content\/uploads\/2021\/02\/ARc-80-DC-203x300.jpg 203w\" sizes=\"auto, (max-width: 270px) 100vw, 270px\" \/><\/a>\n\n\n\n<h2 class=\"gb-text gbp-section__headline gb-text-867e2c6b\">ARc 80 DC<\/h2>\n\n\n\n<figure style=\"font-size:16px\" class=\"wp-block-table\"><table class=\"has-base-background-color has-background has-fixed-layout\"><tbody><tr><td>Pes: 160 Kg<\/td><\/tr><tr><td>Pot\u00e8ncia: 11,5 kw<\/td><\/tr><tr><td>Tub sortida fums:  mm<\/td><\/tr><tr><td>Mida troncs: 40 cm<\/td><\/tr><tr><td>Preu: 2.325 \u20ac<\/td><\/tr><\/tbody><\/table><\/figure>\n<\/div>\n\n\n\n<div class=\"gb-element-cd305bda\">\n<a href=\"https:\/\/www.llarsdefoc.cat\/es\/producte\/chimenea-insertable-arc-100-dc\/\"><img loading=\"lazy\" decoding=\"async\" width=\"270\" height=\"400\" class=\"gb-media-e897ef08\" alt=\"\" src=\"https:\/\/www.llarsdefoc.cat\/wp-content\/uploads\/2021\/02\/ARc-100-DC.jpg\" title=\"ARc-100-DC\" srcset=\"https:\/\/www.llarsdefoc.cat\/wp-content\/uploads\/2021\/02\/ARc-100-DC.jpg 270w, https:\/\/www.llarsdefoc.cat\/wp-content\/uploads\/2021\/02\/ARc-100-DC-203x300.jpg 203w\" sizes=\"auto, (max-width: 270px) 100vw, 270px\" \/><\/a>\n\n\n\n<h2 class=\"gb-text gbp-section__headline gb-text-6c8fcc9e\">ARc 100 DC<\/h2>\n\n\n\n<figure style=\"font-size:16px\" class=\"wp-block-table\"><table class=\"has-base-background-color has-background has-fixed-layout\"><tbody><tr><td>Pes: 216 Kg<\/td><\/tr><tr><td>Pot\u00e8ncia: 13 kw<\/td><\/tr><tr><td>Tub sortida fums: mm<\/td><\/tr><tr><td>Mida troncs: 60 cm<\/td><\/tr><tr><td>Preu: 2.675 \u20ac<\/td><\/tr><\/tbody><\/table><\/figure>\n<\/div>\n\n\n\n<div class=\"gb-element-6b401775\">\n<a href=\"https:\/\/www.llarsdefoc.cat\/es\/producte\/chimenea-insertable-arc-76-ld\/\"><img loading=\"lazy\" decoding=\"async\" width=\"270\" height=\"400\" class=\"gb-media-c7250395\" alt=\"\" src=\"https:\/\/www.llarsdefoc.cat\/wp-content\/uploads\/2021\/02\/ARc-76-LD.jpg\" title=\"ARc-76-LD\" srcset=\"https:\/\/www.llarsdefoc.cat\/wp-content\/uploads\/2021\/02\/ARc-76-LD.jpg 270w, https:\/\/www.llarsdefoc.cat\/wp-content\/uploads\/2021\/02\/ARc-76-LD-203x300.jpg 203w\" sizes=\"auto, (max-width: 270px) 100vw, 270px\" \/><\/a>\n\n\n\n<h2 class=\"gb-text gbp-section__headline gb-text-da94924b\">ARc 76 LD<\/h2>\n\n\n\n<figure style=\"font-size:16px\" class=\"wp-block-table\"><table class=\"has-base-background-color has-background has-fixed-layout\"><tbody><tr><td>Pes: 136 Kg<\/td><\/tr><tr><td>Pot\u00e8ncia: 9,7 kw<\/td><\/tr><tr><td>Tub sortida fums: mm<\/td><\/tr><tr><td>Mida troncs: 40 cm<\/td><\/tr><tr><td>Preu: 2.625 \u20ac<\/td><\/tr><\/tbody><\/table><\/figure>\n<\/div>\n<\/div>\n<\/div>\n\n\n\n<div class=\"gbp-section gb-element-926f5246\">\n<div class=\"gbp-section__inner gb-element-dba7cc75\">\n<div class=\"gb-element-dccf532d\">\n<a href=\"https:\/\/www.llarsdefoc.cat\/es\/producte\/chimenea-insertable-arc-80\/\"><img loading=\"lazy\" decoding=\"async\" width=\"270\" height=\"400\" class=\"gb-media-bfac69db\" alt=\"\" src=\"https:\/\/www.llarsdefoc.cat\/wp-content\/uploads\/2021\/02\/ARc-80-graffiti.jpg\" title=\"ARc-80-graffiti\" srcset=\"https:\/\/www.llarsdefoc.cat\/wp-content\/uploads\/2021\/02\/ARc-80-graffiti.jpg 270w, https:\/\/www.llarsdefoc.cat\/wp-content\/uploads\/2021\/02\/ARc-80-graffiti-203x300.jpg 203w\" sizes=\"auto, (max-width: 270px) 100vw, 270px\" \/><\/a>\n\n\n\n<h2 class=\"gb-text gbp-section__headline gb-text-6999408b\">ARc 80<\/h2>\n\n\n\n<figure style=\"font-size:16px\" class=\"wp-block-table\"><table class=\"has-base-background-color has-background has-fixed-layout\"><tbody><tr><td>Pes: 121 Kg<\/td><\/tr><tr><td>Pot\u00e8ncia: 9,6 kw<\/td><\/tr><tr><td>Tub sortida fums:  mm<\/td><\/tr><tr><td>Mida troncs: 50 cm<\/td><\/tr><tr><td>Preu: 2.245 \u20ac<\/td><\/tr><\/tbody><\/table><\/figure>\n<\/div>\n\n\n\n<div class=\"gb-element-15a2e657\">\n<a href=\"https:\/\/www.llarsdefoc.cat\/es\/producte\/chimenea-insertable-arc-100\/\"><img loading=\"lazy\" decoding=\"async\" width=\"270\" height=\"400\" class=\"gb-media-5bb876db\" alt=\"\" src=\"https:\/\/www.llarsdefoc.cat\/wp-content\/uploads\/2021\/02\/ARc-100-graffiti.jpg\" title=\"ARc-100-graffiti\" srcset=\"https:\/\/www.llarsdefoc.cat\/wp-content\/uploads\/2021\/02\/ARc-100-graffiti.jpg 270w, https:\/\/www.llarsdefoc.cat\/wp-content\/uploads\/2021\/02\/ARc-100-graffiti-203x300.jpg 203w\" sizes=\"auto, (max-width: 270px) 100vw, 270px\" \/><\/a>\n\n\n\n<h2 class=\"gb-text gbp-section__headline gb-text-da57fe9c\">ARc 100<\/h2>\n\n\n\n<figure style=\"font-size:16px\" class=\"wp-block-table\"><table class=\"has-base-background-color has-background has-fixed-layout\"><tbody><tr><td>Pes: 143 Kg<\/td><\/tr><tr><td>Pot\u00e8ncia: 11,2 kw<\/td><\/tr><tr><td>Tub sortida fums: mm<\/td><\/tr><tr><td>Mida troncs: 60 cm<\/td><\/tr><tr><td>Preu: 2.505 \u20ac<\/td><\/tr><\/tbody><\/table><\/figure>\n<\/div>\n\n\n\n<div class=\"gb-element-e7afc8b7\">\n<a href=\"https:\/\/www.llarsdefoc.cat\/es\/producte\/chimenea-insertable-arc-100\/\"><img loading=\"lazy\" decoding=\"async\" width=\"270\" height=\"400\" class=\"gb-media-df220f1e\" alt=\"Xemeneia insertable ARc 50V\" src=\"https:\/\/www.llarsdefoc.cat\/wp-content\/uploads\/2025\/11\/Xemeneia-insertable-ARc-50V-3.jpg\" title=\"Xemeneia insertable ARc 50V\" srcset=\"https:\/\/www.llarsdefoc.cat\/wp-content\/uploads\/2025\/11\/Xemeneia-insertable-ARc-50V-3.jpg 270w, https:\/\/www.llarsdefoc.cat\/wp-content\/uploads\/2025\/11\/Xemeneia-insertable-ARc-50V-3-203x300.jpg 203w\" sizes=\"auto, (max-width: 270px) 100vw, 270px\" \/><\/a>\n\n\n\n<h2 class=\"gb-text gbp-section__headline gb-text-9cb54000\">ARc 50v<\/h2>\n\n\n\n<figure style=\"font-size:16px\" class=\"wp-block-table\"><table class=\"has-base-background-color has-background has-fixed-layout\"><tbody><tr><td>Pes: 98 Kg<\/td><\/tr><tr><td>Pot\u00e8ncia: 6,3 kw<\/td><\/tr><tr><td>Tub sortida fums: mm<\/td><\/tr><tr><td>Mida troncs: 33 cm<\/td><\/tr><tr><td>Preu: 1.980 \u20ac<\/td><\/tr><\/tbody><\/table><\/figure>\n<\/div>\n<\/div>\n<\/div>\n\n\n\n<div class=\"gbp-section gb-element-8dbd9f79\">\n<div class=\"gbp-section__inner gb-element-1a6503d6\">\n<div class=\"gb-element-71590132\">\n<a href=\"https:\/\/www.llarsdefoc.cat\/es\/producte\/chimenea-insertable-rcr-70-graffiti\/\"><img loading=\"lazy\" decoding=\"async\" width=\"270\" height=\"400\" class=\"gb-media-0115b0a6\" alt=\"\" src=\"https:\/\/www.llarsdefoc.cat\/wp-content\/uploads\/2021\/02\/RCr-70-graffiti.jpg\" title=\"RCr-70-graffiti\" srcset=\"https:\/\/www.llarsdefoc.cat\/wp-content\/uploads\/2021\/02\/RCr-70-graffiti.jpg 270w, https:\/\/www.llarsdefoc.cat\/wp-content\/uploads\/2021\/02\/RCr-70-graffiti-203x300.jpg 203w\" sizes=\"auto, (max-width: 270px) 100vw, 270px\" \/><\/a>\n\n\n\n<h2 class=\"gb-text gbp-section__headline gb-text-57830951\">RCr 70 Graffiti<\/h2>\n\n\n\n<figure style=\"font-size:16px\" class=\"wp-block-table\"><table class=\"has-base-background-color has-background has-fixed-layout\"><tbody><tr><td>Pes: 95 Kg<\/td><\/tr><tr><td>Pot\u00e8ncia: 7,5 kw<\/td><\/tr><tr><td>Tub sortida fums: mm<\/td><\/tr><tr><td>Medida troncos: 45 cm<\/td><\/tr><tr><td>Preu: 1.720 \u20ac<\/td><\/tr><\/tbody><\/table><\/figure>\n<\/div>\n\n\n\n<div class=\"gb-element-a2adcea9\">\n<a href=\"https:\/\/www.llarsdefoc.cat\/es\/producte\/chimenea-insertable-rcr-70-a-graffiti\/\"><img loading=\"lazy\" decoding=\"async\" width=\"270\" height=\"400\" class=\"gb-media-ba6c8e47\" alt=\"\" src=\"https:\/\/www.llarsdefoc.cat\/wp-content\/uploads\/2021\/02\/14-RCr70Agraffiti.jpg\" title=\"14-RCr70Agraffiti\" srcset=\"https:\/\/www.llarsdefoc.cat\/wp-content\/uploads\/2021\/02\/14-RCr70Agraffiti.jpg 270w, https:\/\/www.llarsdefoc.cat\/wp-content\/uploads\/2021\/02\/14-RCr70Agraffiti-203x300.jpg 203w\" sizes=\"auto, (max-width: 270px) 100vw, 270px\" \/><\/a>\n\n\n\n<h2 class=\"gb-text gbp-section__headline gb-text-7eb1fc81\">RCr 70 A Graffiti<\/h2>\n\n\n\n<figure style=\"font-size:16px\" class=\"wp-block-table\"><table class=\"has-base-background-color has-background has-fixed-layout\"><tbody><tr><td>Pes: 99 Kg<\/td><\/tr><tr><td>Pot\u00e8ncia: 7,5 kw<\/td><\/tr><tr><td>Tub sortida fums: mm<\/td><\/tr><tr><td>Mida troncs: 40 cm<\/td><\/tr><tr><td>Preu: 1.810 \u20ac<\/td><\/tr><\/tbody><\/table><\/figure>\n<\/div>\n\n\n\n<div class=\"gb-element-5ba0bf04\">\n<a href=\"https:\/\/www.llarsdefoc.cat\/es\/producte\/chimenea-insertable-rcr-80-graffiti\/\"><img loading=\"lazy\" decoding=\"async\" width=\"270\" height=\"400\" class=\"gb-media-a83beec4\" alt=\"\" src=\"https:\/\/www.llarsdefoc.cat\/wp-content\/uploads\/2021\/02\/15-RCr80graffiti.jpg\" title=\"15-RCr80graffiti\" srcset=\"https:\/\/www.llarsdefoc.cat\/wp-content\/uploads\/2021\/02\/15-RCr80graffiti.jpg 270w, https:\/\/www.llarsdefoc.cat\/wp-content\/uploads\/2021\/02\/15-RCr80graffiti-203x300.jpg 203w\" sizes=\"auto, (max-width: 270px) 100vw, 270px\" \/><\/a>\n\n\n\n<h2 class=\"gb-text gbp-section__headline gb-text-b3a4b4e8\">RCr 80 Graffiti<\/h2>\n\n\n\n<figure style=\"font-size:16px\" class=\"wp-block-table\"><table class=\"has-base-background-color has-background has-fixed-layout\"><tbody><tr><td>Pes: 119 Kg<\/td><\/tr><tr><td>Pot\u00e8ncia: 6,11 kw<\/td><\/tr><tr><td>Tub sortida fums: mm<\/td><\/tr><tr><td>Mida troncs: 50 cm<\/td><\/tr><tr><td>Preu: 1.965 \u20ac<\/td><\/tr><\/tbody><\/table><\/figure>\n<\/div>\n\n\n\n<div class=\"gb-element-48d4a315\">\n<a href=\"https:\/\/www.llarsdefoc.cat\/es\/producte\/chimenea-insertable-rcr-100-graffiti\/\"><img loading=\"lazy\" decoding=\"async\" width=\"270\" height=\"400\" class=\"gb-media-23578502\" alt=\"Xemeneia insertable ROCAL\" src=\"https:\/\/www.llarsdefoc.cat\/wp-content\/uploads\/2021\/02\/16-RCr100graffiti.jpg\" title=\"Xemeneia insertable ROCAL RCr100graffiti\" srcset=\"https:\/\/www.llarsdefoc.cat\/wp-content\/uploads\/2021\/02\/16-RCr100graffiti.jpg 270w, https:\/\/www.llarsdefoc.cat\/wp-content\/uploads\/2021\/02\/16-RCr100graffiti-203x300.jpg 203w\" sizes=\"auto, (max-width: 270px) 100vw, 270px\" \/><\/a>\n\n\n\n<h2 class=\"gb-text gbp-section__headline gb-text-74448908\">RCr 100 Graffiti<\/h2>\n\n\n\n<figure style=\"font-size:16px\" class=\"wp-block-table\"><table class=\"has-base-background-color has-background has-fixed-layout\"><tbody><tr><td>Pes: 148 Kg<\/td><\/tr><tr><td>Pot\u00e8ncia: 10,5 kw<\/td><\/tr><tr><td>Tub sortida fums: mm<\/td><\/tr><tr><td>Mida troncs: 60 cm<\/td><\/tr><tr><td>Preu: 2.300 \u20ac<\/td><\/tr><\/tbody><\/table><\/figure>\n<\/div>\n<\/div>\n<\/div>\n\n\n\n<div class=\"gbp-section gb-element-e7db6acf\">\n<div class=\"gbp-section__inner gb-element-f70c4667\">\n<div class=\"gb-element-793a5e2d\">\n<a href=\"https:\/\/www.llarsdefoc.cat\/es\/producte\/chimenea-insertable-rcr-65-classic\/\"><img loading=\"lazy\" decoding=\"async\" width=\"270\" height=\"400\" class=\"gb-media-d906fd4f\" alt=\"\" src=\"https:\/\/www.llarsdefoc.cat\/wp-content\/uploads\/2021\/02\/17-RCr65.jpg\" title=\"17-RCr65\" srcset=\"https:\/\/www.llarsdefoc.cat\/wp-content\/uploads\/2021\/02\/17-RCr65.jpg 270w, https:\/\/www.llarsdefoc.cat\/wp-content\/uploads\/2021\/02\/17-RCr65-203x300.jpg 203w\" sizes=\"auto, (max-width: 270px) 100vw, 270px\" \/><\/a>\n\n\n\n<h2 class=\"gb-text gbp-section__headline gb-text-39fafdd8\">RCr 65 Classic<\/h2>\n\n\n\n<figure style=\"font-size:16px\" class=\"wp-block-table\"><table class=\"has-base-background-color has-background has-fixed-layout\"><tbody><tr><td>Pes: 79,5 Kg<\/td><\/tr><tr><td>Pot\u00e8ncia: 6,7 kw<\/td><\/tr><tr><td>Tub sortida fums:  mm<\/td><\/tr><tr><td>Mida troncs: 40 cm<\/td><\/tr><tr><td>Preu: 1.365 \u20ac<\/td><\/tr><\/tbody><\/table><\/figure>\n<\/div>\n\n\n\n<div class=\"gb-element-ef14d7ec\">\n<a href=\"https:\/\/www.llarsdefoc.cat\/es\/producte\/chimenea-insertable-rcr-70-classic\/\"><img loading=\"lazy\" decoding=\"async\" width=\"270\" height=\"400\" class=\"gb-media-45622153\" alt=\"Chimenea insertable RCr 70 classic\" src=\"https:\/\/www.llarsdefoc.cat\/wp-content\/uploads\/2021\/02\/RCr70-1.jpg\" title=\"Chimenea insertable RCr 70 classic\" srcset=\"https:\/\/www.llarsdefoc.cat\/wp-content\/uploads\/2021\/02\/RCr70-1.jpg 270w, https:\/\/www.llarsdefoc.cat\/wp-content\/uploads\/2021\/02\/RCr70-1-203x300.jpg 203w\" sizes=\"auto, (max-width: 270px) 100vw, 270px\" \/><\/a>\n\n\n\n<h2 class=\"gb-text gbp-section__headline gb-text-dbbb3552\">RCr 70 Classic<\/h2>\n\n\n\n<figure style=\"font-size:16px\" class=\"wp-block-table\"><table class=\"has-base-background-color has-background has-fixed-layout\"><tbody><tr><td>Pes: 95 Kg<\/td><\/tr><tr><td>Pot\u00e8ncia: 7,5 kw<\/td><\/tr><tr><td>Tub sortida fums: mm<\/td><\/tr><tr><td>Medida troncos: 45 cm<\/td><\/tr><tr><td>Preu: 1.530 \u20ac<\/td><\/tr><\/tbody><\/table><\/figure>\n<\/div>\n\n\n\n<div class=\"gb-element-0b213715\">\n<a href=\"https:\/\/www.llarsdefoc.cat\/wp-admin\/post.php?post=1756&#038;action=edit&#038;lang=ca\"><img loading=\"lazy\" decoding=\"async\" width=\"270\" height=\"400\" class=\"gb-media-33bc2e6f\" alt=\"Chimenea insertable RCr 80 classic\" src=\"https:\/\/www.llarsdefoc.cat\/wp-content\/uploads\/2021\/02\/RCr80-1.jpg\" title=\"Chimenea insertable RCr 80 classic\" srcset=\"https:\/\/www.llarsdefoc.cat\/wp-content\/uploads\/2021\/02\/RCr80-1.jpg 270w, https:\/\/www.llarsdefoc.cat\/wp-content\/uploads\/2021\/02\/RCr80-1-203x300.jpg 203w\" sizes=\"auto, (max-width: 270px) 100vw, 270px\" \/><\/a>\n\n\n\n<h2 class=\"gb-text gbp-section__headline gb-text-01bd0232\">RCr 80 Classic<\/h2>\n\n\n\n<figure style=\"font-size:16px\" class=\"wp-block-table\"><table class=\"has-base-background-color has-background has-fixed-layout\"><tbody><tr><td>Pes: 119 Kg<\/td><\/tr><tr><td>Pot\u00e8ncia: 6,11 kw<\/td><\/tr><tr><td>Tub sortida fums: mm<\/td><\/tr><tr><td>Mida troncs: 50 cm<\/td><\/tr><tr><td>Preu: 1.655 \u20ac<\/td><\/tr><\/tbody><\/table><\/figure>\n<\/div>\n<\/div>\n<\/div>\n\n\n\n<div class=\"gbp-section gb-element-1c0abc36\">\n<div class=\"gbp-section__inner gb-element-ab2a1d80\">\n<div class=\"gb-element-3815bed9\">\n<a href=\"https:\/\/www.llarsdefoc.cat\/es\/producte\/chimenea-insertable-arc-76-li\/\"><img loading=\"lazy\" decoding=\"async\" width=\"270\" height=\"400\" class=\"gb-media-2c496acc\" alt=\"\" src=\"https:\/\/www.llarsdefoc.cat\/wp-content\/uploads\/2021\/02\/RCr-70-graffiti.jpg\" title=\"RCr-70-graffiti\" srcset=\"https:\/\/www.llarsdefoc.cat\/wp-content\/uploads\/2021\/02\/RCr-70-graffiti.jpg 270w, https:\/\/www.llarsdefoc.cat\/wp-content\/uploads\/2021\/02\/RCr-70-graffiti-203x300.jpg 203w\" sizes=\"auto, (max-width: 270px) 100vw, 270px\" \/><\/a>\n\n\n\n<h2 class=\"gb-text gbp-section__headline gb-text-95a64875\">ARc 76 LI<\/h2>\n\n\n\n<figure style=\"font-size:16px\" class=\"wp-block-table\"><table class=\"has-base-background-color has-background has-fixed-layout\"><tbody><tr><td>Pes: 136 Kg<\/td><\/tr><tr><td>Pot\u00e8ncia: 9,7 kw<\/td><\/tr><tr><td>Tub sortida fums: mm<\/td><\/tr><tr><td>Mida troncs: 40 cm<\/td><\/tr><tr><td>Preu: 2.625 \u20ac<\/td><\/tr><\/tbody><\/table><\/figure>\n<\/div>\n\n\n\n<div class=\"gb-element-631a5c1f\">\n<a href=\"https:\/\/www.llarsdefoc.cat\/es\/producte\/chimenea-insertable-arc-96-ld\/\"><img loading=\"lazy\" decoding=\"async\" width=\"270\" height=\"400\" class=\"gb-media-1995a595\" alt=\"\" src=\"https:\/\/www.llarsdefoc.cat\/wp-content\/uploads\/2021\/02\/14-RCr70Agraffiti.jpg\" title=\"14-RCr70Agraffiti\" srcset=\"https:\/\/www.llarsdefoc.cat\/wp-content\/uploads\/2021\/02\/14-RCr70Agraffiti.jpg 270w, https:\/\/www.llarsdefoc.cat\/wp-content\/uploads\/2021\/02\/14-RCr70Agraffiti-203x300.jpg 203w\" sizes=\"auto, (max-width: 270px) 100vw, 270px\" \/><\/a>\n\n\n\n<h2 class=\"gb-text gbp-section__headline gb-text-94d6aeaf\">ARc 96 LD<\/h2>\n\n\n\n<figure style=\"font-size:16px\" class=\"wp-block-table\"><table class=\"has-base-background-color has-background has-fixed-layout\"><tbody><tr><td>Pes: 187 Kg<\/td><\/tr><tr><td>Pot\u00e8ncia: 10,2 kw<\/td><\/tr><tr><td>Tub sortida fums: mm<\/td><\/tr><tr><td>Mida troncs: 50 cm<\/td><\/tr><tr><td>Preu: 2.915 \u20ac<\/td><\/tr><\/tbody><\/table><\/figure>\n<\/div>\n\n\n\n<div class=\"gb-element-238d8d6f\">\n<a href=\"https:\/\/www.llarsdefoc.cat\/es\/producte\/chimenea-insertable-arc-73-tc\/\"><img loading=\"lazy\" decoding=\"async\" width=\"270\" height=\"400\" class=\"gb-media-1f1b285e\" alt=\"\" src=\"https:\/\/www.llarsdefoc.cat\/wp-content\/uploads\/2021\/02\/15-RCr80graffiti.jpg\" title=\"15-RCr80graffiti\" srcset=\"https:\/\/www.llarsdefoc.cat\/wp-content\/uploads\/2021\/02\/15-RCr80graffiti.jpg 270w, https:\/\/www.llarsdefoc.cat\/wp-content\/uploads\/2021\/02\/15-RCr80graffiti-203x300.jpg 203w\" sizes=\"auto, (max-width: 270px) 100vw, 270px\" \/><\/a>\n\n\n\n<h2 class=\"gb-text gbp-section__headline gb-text-d6a485de\">ARc 73 TC<\/h2>\n\n\n\n<figure style=\"font-size:16px\" class=\"wp-block-table\"><table class=\"has-base-background-color has-background has-fixed-layout\"><tbody><tr><td>Pes: 132 Kg<\/td><\/tr><tr><td>Pot\u00e8ncia: 9,5 kw<\/td><\/tr><tr><td>Tub sortida fums: mm<\/td><\/tr><tr><td>Medida troncos: 45 cm<\/td><\/tr><tr><td>Preu: 2.735 \u20ac<\/td><\/tr><\/tbody><\/table><\/figure>\n<\/div>\n\n\n\n<div class=\"gb-element-465a6cc7\">\n<a href=\"https:\/\/www.llarsdefoc.cat\/es\/producte\/chimenea-insertable-arc-93-tc\/\"><img loading=\"lazy\" decoding=\"async\" width=\"270\" height=\"400\" class=\"gb-media-4c81fdc6\" alt=\"Xemeneia insertable ROCAL\" src=\"https:\/\/www.llarsdefoc.cat\/wp-content\/uploads\/2021\/02\/16-RCr100graffiti.jpg\" title=\"Xemeneia insertable ROCAL RCr100graffiti\" srcset=\"https:\/\/www.llarsdefoc.cat\/wp-content\/uploads\/2021\/02\/16-RCr100graffiti.jpg 270w, https:\/\/www.llarsdefoc.cat\/wp-content\/uploads\/2021\/02\/16-RCr100graffiti-203x300.jpg 203w\" sizes=\"auto, (max-width: 270px) 100vw, 270px\" \/><\/a>\n\n\n\n<h2 class=\"gb-text gbp-section__headline gb-text-e356c48b\">ARc 93 TC<\/h2>\n\n\n\n<figure style=\"font-size:16px\" class=\"wp-block-table\"><table class=\"has-base-background-color has-background has-fixed-layout\"><tbody><tr><td>Pes: 161 Kg<\/td><\/tr><tr><td>Pot\u00e8ncia: 13,2 kw<\/td><\/tr><tr><td>Tub sortida fums: mm<\/td><\/tr><tr><td>Mida troncs: 60 cm<\/td><\/tr><tr><td>Preu: 3.120 \u20ac<\/td><\/tr><\/tbody><\/table><\/figure>\n<\/div>\n<\/div>\n<\/div>\n","protected":false},"excerpt":{"rendered":"<p>Chimeneas Insertables Muchos hogares conservan el encanto de una chimenea abierta tradicional, pero sufren sus grandes inconvenientes:&nbsp;una enorme p\u00e9rdida de calor, corrientes de aire y exceso de humo. Las chimeneas insertables son la soluci\u00f3n definitiva para transformar estas chimeneas antiguas en sistemas de calefacci\u00f3n modernos y altamente eficientes. Su instalaci\u00f3n, adem\u00e1s, es sorprendentemente r\u00e1pida y &#8230; <a title=\"Chimeneas insertables\" class=\"read-more\" href=\"https:\/\/www.llarsdefoc.cat\/es\/chimeneas-insertables\/\" aria-label=\"Leer m\u00e1s sobre Chimeneas insertables\">Leer m\u00e1s<\/a><\/p>\n","protected":false},"author":2,"featured_media":0,"parent":0,"menu_order":0,"comment_status":"closed","ping_status":"closed","template":"","meta":{"_gspb_post_css":"","footnotes":""},"class_list":["post-50327","page","type-page","status-publish"],"_links":{"self":[{"href":"https:\/\/www.llarsdefoc.cat\/es\/wp-json\/wp\/v2\/pages\/50327","targetHints":{"allow":["GET"]}}],"collection":[{"href":"https:\/\/www.llarsdefoc.cat\/es\/wp-json\/wp\/v2\/pages"}],"about":[{"href":"https:\/\/www.llarsdefoc.cat\/es\/wp-json\/wp\/v2\/types\/page"}],"author":[{"embeddable":true,"href":"https:\/\/www.llarsdefoc.cat\/es\/wp-json\/wp\/v2\/users\/2"}],"replies":[{"embeddable":true,"href":"https:\/\/www.llarsdefoc.cat\/es\/wp-json\/wp\/v2\/comments?post=50327"}],"version-history":[{"count":0,"href":"https:\/\/www.llarsdefoc.cat\/es\/wp-json\/wp\/v2\/pages\/50327\/revisions"}],"wp:attachment":[{"href":"https:\/\/www.llarsdefoc.cat\/es\/wp-json\/wp\/v2\/media?parent=50327"}],"curies":[{"name":"wp","href":"https:\/\/api.w.org\/{rel}","templated":true}]}}