{"id":50330,"date":"2025-11-16T12:56:34","date_gmt":"2025-11-16T11:56:34","guid":{"rendered":"https:\/\/www.llarsdefoc.cat\/productos\/"},"modified":"2025-12-10T12:08:24","modified_gmt":"2025-12-10T11:08:24","slug":"productos","status":"publish","type":"page","link":"https:\/\/www.llarsdefoc.cat\/es\/productos\/","title":{"rendered":"Productos"},"content":{"rendered":"\n<div class=\"gbp-section gb-element-60169c38\">\n<div class=\"gbp-section__inner gb-element-d91ad5ab\">\n<div>\n<h1 class=\"gb-text gbp-section__headline gb-text-36ab1eb4\">Nuestros productos<\/h1>\n<\/div>\n<\/div>\n<\/div>\n\n\n\n<div class=\"gbp-section gb-element-aacb0903\">\n<div class=\"gbp-section__inner gb-element-bd5d7bcb\">\n<div class=\"gb-element-d7dddf38\">\n<h2 class=\"gb-text gb-text-3122b932\">PRODUCTOS<\/h2>\n<\/div>\n<\/div>\n\n\n\n<div class=\"gbp-section__inner gb-element-5ef76121\">\n<div>\n<img loading=\"lazy\" decoding=\"async\" width=\"265\" height=\"225\" class=\"gb-media-7d10c18b\" src=\"https:\/\/www.llarsdefoc.cat\/wp-content\/uploads\/2025\/11\/4f-suspeses.jpg\" title=\"Xemeneia suspesa FOCUS\" alt=\"Xemeneia suspesa FOCUS\"\/>\n\n\n\n<h3 class=\"gb-text gbp-card__title gb-text-c6b29c09\">Chimeneas Suspendidas<\/h3>\n\n\n\n<div class=\"gb-element-3ef1d86d\">\n<a class=\"gb-text gbp-button--primary\" href=\"https:\/\/www.llarsdefoc.cat\/es\/chimeneas\/\">M\u00e1s info<\/a>\n<\/div>\n<\/div>\n\n\n\n<div>\n<img loading=\"lazy\" decoding=\"async\" width=\"265\" height=\"225\" class=\"gb-media-2ac5ce9e\" src=\"https:\/\/www.llarsdefoc.cat\/wp-content\/uploads\/2025\/11\/4f-guillotina.jpg\" title=\"Guillotina de ROCAL\" alt=\"Guillotina de ROCAL\"\/>\n\n\n\n<h3 class=\"gb-text gbp-card__title gb-text-b49d8b0d\">Chimeneas de Guillotina<\/h3>\n\n\n\n<div class=\"gb-element-44352086\">\n<a class=\"gb-text gbp-button--primary\" href=\"https:\/\/www.llarsdefoc.cat\/es\/chimeneas-de-guillotina-rocal\/\">M\u00e1s info<\/a>\n<\/div>\n<\/div>\n\n\n\n<div>\n<img loading=\"lazy\" decoding=\"async\" width=\"265\" height=\"225\" class=\"gb-media-17b79f35\" src=\"https:\/\/www.llarsdefoc.cat\/wp-content\/uploads\/2025\/12\/Xemeneies-insertables.jpg\" title=\"Xemeneies-insertables\" alt=\"Xemeneies-insertables\"\/>\n\n\n\n<h3 class=\"gb-text gbp-card__title gb-text-fd52edfe\">Chimeneas Insertables<\/h3>\n\n\n\n<div class=\"gb-element-5985cb4b\">\n<a class=\"gb-text gbp-button--primary\" href=\"https:\/\/www.llarsdefoc.cat\/es\/chimeneas-insertables\/\">M\u00e9s info<\/a>\n<\/div>\n<\/div>\n\n\n\n<div>\n<img loading=\"lazy\" decoding=\"async\" width=\"265\" height=\"225\" class=\"gb-media-53fafb32\" src=\"https:\/\/www.llarsdefoc.cat\/wp-content\/uploads\/2025\/11\/4f-barbacoes-fornells.jpg\" title=\"Barbacoa Focus de Rocal\" alt=\"Barbacoa Focus de Rocal\"\/>\n\n\n\n<h3 class=\"gb-text gbp-card__title gb-text-21e533b7\">Barbacoas<\/h3>\n\n\n\n<div class=\"gb-element-76624aa9\">\n<a class=\"gb-text gbp-button--primary\" href=\"https:\/\/www.llarsdefoc.cat\/es\/barbacoas\/\">M\u00e9s info<\/a>\n<\/div>\n<\/div>\n<\/div>\n<\/div>\n","protected":false},"excerpt":{"rendered":"<p>Nuestros productos PRODUCTOS Chimeneas Suspendidas M\u00e1s info Chimeneas de Guillotina M\u00e1s info Chimeneas Insertables M\u00e9s info Barbacoas M\u00e9s info<\/p>\n","protected":false},"author":2,"featured_media":0,"parent":0,"menu_order":0,"comment_status":"closed","ping_status":"closed","template":"","meta":{"_gspb_post_css":":root{--swiper-theme-color:#007aff}.swiper,swiper-container{margin-left:auto;margin-right:auto;position:relative;overflow:hidden;list-style:none;padding:0;z-index:1;display:block}.swiper-vertical>.swiper-wrapper{flex-direction:column}.swiper-wrapper{position:relative;width:100%;height:100%;z-index:1;display:flex;transition-property:transform;box-sizing:content-box}.swiper-android .swiper-slide,.swiper-wrapper{transform:translate3d(0,0,0)}.swiper-horizontal{touch-action:pan-y}.swiper-vertical{touch-action:pan-x}.swiper .swiper-slide,swiper-slide{flex-shrink:0;width:100%;height:100%;position:relative;transition-property:transform;display:block}.swiper-slide-invisible-blank{visibility:hidden}.swiper-autoheight,.swiper-autoheight .swiper-slide{height:auto}.swiper-autoheight .swiper-wrapper{align-items:flex-start;transition-property:transform,height}.swiper-backface-hidden .swiper-slide{transform:translateZ(0);-webkit-backface-visibility:hidden;backface-visibility:hidden}.swiper-3d,.swiper-3d.swiper-css-mode .swiper-wrapper{perspective:1200px}.swiper-3d .swiper-cube-shadow,.swiper-3d .swiper-slide,.swiper-3d .swiper-slide-shadow,.swiper-3d .swiper-slide-shadow-bottom,.swiper-3d .swiper-slide-shadow-left,.swiper-3d .swiper-slide-shadow-right,.swiper-3d .swiper-slide-shadow-top,.swiper-3d .swiper-wrapper{transform-style:preserve-3d}.swiper-3d .swiper-slide-shadow,.swiper-3d .swiper-slide-shadow-bottom,.swiper-3d .swiper-slide-shadow-left,.swiper-3d .swiper-slide-shadow-right,.swiper-3d .swiper-slide-shadow-top{position:absolute;left:0;top:0;width:100%;height:100%;pointer-events:none;z-index:10}.swiper-css-mode>.swiper-wrapper{overflow:auto;scrollbar-width:none;-ms-overflow-style:none}.swiper-css-mode>.swiper-wrapper::-webkit-scrollbar{display:none}.swiper-css-mode>.swiper-wrapper>.swiper-slide{scroll-snap-align:start start}.swiper-horizontal.swiper-css-mode>.swiper-wrapper{scroll-snap-type:x mandatory}.swiper-vertical.swiper-css-mode>.swiper-wrapper{scroll-snap-type:y mandatory}.swiper-centered>.swiper-wrapper::before{content:'';flex-shrink:0;order:9999}.swiper-centered>.swiper-wrapper>.swiper-slide{scroll-snap-align:center center;scroll-snap-stop:always}.swiper-centered.swiper-horizontal>.swiper-wrapper>.swiper-slide:first-child{margin-inline-start:var(--swiper-centered-offset-before)}.swiper-centered.swiper-horizontal>.swiper-wrapper::before{height:100%;min-height:1px;width:var(--swiper-centered-offset-after)}.swiper-centered.swiper-vertical>.swiper-wrapper>.swiper-slide:first-child{margin-block-start:var(--swiper-centered-offset-before)}.swiper-centered.swiper-vertical>.swiper-wrapper::before{width:100%;min-width:1px;height:var(--swiper-centered-offset-after)}.swiper-virtual .swiper-slide{-webkit-backface-visibility:hidden;transform:translateZ(0)}.swiper-virtual.swiper-css-mode .swiper-wrapper::after{content:'';position:absolute;left:0;top:0;pointer-events:none}.swiper-virtual.swiper-css-mode.swiper-horizontal .swiper-wrapper::after{height:1px;width:var(--swiper-virtual-size)}.swiper-virtual.swiper-css-mode.swiper-vertical .swiper-wrapper::after{width:1px;height:var(--swiper-virtual-size)}:root{--swiper-navigation-size:44px}.swiper-button-next,.swiper-button-prev{position:absolute;top:50%;width:calc(var(--swiper-navigation-size)\/44*27);height:var(--swiper-navigation-size);margin-top:calc(0px - (var(--swiper-navigation-size)\/2));z-index:10;cursor:pointer;display:flex;align-items:center;justify-content:center;color:var(--swiper-navigation-color,var(--swiper-theme-color))}.swiper-button-next.swiper-button-disabled,.swiper-button-prev.swiper-button-disabled{opacity:.35;cursor:auto;pointer-events:none}.swiper-button-next.swiper-button-hidden,.swiper-button-prev.swiper-button-hidden{opacity:0;cursor:auto;pointer-events:none}.swiper-navigation-disabled .swiper-button-next,.swiper-navigation-disabled .swiper-button-prev{display:none!important}.swiper-button-next:after,.swiper-button-prev:after{font-size:var(--swiper-navigation-size);text-transform:none!important;letter-spacing:0;font-variant:initial;line-height:1}.swiper-button-prev,.swiper-rtl .swiper-button-next{left:var(--swiper-navigation-sides-offset,10px);right:auto}.swiper-button-prev:after,.swiper-rtl .swiper-button-next:after{content:'\u276e'}.swiper-button-next,.swiper-rtl .swiper-button-prev{right:var(--swiper-navigation-sides-offset,10px);left:auto}.swiper-button-next:after,.swiper-rtl .swiper-button-prev:after{content:'\u276f'}.swiper-button-lock{display:none}.swiper-pagination{position:absolute;text-align:center;transition:.3s opacity;transform:translate3d(0,0,0);z-index:10}.swiper-pagination.swiper-pagination-hidden{opacity:0}.swiper-pagination-disabled>.swiper-pagination,.swiper-pagination.swiper-pagination-disabled{display:none!important}.swiper-horizontal>.swiper-pagination-bullets,.swiper-pagination-bullets.swiper-pagination-horizontal,.swiper-pagination-custom,.swiper-pagination-fraction{bottom:var(--swiper-pagination-bottom,10px);left:0;width:100%;line-height:0}.swiper-pagination-bullet{width:var(--swiper-pagination-bullet-width,var(--swiper-pagination-bullet-size,8px));height:var(--swiper-pagination-bullet-height,var(--swiper-pagination-bullet-size,8px));display:inline-block;border-radius:var(--swiper-pagination-bullet-border-radius,50%);background:var(--swiper-pagination-bullet-inactive-color,#000);opacity:var(--swiper-pagination-bullet-inactive-opacity,.2)}button.swiper-pagination-bullet{border:0;margin:0;padding:0;box-shadow:none;-webkit-appearance:none;appearance:none}.swiper-pagination-clickable .swiper-pagination-bullet{cursor:pointer}.swiper-pagination-bullet:only-child{display:none!important}.swiper-pagination-bullet-active{opacity:var(--swiper-pagination-bullet-opacity,1);background:var(--swiper-pagination-color,var(--swiper-theme-color))}.swiper-pagination-vertical.swiper-pagination-bullets,.swiper-vertical>.swiper-pagination-bullets{right:var(--swiper-pagination-right,10px);left:var(--swiper-pagination-left,auto);top:50%;transform:translate3d(0,-50%,0)}.swiper-pagination-vertical.swiper-pagination-bullets .swiper-pagination-bullet,.swiper-vertical>.swiper-pagination-bullets .swiper-pagination-bullet{margin:var(--swiper-pagination-bullet-vertical-gap,6px) 0;display:block}.swiper-horizontal>.swiper-pagination-bullets .swiper-pagination-bullet,.swiper-pagination-horizontal.swiper-pagination-bullets .swiper-pagination-bullet{margin:0 var(--swiper-pagination-bullet-horizontal-gap,4px)}.swiper-pagination-fraction{color:var(--swiper-pagination-fraction-color,inherit)}.swiper-pagination-lock{display:none}.swiper-scrollbar,.swiper-scrollbar-drag{position:relative;border-radius:var(--swiper-scrollbar-border-radius,10px)}.swiper-scrollbar{-ms-touch-action:none;background:var(--swiper-scrollbar-bg-color,rgba(0,0,0,.1))}.swiper-scrollbar-disabled>.swiper-scrollbar,.swiper-scrollbar.swiper-scrollbar-disabled{display:none!important}.swiper-horizontal>.swiper-scrollbar,.swiper-scrollbar.swiper-scrollbar-horizontal{position:absolute;left:var(--swiper-scrollbar-sides-offset,1%);bottom:var(--swiper-scrollbar-bottom,4px);top:var(--swiper-scrollbar-top,auto);z-index:50;height:var(--swiper-scrollbar-size,4px);width:calc(100% - 2*var(--swiper-scrollbar-sides-offset,1%))}.swiper-scrollbar.swiper-scrollbar-vertical,.swiper-vertical>.swiper-scrollbar{position:absolute;left:var(--swiper-scrollbar-left,auto);right:var(--swiper-scrollbar-right,4px);top:var(--swiper-scrollbar-sides-offset,1%);z-index:50;width:var(--swiper-scrollbar-size,4px);height:calc(100% - 2*var(--swiper-scrollbar-sides-offset,1%))}.swiper-scrollbar-drag{height:100%;width:100%;background:var(--swiper-scrollbar-drag-bg-color,rgba(0,0,0,.5));left:0;top:0}.swiper-scrollbar-cursor-drag{cursor:move}.swiper-scrollbar-lock{display:none}.swiper-zoom-container{width:100%;height:100%;display:flex;justify-content:center;align-items:center;text-align:center}.swiper-zoom-container>canvas,.swiper-zoom-container>img,.swiper-zoom-container>svg{max-width:100%;max-height:100%;object-fit:contain}.swiper-slide-zoomed{cursor:move;touch-action:none}.swiper .swiper-notification,swiper-container .swiper-notification{position:absolute;left:0;top:0;pointer-events:none;opacity:0;z-index:-1000}.swiper-free-mode>.swiper-wrapper{transition-timing-function:ease-out;margin:0 auto}.swiper-cards .swiper-slide,.swiper-creative .swiper-slide{-webkit-backface-visibility:hidden;backface-visibility:hidden;overflow:hidden}.swiper-creative .swiper-slide{transition-property:transform,opacity,height}.swiper-cards{overflow:visible}.swiper-cards .swiper-slide{transform-origin:center bottom}.gspb_slider-id-gsbp-4dfa286 .swiper-slide-inner{min-height:600px;justify-content:center}.gspb_slider-id-gsbp-4dfa286{width:100%}.gspb_slider-id-gsbp-4dfa286 .swiper-button-next,.gspb_slider-id-gsbp-4dfa286 .swiper-button-prev{top:40%}.gspb_slider-id-gsbp-4dfa286 .swiper-button-prev{left:10px}.gspb_slider-id-gsbp-4dfa286 .swiper-button-next{right:10px}.gspb_slider-id-gsbp-4dfa286 .swiper-slide-inner{align-items:center}.gspb_slider-id-gsbp-4dfa286 .swiper-button-next,.gspb_slider-id-gsbp-4dfa286 .swiper-button-prev{width:66px;height:66px;line-height:66px}.gspb_slider-id-gsbp-4dfa286 .swiper-button-next:after,.gspb_slider-id-gsbp-4dfa286 .swiper-button-prev:after{font-size:26px}.gspb_slider-id-gsbp-4dfa286 .gspb-sliderlink{position:absolute;top:0;left:0;right:0;bottom:0;z-index:3}.gspb_slider-id-gsbp-4dfa286 .swiper-slide-inner>div{position:relative}.gspb_slider-id-gsbp-4dfa286 .swiper-pagination{bottom:10px!important;text-align:center!important}.gspb_slider-id-gsbp-4dfa286 .swiper-scrollbar{visibility:hidden;height:6px;display:none}.gspb_slider-id-gsbp-4dfa286 .swiper-pagination-bullet{width:8px;height:8px;border-radius:100px;transition:width .4s ease-out}.gspb_slider-id-gsbp-4dfa286 .swiper-pagination-bullet-active{width:24px}.gspb_slider-id-gsbp-4dfa286 .swiper-button-next,.gspb_slider-id-gsbp-4dfa286 .swiper-button-prev{box-shadow:20px 20px 60px #58667d5e}.gspb_slider-id-gsbp-4dfa286 .swiper-slide-inner .wp-block,.gspb_slider-id-gsbp-4dfa286 .swiper-slide-inner.wp-block{max-width:100%}.gspb_slider-id-gsbp-4dfa286 .slider-image-wrapper{top:0;left:0;right:0;bottom:0;position:absolute!important;z-index:0;height:100%;width:100%;overflow:hidden}.gspb_slider-id-gsbp-4dfa286 .slider-image-wrapper img{width:100%;height:100%}.gspb_sliderinner-id-gsbp-a4feb7a .slider-overlaybg{position:absolute!important;top:0;left:0;right:0;bottom:0;background-color:#000000cf;z-index:1;opacity:.5}.gspb_sliderinner-id-gsbp-a4feb7a .slider-content-zone{z-index:2;position:relative}.gspb_sliderinner-id-gsbp-a4feb7a .slider-image-wrapper img{object-position:center center;object-fit:contain}.gspb_sliderinner-id-gsbp-166b327,.gspb_sliderinner-id-gsbp-a4feb7a{background-size:contain;display:flex;box-sizing:border-box;background-repeat:no-repeat}","footnotes":""},"class_list":["post-50330","page","type-page","status-publish"],"_links":{"self":[{"href":"https:\/\/www.llarsdefoc.cat\/es\/wp-json\/wp\/v2\/pages\/50330","targetHints":{"allow":["GET"]}}],"collection":[{"href":"https:\/\/www.llarsdefoc.cat\/es\/wp-json\/wp\/v2\/pages"}],"about":[{"href":"https:\/\/www.llarsdefoc.cat\/es\/wp-json\/wp\/v2\/types\/page"}],"author":[{"embeddable":true,"href":"https:\/\/www.llarsdefoc.cat\/es\/wp-json\/wp\/v2\/users\/2"}],"replies":[{"embeddable":true,"href":"https:\/\/www.llarsdefoc.cat\/es\/wp-json\/wp\/v2\/comments?post=50330"}],"version-history":[{"count":0,"href":"https:\/\/www.llarsdefoc.cat\/es\/wp-json\/wp\/v2\/pages\/50330\/revisions"}],"wp:attachment":[{"href":"https:\/\/www.llarsdefoc.cat\/es\/wp-json\/wp\/v2\/media?parent=50330"}],"curies":[{"name":"wp","href":"https:\/\/api.w.org\/{rel}","templated":true}]}}