{"id":50406,"date":"2025-11-25T01:16:49","date_gmt":"2025-11-25T00:16:49","guid":{"rendered":"https:\/\/www.llarsdefoc.cat\/?page_id=50406"},"modified":"2025-12-23T15:28:17","modified_gmt":"2025-12-23T14:28:17","slug":"chimeneas","status":"publish","type":"page","link":"https:\/\/www.llarsdefoc.cat\/es\/chimeneas\/","title":{"rendered":"Chimeneas"},"content":{"rendered":"\n<div class=\"gbp-section gb-element-60169c38\">\n<div class=\"gbp-section__inner gb-element-d91ad5ab\">\n<div>\n<h1 class=\"gb-text gbp-section__headline gb-text-36ab1eb4\">Chimeneas Met\u00e1licas<\/h1>\n<\/div>\n<\/div>\n<\/div>\n\n\n\n<div class=\"gbp-section gb-element-230a4381\">\n<div class=\"gbp-section__inner gb-element-f5f44a90\">\n<div class=\"gb-element-2114d7ac\">\n<p class=\"gb-text gbp-section__text\">El fuego ha sido siempre el coraz\u00f3n del hogar, un punto de encuentro que genera confort. Hoy, las chimeneas met\u00e1licas modernas han evolucionado hasta convertirse en la expresi\u00f3n m\u00e1s sofisticada de este elemento, y dentro de estas, las chimeneas de dise\u00f1o de fabricantes l\u00edderes como <strong>ROCAL<\/strong> y <strong>FOCUS<\/strong> son las grandes protagonistas del interiorismo actual.<\/p>\n\n\n\n<p class=\"gb-text gbp-section__text\">Lejos de las construcciones tradicionales, estas piezas son verdaderas esculturas. Su dise\u00f1o, llevado a la m\u00e1xima expresi\u00f3n, explora la versatilidad: chimeneas suspendidas que parecen flotar, centrales que articulan el espacio o de pared que act\u00faan como un cuadro en movimiento. M\u00e1s que un simple aparato de calefacci\u00f3n, una de estas chimeneas met\u00e1licas es un punto focal que define el estilo del hogar.<\/p>\n\n\n\n<p class=\"gb-text gbp-section__text\">Esta apuesta est\u00e9tica no renuncia al rendimiento. Gracias a tecnolog\u00edas avanzadas, marcas especializadas como <strong>LLARCALOR<\/strong> garantizan que estas chimeneas ofrezcan una alta eficiencia energ\u00e9tica. Elegir chimeneas de dise\u00f1o es, en definitiva, apostar por la perfecta fusi\u00f3n entre un sistema de calefacci\u00f3n eficiente y una pieza de arte.<\/p>\n<\/div>\n<\/div>\n<\/div>\n\n\n\n<div class=\"gbp-section gb-element-df05eb49\">\n<div class=\"gbp-section__inner gb-element-d73e5244\">\n<div class=\"gb-element-b60bd5b0\">\n<a href=\"https:\/\/www.llarsdefoc.cat\/es\/producte\/chimenea-girofocus\/\"><img loading=\"lazy\" decoding=\"async\" width=\"270\" height=\"400\" class=\"gb-media-905f1ab1\" alt=\"\" src=\"https:\/\/www.llarsdefoc.cat\/wp-content\/uploads\/2025\/11\/01-Xemeneia-GIROFOCUS-de-FOCUS.jpg\" title=\"01-Xemeneia-GIROFOCUS-de-FOCUS\" srcset=\"https:\/\/www.llarsdefoc.cat\/wp-content\/uploads\/2025\/11\/01-Xemeneia-GIROFOCUS-de-FOCUS.jpg 270w, https:\/\/www.llarsdefoc.cat\/wp-content\/uploads\/2025\/11\/01-Xemeneia-GIROFOCUS-de-FOCUS-203x300.jpg 203w\" sizes=\"auto, (max-width: 270px) 100vw, 270px\" \/><\/a>\n\n\n\n<h2 class=\"gb-text gbp-section__headline gb-text-d8b007a8\">GIROFOCUS<\/h2>\n\n\n\n<figure style=\"font-size:16px\" class=\"wp-block-table\"><table class=\"has-base-background-color has-background has-fixed-layout\"><tbody><tr><td>Peso: 97 Kg<\/td><\/tr><tr><td>Potencia: 6 kw<\/td><\/tr><tr><td>Medida troncos: 50 cm<\/td><\/tr><tr><td>Precio a consultar<\/td><\/tr><\/tbody><\/table><\/figure>\n<\/div>\n\n\n\n<div class=\"gb-element-a99bf73d\">\n<a href=\"https:\/\/www.llarsdefoc.cat\/es\/producte\/chimenea-domofocus\/\"><img loading=\"lazy\" decoding=\"async\" width=\"270\" height=\"400\" class=\"gb-media-de3fff28\" alt=\"\" src=\"https:\/\/www.llarsdefoc.cat\/wp-content\/uploads\/2025\/11\/02-Xemeneia-DOMOFOCUS-FOCUS.jpg\" title=\"02-Xemeneia-DOMOFOCUS-FOCUS\" srcset=\"https:\/\/www.llarsdefoc.cat\/wp-content\/uploads\/2025\/11\/02-Xemeneia-DOMOFOCUS-FOCUS.jpg 270w, https:\/\/www.llarsdefoc.cat\/wp-content\/uploads\/2025\/11\/02-Xemeneia-DOMOFOCUS-FOCUS-203x300.jpg 203w\" sizes=\"auto, (max-width: 270px) 100vw, 270px\" \/><\/a>\n\n\n\n<h2 class=\"gb-text gbp-section__headline gb-text-31f3fae9\">DOMOFOCUS<\/h2>\n\n\n\n<figure style=\"font-size:16px\" class=\"wp-block-table\"><table class=\"has-base-background-color has-background has-fixed-layout\"><tbody><tr><td>Peso: 97 Kg<\/td><\/tr><tr><td>Potencia: 6 kw<\/td><\/tr><tr><td>Mida troncos: 50 cm<\/td><\/tr><tr><td>Preu a consultar<\/td><\/tr><\/tbody><\/table><\/figure>\n<\/div>\n\n\n\n<div class=\"gb-element-ff107c67\">\n<a href=\"https:\/\/www.llarsdefoc.cat\/es\/producte\/chimenea-ergofocus\/\"><img loading=\"lazy\" decoding=\"async\" width=\"270\" height=\"400\" class=\"gb-media-ff329a35\" alt=\"\" src=\"https:\/\/www.llarsdefoc.cat\/wp-content\/uploads\/2025\/11\/03-ergofocus-2.jpg\" title=\"fotos-base\" srcset=\"https:\/\/www.llarsdefoc.cat\/wp-content\/uploads\/2025\/11\/03-ergofocus-2.jpg 270w, https:\/\/www.llarsdefoc.cat\/wp-content\/uploads\/2025\/11\/03-ergofocus-2-203x300.jpg 203w\" sizes=\"auto, (max-width: 270px) 100vw, 270px\" \/><\/a>\n\n\n\n<h2 class=\"gb-text gbp-section__headline gb-text-31b5d21d\">ERGOFOCUS<\/h2>\n\n\n\n<figure style=\"font-size:16px\" class=\"wp-block-table\"><table class=\"has-base-background-color has-background has-fixed-layout\"><tbody><tr><td>Peso: 68 Kg<\/td><\/tr><tr><td>Potencia: 9 kw<\/td><\/tr><tr><td>Mida troncos: 35 cm<\/td><\/tr><tr><td>Preu a consultar<\/td><\/tr><\/tbody><\/table><\/figure>\n<\/div>\n\n\n\n<div class=\"gb-element-ee60d748\">\n<a href=\"https:\/\/www.llarsdefoc.cat\/es\/producte\/chimenea-bathyscafocus\/\"><img loading=\"lazy\" decoding=\"async\" width=\"270\" height=\"400\" class=\"gb-media-b3c9b192\" alt=\"\" src=\"https:\/\/www.llarsdefoc.cat\/wp-content\/uploads\/2025\/11\/04-BATHYSCAFOCUS.jpg\" title=\"04-BATHYSCAFOCUS\" srcset=\"https:\/\/www.llarsdefoc.cat\/wp-content\/uploads\/2025\/11\/04-BATHYSCAFOCUS.jpg 270w, https:\/\/www.llarsdefoc.cat\/wp-content\/uploads\/2025\/11\/04-BATHYSCAFOCUS-203x300.jpg 203w\" sizes=\"auto, (max-width: 270px) 100vw, 270px\" \/><\/a>\n\n\n\n<h2 class=\"gb-text gbp-section__headline gb-text-0b278e40\">BATHYSCAFOCUS<\/h2>\n\n\n\n<figure style=\"font-size:16px\" class=\"wp-block-table\"><table class=\"has-base-background-color has-background has-fixed-layout\"><tbody><tr><td>Peso: 63 Kg<\/td><\/tr><tr><td>Potencia: 9 kw<\/td><\/tr><tr><td>Mida troncos: 40 cm<\/td><\/tr><tr><td>Preu a consultar<\/td><\/tr><\/tbody><\/table><\/figure>\n<\/div>\n<\/div>\n<\/div>\n\n\n\n<div class=\"gbp-section gb-element-9db3daff\">\n<div class=\"gbp-section__inner gb-element-2be60b63\">\n<div class=\"gb-element-69ad71f8\">\n<a href=\"https:\/\/www.llarsdefoc.cat\/es\/producte\/chimenea-drop-rocal\/\"><img loading=\"lazy\" decoding=\"async\" width=\"270\" height=\"400\" class=\"gb-media-3fa6469a\" alt=\"\" src=\"https:\/\/www.llarsdefoc.cat\/wp-content\/uploads\/2025\/11\/05-Xemeneia-Drop-de-ROCAL.jpg\" title=\"05-Xemeneia-Drop-de-ROCAL\" srcset=\"https:\/\/www.llarsdefoc.cat\/wp-content\/uploads\/2025\/11\/05-Xemeneia-Drop-de-ROCAL.jpg 270w, https:\/\/www.llarsdefoc.cat\/wp-content\/uploads\/2025\/11\/05-Xemeneia-Drop-de-ROCAL-203x300.jpg 203w\" sizes=\"auto, (max-width: 270px) 100vw, 270px\" \/><\/a>\n\n\n\n<h2 class=\"gb-text gbp-section__headline gb-text-464c3098\">DROP<\/h2>\n\n\n\n<figure style=\"font-size:16px\" class=\"wp-block-table\"><table class=\"has-base-background-color has-background has-fixed-layout\"><tbody><tr><td>Peso: 148 Kg<\/td><\/tr><tr><td>Potencia: 9,9 kw<\/td><\/tr><tr><td>Medida troncos: 33 cm<\/td><\/tr><tr><td>Preu: 4.080 \u20ac<\/td><\/tr><\/tbody><\/table><\/figure>\n<\/div>\n\n\n\n<div class=\"gb-element-bea3cdb8\">\n<a href=\"https:\/\/www.llarsdefoc.cat\/es\/producte\/chimenea-city-rocal\/\"><img loading=\"lazy\" decoding=\"async\" width=\"270\" height=\"400\" class=\"gb-media-fc04dbe5\" alt=\"\" src=\"https:\/\/www.llarsdefoc.cat\/wp-content\/uploads\/2025\/11\/06-citi-2.jpg\" title=\"06-citi-2\" srcset=\"https:\/\/www.llarsdefoc.cat\/wp-content\/uploads\/2025\/11\/06-citi-2.jpg 270w, https:\/\/www.llarsdefoc.cat\/wp-content\/uploads\/2025\/11\/06-citi-2-203x300.jpg 203w\" sizes=\"auto, (max-width: 270px) 100vw, 270px\" \/><\/a>\n\n\n\n<h2 class=\"gb-text gbp-section__headline gb-text-02e78f4c\">CITY<\/h2>\n\n\n\n<figure style=\"font-size:16px\" class=\"wp-block-table\"><table class=\"has-base-background-color has-background has-fixed-layout\"><tbody><tr><td>Peso: 152 Kg<\/td><\/tr><tr><td>Potencia: 14,1 kw<\/td><\/tr><tr><td>Medida troncos: 40 cm<\/td><\/tr><tr><td>Preu: 3.730 \u20ac<\/td><\/tr><\/tbody><\/table><\/figure>\n<\/div>\n\n\n\n<div class=\"gb-element-32f6171b\">\n<a href=\"https:\/\/www.llarsdefoc.cat\/es\/producte\/chimenea-oval\/\"><img loading=\"lazy\" decoding=\"async\" width=\"270\" height=\"400\" class=\"gb-media-f86b2b38\" alt=\"\" src=\"https:\/\/www.llarsdefoc.cat\/wp-content\/uploads\/2025\/12\/07-oval-scaled-rbw8r14l3ubj2lxit3dxgisornzj2tt6uptbxo2ba8.jpg\" title=\"07-oval-scaled-rbw8r14l3ubj2lxit3dxgisornzj2tt6uptbxo2ba8\" srcset=\"https:\/\/www.llarsdefoc.cat\/wp-content\/uploads\/2025\/12\/07-oval-scaled-rbw8r14l3ubj2lxit3dxgisornzj2tt6uptbxo2ba8.jpg 270w, https:\/\/www.llarsdefoc.cat\/wp-content\/uploads\/2025\/12\/07-oval-scaled-rbw8r14l3ubj2lxit3dxgisornzj2tt6uptbxo2ba8-203x300.jpg 203w\" sizes=\"auto, (max-width: 270px) 100vw, 270px\" \/><\/a>\n\n\n\n<h2 class=\"gb-text gbp-section__headline gb-text-d6311828\">OVAL<\/h2>\n\n\n\n<figure style=\"font-size:16px\" class=\"wp-block-table\"><table class=\"has-base-background-color has-background has-fixed-layout\"><tbody><tr><td>Peso: 112 Kg<\/td><\/tr><tr><td>Potencia: 8,4 kw<\/td><\/tr><tr><td>Medida troncos: 33 cm<\/td><\/tr><tr><td>Preu: 3.250 \u20ac<\/td><\/tr><\/tbody><\/table><\/figure>\n<\/div>\n\n\n\n<div class=\"gb-element-f8a31b02\">\n<a href=\"https:\/\/www.llarsdefoc.cat\/es\/producte\/chimenea-ronde-rocal\/\"><img loading=\"lazy\" decoding=\"async\" width=\"270\" height=\"402\" class=\"gb-media-76f368bb\" alt=\"\" src=\"https:\/\/www.llarsdefoc.cat\/wp-content\/uploads\/2025\/12\/08-Xemeneia-Ronde-frontal-de-ROCAL-rc9x4ej7sj0odmu72zf13l3nilvrseb6j5xob6h7ds.jpg\" title=\"08-Xemeneia-Ronde-frontal-de-ROCAL-rc9x4ej7sj0odmu72zf13l3nilvrseb6j5xob6h7ds\" srcset=\"https:\/\/www.llarsdefoc.cat\/wp-content\/uploads\/2025\/12\/08-Xemeneia-Ronde-frontal-de-ROCAL-rc9x4ej7sj0odmu72zf13l3nilvrseb6j5xob6h7ds.jpg 270w, https:\/\/www.llarsdefoc.cat\/wp-content\/uploads\/2025\/12\/08-Xemeneia-Ronde-frontal-de-ROCAL-rc9x4ej7sj0odmu72zf13l3nilvrseb6j5xob6h7ds-201x300.jpg 201w\" sizes=\"auto, (max-width: 270px) 100vw, 270px\" \/><\/a>\n\n\n\n<h2 class=\"gb-text gbp-section__headline gb-text-91ac0808\">RONDE<\/h2>\n\n\n\n<figure style=\"font-size:16px\" class=\"wp-block-table\"><table class=\"has-base-background-color has-background has-fixed-layout\"><tbody><tr><td>Peso: 128 Kg<\/td><\/tr><tr><td>Potencia: 10,5 kw<\/td><\/tr><tr><td>Medida troncos: 33 cm<\/td><\/tr><tr><td>Preu: 3.480\u20ac<\/td><\/tr><\/tbody><\/table><\/figure>\n<\/div>\n<\/div>\n<\/div>\n\n\n\n<div class=\"gbp-section gb-element-4057eef7\">\n<div class=\"gbp-section__inner gb-element-faf69659\">\n<div class=\"gb-element-3148b7cf\">\n<a href=\"https:\/\/www.llarsdefoc.cat\/es\/producte\/chimenea-gala\/\"><img loading=\"lazy\" decoding=\"async\" width=\"270\" height=\"399\" class=\"gb-media-64d72ccd\" alt=\"\" src=\"https:\/\/www.llarsdefoc.cat\/wp-content\/uploads\/2025\/11\/09-gala-1.jpg\" title=\"09-gala-1\" srcset=\"https:\/\/www.llarsdefoc.cat\/wp-content\/uploads\/2025\/11\/09-gala-1.jpg 270w, https:\/\/www.llarsdefoc.cat\/wp-content\/uploads\/2025\/11\/09-gala-1-203x300.jpg 203w\" sizes=\"auto, (max-width: 270px) 100vw, 270px\" \/><\/a>\n\n\n\n<h2 class=\"gb-text gbp-section__headline gb-text-7636308e\">GALA<\/h2>\n\n\n\n<figure style=\"font-size:16px\" class=\"wp-block-table\"><table class=\"has-base-background-color has-background has-fixed-layout\"><tbody><tr><td>Peso: 101 Kg<\/td><\/tr><tr><td>Potencia: 7,7 kw<\/td><\/tr><tr><td>Medida troncos: 33 cm<\/td><\/tr><tr><td>Preu: 3.070 \u20ac<\/td><\/tr><\/tbody><\/table><\/figure>\n<\/div>\n\n\n\n<div class=\"gb-element-7371bc3c\">\n<a href=\"https:\/\/www.llarsdefoc.cat\/es\/producte\/chimenea-d8-rocal\/\"><img loading=\"lazy\" decoding=\"async\" width=\"270\" height=\"399\" class=\"gb-media-a143cba6\" alt=\"\" src=\"https:\/\/www.llarsdefoc.cat\/wp-content\/uploads\/2025\/12\/10-Xemeneia-D-8-Rocal-rcbcb58q3xld925iriotakrc8j8pypv97w22bq8528.jpg\" title=\"10-Xemeneia-D-8-Rocal-rcbcb58q3xld925iriotakrc8j8pypv97w22bq8528\" srcset=\"https:\/\/www.llarsdefoc.cat\/wp-content\/uploads\/2025\/12\/10-Xemeneia-D-8-Rocal-rcbcb58q3xld925iriotakrc8j8pypv97w22bq8528.jpg 270w, https:\/\/www.llarsdefoc.cat\/wp-content\/uploads\/2025\/12\/10-Xemeneia-D-8-Rocal-rcbcb58q3xld925iriotakrc8j8pypv97w22bq8528-203x300.jpg 203w\" sizes=\"auto, (max-width: 270px) 100vw, 270px\" \/><\/a>\n\n\n\n<h2 class=\"gb-text gbp-section__headline gb-text-7b0c15d7\">D &#8211; 8<\/h2>\n\n\n\n<figure style=\"font-size:16px\" class=\"wp-block-table\"><table class=\"has-base-background-color has-background has-fixed-layout\"><tbody><tr><td>Peso: 180 Kg<\/td><\/tr><tr><td>Potencia: 7,5 &#8211; 13 kw<\/td><\/tr><tr><td>Medida troncos: 45 cm<\/td><\/tr><tr><td>Preu: 3.325 \u20ac<\/td><\/tr><\/tbody><\/table><\/figure>\n<\/div>\n\n\n\n<div class=\"gb-element-e6dad3ad\">\n<a href=\"https:\/\/www.llarsdefoc.cat\/es\/producte\/chimenea-d-10-graffiti-rocal\/\"><img loading=\"lazy\" decoding=\"async\" width=\"270\" height=\"400\" class=\"gb-media-997048bb\" alt=\"\" src=\"https:\/\/www.llarsdefoc.cat\/wp-content\/uploads\/2025\/11\/11-d10tecnic.jpg\" title=\"11-d10tecnic\" srcset=\"https:\/\/www.llarsdefoc.cat\/wp-content\/uploads\/2025\/11\/11-d10tecnic.jpg 270w, https:\/\/www.llarsdefoc.cat\/wp-content\/uploads\/2025\/11\/11-d10tecnic-203x300.jpg 203w\" sizes=\"auto, (max-width: 270px) 100vw, 270px\" \/><\/a>\n\n\n\n<h2 class=\"gb-text gbp-section__headline gb-text-97f95466\">D &#8211; 10 GRAFITTI<\/h2>\n\n\n\n<figure style=\"font-size:16px\" class=\"wp-block-table\"><table class=\"has-base-background-color has-background has-fixed-layout\"><tbody><tr><td>Peso: 144 Kg<\/td><\/tr><tr><td>Potencia: 15,4 kw<\/td><\/tr><tr><td>Medida troncos: 33 cm<\/td><\/tr><tr><td>Preu: 4.545 \u20ac<\/td><\/tr><\/tbody><\/table><\/figure>\n<\/div>\n\n\n\n<div class=\"gb-element-90d479ba\">\n<a href=\"https:\/\/www.llarsdefoc.cat\/es\/producte\/chimenea-rocal-giselle-90\/\"><img loading=\"lazy\" decoding=\"async\" width=\"270\" height=\"400\" class=\"gb-media-252fd761\" alt=\"\" src=\"https:\/\/www.llarsdefoc.cat\/wp-content\/uploads\/2025\/11\/12-giselle.jpg\" title=\"12-giselle\" srcset=\"https:\/\/www.llarsdefoc.cat\/wp-content\/uploads\/2025\/11\/12-giselle.jpg 270w, https:\/\/www.llarsdefoc.cat\/wp-content\/uploads\/2025\/11\/12-giselle-203x300.jpg 203w\" sizes=\"auto, (max-width: 270px) 100vw, 270px\" \/><\/a>\n\n\n\n<h2 class=\"gb-text gbp-section__headline gb-text-97dc4cb7\">GISELLE 90<\/h2>\n\n\n\n<figure style=\"font-size:16px\" class=\"wp-block-table\"><table class=\"has-base-background-color has-background has-fixed-layout\"><tbody><tr><td>Peso: 325 Kg<\/td><\/tr><tr><td>Potencia: 17,6 kw<\/td><\/tr><tr><td>Medida troncos: 40 cm<\/td><\/tr><tr><td>Preu: 5.660 \u20ac<\/td><\/tr><\/tbody><\/table><\/figure>\n<\/div>\n<\/div>\n<\/div>\n\n\n\n<div class=\"gbp-section gb-element-e20f5095\">\n<div class=\"gbp-section__inner gb-element-fac07d1f\">\n<div class=\"gb-element-a84998dd\">\n<a href=\"https:\/\/www.llarsdefoc.cat\/es\/producte\/chimenea-frontal-ll-15-a\/\"><img loading=\"lazy\" decoding=\"async\" width=\"270\" height=\"400\" class=\"gb-media-2ddf7565\" alt=\"\" src=\"https:\/\/www.llarsdefoc.cat\/wp-content\/uploads\/2025\/11\/13-Xemeneia-LL-15-A.jpg\" title=\"13-Xemeneia-LL-15-A\" srcset=\"https:\/\/www.llarsdefoc.cat\/wp-content\/uploads\/2025\/11\/13-Xemeneia-LL-15-A.jpg 270w, https:\/\/www.llarsdefoc.cat\/wp-content\/uploads\/2025\/11\/13-Xemeneia-LL-15-A-203x300.jpg 203w\" sizes=\"auto, (max-width: 270px) 100vw, 270px\" \/><\/a>\n\n\n\n<h2 class=\"gb-text gbp-section__headline gb-text-144a9da0\">LL-15 A<\/h2>\n\n\n\n<figure style=\"font-size:16px\" class=\"wp-block-table\"><table class=\"has-base-background-color has-background has-fixed-layout\"><tbody><tr><td>Peso: 150 Kg<\/td><\/tr><tr><td>Potencia: 8 &#8211; 15 kw<\/td><\/tr><tr><td>Medida troncos: 45 cm<\/td><\/tr><tr><td>Preu: 2.300 \u20ac<\/td><\/tr><\/tbody><\/table><\/figure>\n<\/div>\n\n\n\n<div class=\"gb-element-8e7255ef\">\n<a href=\"https:\/\/www.llarsdefoc.cat\/es\/producte\/chimenea-frontal-rustica-ll-15-b\/\"><img loading=\"lazy\" decoding=\"async\" width=\"270\" height=\"400\" class=\"gb-media-fa7b6b59\" alt=\"\" src=\"https:\/\/www.llarsdefoc.cat\/wp-content\/uploads\/2025\/11\/14-Xemeneia-LL-15-B.jpg\" title=\"14-Xemeneia-LL-15-B\" srcset=\"https:\/\/www.llarsdefoc.cat\/wp-content\/uploads\/2025\/11\/14-Xemeneia-LL-15-B.jpg 270w, https:\/\/www.llarsdefoc.cat\/wp-content\/uploads\/2025\/11\/14-Xemeneia-LL-15-B-203x300.jpg 203w\" sizes=\"auto, (max-width: 270px) 100vw, 270px\" \/><\/a>\n\n\n\n<h2 class=\"gb-text gbp-section__headline gb-text-5da7157f\">LL-15 B<\/h2>\n\n\n\n<figure style=\"font-size:16px\" class=\"wp-block-table\"><table class=\"has-base-background-color has-background has-fixed-layout\"><tbody><tr><td>Peso: 150 Kg<\/td><\/tr><tr><td>Potencia: 8 &#8211; 15 kw<\/td><\/tr><tr><td>Medida troncos: 45 cm<\/td><\/tr><tr><td>Preu: 2.390 \u20ac<\/td><\/tr><\/tbody><\/table><\/figure>\n<\/div>\n\n\n\n<div class=\"gb-element-9330955e\">\n<a href=\"https:\/\/www.llarsdefoc.cat\/es\/producte\/chimenea-rinconera-ll-25-a\/\"><img loading=\"lazy\" decoding=\"async\" width=\"270\" height=\"400\" class=\"gb-media-ab5ff184\" alt=\"\" src=\"https:\/\/www.llarsdefoc.cat\/wp-content\/uploads\/2025\/11\/15-Xemeneia-LL-25-A.jpg\" title=\"15-Xemeneia-LL-25-A\" srcset=\"https:\/\/www.llarsdefoc.cat\/wp-content\/uploads\/2025\/11\/15-Xemeneia-LL-25-A.jpg 270w, https:\/\/www.llarsdefoc.cat\/wp-content\/uploads\/2025\/11\/15-Xemeneia-LL-25-A-203x300.jpg 203w\" sizes=\"auto, (max-width: 270px) 100vw, 270px\" \/><\/a>\n\n\n\n<h2 class=\"gb-text gbp-section__headline gb-text-0b286367\">LL-25 A<\/h2>\n\n\n\n<figure style=\"font-size:16px\" class=\"wp-block-table\"><table class=\"has-base-background-color has-background has-fixed-layout\"><tbody><tr><td>Peso: 159 Kg<\/td><\/tr><tr><td>Potencia: 10 &#8211; 17 kw<\/td><\/tr><tr><td>Medida troncos: 45 cm<\/td><\/tr><tr><td>Preu: 2.540 \u20ac<\/td><\/tr><\/tbody><\/table><\/figure>\n<\/div>\n\n\n\n<div class=\"gb-element-7c49b9e9\">\n<a href=\"https:\/\/www.llarsdefoc.cat\/es\/producte\/chimenea-esquinera-ll-25-b\/\"><img loading=\"lazy\" decoding=\"async\" width=\"270\" height=\"400\" class=\"gb-media-9fa61287\" alt=\"\" src=\"https:\/\/www.llarsdefoc.cat\/wp-content\/uploads\/2025\/11\/16-Xemeneia-LL-25-B.jpg\" title=\"16-Xemeneia-LL-25-B\" srcset=\"https:\/\/www.llarsdefoc.cat\/wp-content\/uploads\/2025\/11\/16-Xemeneia-LL-25-B.jpg 270w, https:\/\/www.llarsdefoc.cat\/wp-content\/uploads\/2025\/11\/16-Xemeneia-LL-25-B-203x300.jpg 203w\" sizes=\"auto, (max-width: 270px) 100vw, 270px\" \/><\/a>\n\n\n\n<h2 class=\"gb-text gbp-section__headline gb-text-6fb12e16\">LL-25 B<\/h2>\n\n\n\n<figure style=\"font-size:16px\" class=\"wp-block-table\"><table class=\"has-base-background-color has-background has-fixed-layout\"><tbody><tr><td>Peso: 160 Kg<\/td><\/tr><tr><td>Potencia: 10 &#8211; 17 kw<\/td><\/tr><tr><td>Medida troncos: 45 cm<\/td><\/tr><tr><td>Preu: 2.640 \u20ac<\/td><\/tr><\/tbody><\/table><\/figure>\n<\/div>\n<\/div>\n<\/div>\n","protected":false},"excerpt":{"rendered":"<p>Chimeneas Met\u00e1licas El fuego ha sido siempre el coraz\u00f3n del hogar, un punto de encuentro que genera confort. Hoy, las chimeneas met\u00e1licas modernas han evolucionado hasta convertirse en la expresi\u00f3n m\u00e1s sofisticada de este elemento, y dentro de estas, las chimeneas de dise\u00f1o de fabricantes l\u00edderes como ROCAL y FOCUS son las grandes protagonistas del &#8230; <a title=\"Chimeneas\" class=\"read-more\" href=\"https:\/\/www.llarsdefoc.cat\/es\/chimeneas\/\" aria-label=\"Leer m\u00e1s sobre Chimeneas\">Leer m\u00e1s<\/a><\/p>\n","protected":false},"author":2,"featured_media":0,"parent":0,"menu_order":0,"comment_status":"closed","ping_status":"closed","template":"","meta":{"_gspb_post_css":"","footnotes":""},"class_list":["post-50406","page","type-page","status-publish"],"_links":{"self":[{"href":"https:\/\/www.llarsdefoc.cat\/es\/wp-json\/wp\/v2\/pages\/50406","targetHints":{"allow":["GET"]}}],"collection":[{"href":"https:\/\/www.llarsdefoc.cat\/es\/wp-json\/wp\/v2\/pages"}],"about":[{"href":"https:\/\/www.llarsdefoc.cat\/es\/wp-json\/wp\/v2\/types\/page"}],"author":[{"embeddable":true,"href":"https:\/\/www.llarsdefoc.cat\/es\/wp-json\/wp\/v2\/users\/2"}],"replies":[{"embeddable":true,"href":"https:\/\/www.llarsdefoc.cat\/es\/wp-json\/wp\/v2\/comments?post=50406"}],"version-history":[{"count":1,"href":"https:\/\/www.llarsdefoc.cat\/es\/wp-json\/wp\/v2\/pages\/50406\/revisions"}],"predecessor-version":[{"id":50510,"href":"https:\/\/www.llarsdefoc.cat\/es\/wp-json\/wp\/v2\/pages\/50406\/revisions\/50510"}],"wp:attachment":[{"href":"https:\/\/www.llarsdefoc.cat\/es\/wp-json\/wp\/v2\/media?parent=50406"}],"curies":[{"name":"wp","href":"https:\/\/api.w.org\/{rel}","templated":true}]}}