{"id":4242,"date":"2021-03-05T14:57:14","date_gmt":"2021-03-05T13:57:14","guid":{"rendered":"https:\/\/www.llarsdefoc.cat\/producte\/chimenea-ergofocus\/"},"modified":"2025-11-15T18:32:13","modified_gmt":"2025-11-15T17:32:13","slug":"chimenea-ergofocus","status":"publish","type":"product","link":"https:\/\/www.llarsdefoc.cat\/es\/producte\/chimenea-ergofocus\/","title":{"rendered":"Chimenea Ergofocus"},"content":{"rendered":"","protected":false},"excerpt":{"rendered":"<p>Esta versi\u00f3n del Ergofocus adapta su dise\u00f1o ic\u00f3nico, ofreciendo la libertad de instalar una chimenea suspendida y pivotando 360\u00b0 en cualquier espacio.<\/p>\n<p>Es la soluci\u00f3n perfecta para gozar de la belleza de un fuego real en apartamentos, hoteles. El \u00e9xito de este modelo radica en la combinaci\u00f3n de su elegante simplicidad.<\/p>\n<p>Su generosa apertura panor\u00e1mica enmarca una llama limpia y vibrante. La capacidad de pivotar 360\u00b0 permite orientar este espect\u00e1culo visual hacia cualquier punto de la sala, convirti\u00e9ndola en una pieza de arte en movimiento que aporta calidez y sofisticaci\u00f3n con la m\u00e1xima facilidad de uso y mantenimiento.<\/p>\n","protected":false},"featured_media":4122,"template":"","meta":{"_gspb_post_css":""},"product_brand":[],"product_cat":[22],"product_tag":[],"class_list":{"0":"post-4242","1":"product","2":"type-product","3":"status-publish","4":"has-post-thumbnail","6":"product_cat-sense-categoria","8":"first","9":"instock","10":"shipping-taxable","11":"product-type-simple"},"_links":{"self":[{"href":"https:\/\/www.llarsdefoc.cat\/es\/wp-json\/wp\/v2\/product\/4242","targetHints":{"allow":["GET"]}}],"collection":[{"href":"https:\/\/www.llarsdefoc.cat\/es\/wp-json\/wp\/v2\/product"}],"about":[{"href":"https:\/\/www.llarsdefoc.cat\/es\/wp-json\/wp\/v2\/types\/product"}],"wp:featuredmedia":[{"embeddable":true,"href":"https:\/\/www.llarsdefoc.cat\/es\/wp-json\/wp\/v2\/media\/4122"}],"wp:attachment":[{"href":"https:\/\/www.llarsdefoc.cat\/es\/wp-json\/wp\/v2\/media?parent=4242"}],"wp:term":[{"taxonomy":"product_brand","embeddable":true,"href":"https:\/\/www.llarsdefoc.cat\/es\/wp-json\/wp\/v2\/product_brand?post=4242"},{"taxonomy":"product_cat","embeddable":true,"href":"https:\/\/www.llarsdefoc.cat\/es\/wp-json\/wp\/v2\/product_cat?post=4242"},{"taxonomy":"product_tag","embeddable":true,"href":"https:\/\/www.llarsdefoc.cat\/es\/wp-json\/wp\/v2\/product_tag?post=4242"}],"curies":[{"name":"wp","href":"https:\/\/api.w.org\/{rel}","templated":true}]}}