{"id":4243,"date":"2021-03-05T14:37:00","date_gmt":"2021-03-05T13:37:00","guid":{"rendered":"https:\/\/www.llarsdefoc.cat\/producte\/girofocus\/"},"modified":"2025-12-24T00:40:53","modified_gmt":"2025-12-23T23:40:53","slug":"chimenea-girofocus","status":"publish","type":"product","link":"https:\/\/www.llarsdefoc.cat\/es\/producte\/chimenea-girofocus\/","title":{"rendered":"Chimenea GIROFOCUS"},"content":{"rendered":"","protected":false},"excerpt":{"rendered":"<p>La Chimenea GIROFOCUS, es un modelo revolucionario creado en 1968, tanto en el dise\u00f1o de las formas como por sus caracter\u00edsticas t\u00e9cnicas, primera chimenea suspendida y pivotando 360 grados, este modelo ha estado expuesto en diferentes museos y ferias. Escogida como el objeto m\u00e1s bonito del mundo y enterrada en el museo del futuro en Italia.<\/p>\n<p>M\u00e1s que una simple chimenea, el Gyrofocus es una escultura funcional que redefine el espacio. Su capacidad de pivotar 360 grados permite orientar la calidez y el espect\u00e1culo del fuego hacia cualquier rinc\u00f3n de la estancia, convirti\u00e9ndose en un centro social din\u00e1mico.<\/p>\n<p>Poseer un Gyrofocus es incorporar un icono del dise\u00f1o del siglo XX en el hogar, una pieza de conversaci\u00f3n que trasciende su funci\u00f3n para convertirse en pura expresi\u00f3n art\u00edstica.<\/p>\n<p><strong>Peso: <\/strong>97\u00a0kg<strong><br \/>\n<\/strong><strong>Potencia:<\/strong> 6 kW<br \/>\n<strong>Longitud troncos: <\/strong>50 cm<\/p>\n","protected":false},"featured_media":49692,"template":"","meta":{"_gspb_post_css":""},"product_brand":[],"product_cat":[],"product_tag":[],"class_list":{"0":"post-4243","1":"product","2":"type-product","3":"status-publish","4":"has-post-thumbnail","7":"first","8":"instock","9":"shipping-taxable","10":"product-type-simple"},"_links":{"self":[{"href":"https:\/\/www.llarsdefoc.cat\/es\/wp-json\/wp\/v2\/product\/4243","targetHints":{"allow":["GET"]}}],"collection":[{"href":"https:\/\/www.llarsdefoc.cat\/es\/wp-json\/wp\/v2\/product"}],"about":[{"href":"https:\/\/www.llarsdefoc.cat\/es\/wp-json\/wp\/v2\/types\/product"}],"wp:featuredmedia":[{"embeddable":true,"href":"https:\/\/www.llarsdefoc.cat\/es\/wp-json\/wp\/v2\/media\/49692"}],"wp:attachment":[{"href":"https:\/\/www.llarsdefoc.cat\/es\/wp-json\/wp\/v2\/media?parent=4243"}],"wp:term":[{"taxonomy":"product_brand","embeddable":true,"href":"https:\/\/www.llarsdefoc.cat\/es\/wp-json\/wp\/v2\/product_brand?post=4243"},{"taxonomy":"product_cat","embeddable":true,"href":"https:\/\/www.llarsdefoc.cat\/es\/wp-json\/wp\/v2\/product_cat?post=4243"},{"taxonomy":"product_tag","embeddable":true,"href":"https:\/\/www.llarsdefoc.cat\/es\/wp-json\/wp\/v2\/product_tag?post=4243"}],"curies":[{"name":"wp","href":"https:\/\/api.w.org\/{rel}","templated":true}]}}