{"id":4244,"date":"2021-03-05T14:34:48","date_gmt":"2021-03-05T13:34:48","guid":{"rendered":"https:\/\/www.llarsdefoc.cat\/producte\/domofocus\/"},"modified":"2025-11-16T02:35:34","modified_gmt":"2025-11-16T01:35:34","slug":"chimenea-domofocus","status":"publish","type":"product","link":"https:\/\/www.llarsdefoc.cat\/es\/producte\/chimenea-domofocus\/","title":{"rendered":"Chimenea DOMOFOCUS"},"content":{"rendered":"","protected":false},"excerpt":{"rendered":"<p>Es la hermana menor de la Gyrofocus, la Domofocus de un di\u00e1metro inferior, pero sonr\u00ede mucho m\u00e1s. Con una forma generosa, da valor a un espacio tradicional o m\u00e1s contempor\u00e1neo. Suspendida y giratoria a 360\u00b0.<\/p>\n<p>Este modelo reinterpreta la ic\u00f3nica forma suspendida con un car\u00e1cter m\u00e1s abierto y acogedor. Su amplia \u00abboca sonriente\u00bb no solo es un rasgo de dise\u00f1o distintivo, sino que ofrece una visi\u00f3n del fuego extremadamente generosa y cercana.<\/p>\n<p>Conserva la revolucionaria funci\u00f3n pivotante de 360 \u200b\u200bgrados pero con una est\u00e9tica amable para cualquier hogar.<\/p>\n<p>Peso: 97 kg.<br \/>\nPotencia: 6 kW<br \/>\nMedida troncos: 50 cm<br \/>\nPrecio a consultar<\/p>\n","protected":false},"featured_media":4082,"template":"","meta":{"_gspb_post_css":""},"product_brand":[],"product_cat":[22],"product_tag":[],"class_list":{"0":"post-4244","1":"product","2":"type-product","3":"status-publish","4":"has-post-thumbnail","6":"product_cat-sense-categoria","8":"first","9":"instock","10":"shipping-taxable","11":"product-type-simple"},"_links":{"self":[{"href":"https:\/\/www.llarsdefoc.cat\/es\/wp-json\/wp\/v2\/product\/4244","targetHints":{"allow":["GET"]}}],"collection":[{"href":"https:\/\/www.llarsdefoc.cat\/es\/wp-json\/wp\/v2\/product"}],"about":[{"href":"https:\/\/www.llarsdefoc.cat\/es\/wp-json\/wp\/v2\/types\/product"}],"wp:featuredmedia":[{"embeddable":true,"href":"https:\/\/www.llarsdefoc.cat\/es\/wp-json\/wp\/v2\/media\/4082"}],"wp:attachment":[{"href":"https:\/\/www.llarsdefoc.cat\/es\/wp-json\/wp\/v2\/media?parent=4244"}],"wp:term":[{"taxonomy":"product_brand","embeddable":true,"href":"https:\/\/www.llarsdefoc.cat\/es\/wp-json\/wp\/v2\/product_brand?post=4244"},{"taxonomy":"product_cat","embeddable":true,"href":"https:\/\/www.llarsdefoc.cat\/es\/wp-json\/wp\/v2\/product_cat?post=4244"},{"taxonomy":"product_tag","embeddable":true,"href":"https:\/\/www.llarsdefoc.cat\/es\/wp-json\/wp\/v2\/product_tag?post=4244"}],"curies":[{"name":"wp","href":"https:\/\/api.w.org\/{rel}","templated":true}]}}