{"id":4245,"date":"2021-03-04T12:53:09","date_gmt":"2021-03-04T11:53:09","guid":{"rendered":"https:\/\/www.llarsdefoc.cat\/producte\/bathyscafocus\/"},"modified":"2025-11-16T01:53:48","modified_gmt":"2025-11-16T00:53:48","slug":"chimenea-bathyscafocus","status":"publish","type":"product","link":"https:\/\/www.llarsdefoc.cat\/es\/producte\/chimenea-bathyscafocus\/","title":{"rendered":"Chimenea BATHYSCAFOCUS"},"content":{"rendered":"","protected":false},"excerpt":{"rendered":"<p>La Bathyscafocus es una chimenea met\u00e1lica suspendida, de forma redonda de 700 mm de di\u00e1metro, y con cierre de puerta de vidrio vitrocer\u00e1mico. Cuenta con una almohadilla en el interior que permite que se pueda girar a la direcci\u00f3n que queramos ver el fuego.<\/p>\n<p>Esta esfera tiene una presencia misteriosa que hace felices a quien est\u00e1 a su alrededor. El dise\u00f1o esf\u00e9rico y cerrado, evoca la forma de una escotilla, ofreciendo una ventana \u00edntima y segura a las llamas.<\/p>\n<p>Esta concepci\u00f3n no solo le confiere una personalidad \u00fanica y cautivadora, sino que tambi\u00e9n optimiza su combusti\u00f3n y rendimiento t\u00e9rmico. Su capacidad de girar sobre s\u00ed misma permite crear un punto focal m\u00f3vil, ofreciendo una experiencia de calidez cercana y personalizada desde cualquier \u00e1ngulo.<\/p>\n<p><strong>Peso: <\/strong>63\u00a0kg<strong><br \/>\n<\/strong><strong>Potencia:<\/strong> 5 kW<br \/>\n<strong>Longitud troncos: <\/strong>40 cm<\/p>\n","protected":false},"featured_media":4114,"template":"","meta":{"_gspb_post_css":""},"product_brand":[],"product_cat":[22],"product_tag":[],"class_list":{"0":"post-4245","1":"product","2":"type-product","3":"status-publish","4":"has-post-thumbnail","6":"product_cat-sense-categoria","8":"first","9":"instock","10":"shipping-taxable","11":"product-type-simple"},"_links":{"self":[{"href":"https:\/\/www.llarsdefoc.cat\/es\/wp-json\/wp\/v2\/product\/4245","targetHints":{"allow":["GET"]}}],"collection":[{"href":"https:\/\/www.llarsdefoc.cat\/es\/wp-json\/wp\/v2\/product"}],"about":[{"href":"https:\/\/www.llarsdefoc.cat\/es\/wp-json\/wp\/v2\/types\/product"}],"wp:featuredmedia":[{"embeddable":true,"href":"https:\/\/www.llarsdefoc.cat\/es\/wp-json\/wp\/v2\/media\/4114"}],"wp:attachment":[{"href":"https:\/\/www.llarsdefoc.cat\/es\/wp-json\/wp\/v2\/media?parent=4245"}],"wp:term":[{"taxonomy":"product_brand","embeddable":true,"href":"https:\/\/www.llarsdefoc.cat\/es\/wp-json\/wp\/v2\/product_brand?post=4245"},{"taxonomy":"product_cat","embeddable":true,"href":"https:\/\/www.llarsdefoc.cat\/es\/wp-json\/wp\/v2\/product_cat?post=4245"},{"taxonomy":"product_tag","embeddable":true,"href":"https:\/\/www.llarsdefoc.cat\/es\/wp-json\/wp\/v2\/product_tag?post=4245"}],"curies":[{"name":"wp","href":"https:\/\/api.w.org\/{rel}","templated":true}]}}