{"id":4246,"date":"2020-12-23T12:10:47","date_gmt":"2020-12-23T11:10:47","guid":{"rendered":"https:\/\/www.llarsdefoc.cat\/producte\/chimenea-drop-rocal\/"},"modified":"2025-11-16T01:41:19","modified_gmt":"2025-11-16T00:41:19","slug":"chimenea-drop-rocal","status":"publish","type":"product","link":"https:\/\/www.llarsdefoc.cat\/es\/producte\/chimenea-drop-rocal\/","title":{"rendered":"Chimenea Drop ROCAL"},"content":{"rendered":"","protected":false},"excerpt":{"rendered":"<p>Sus l\u00edneas verticales y las formas redondeadas buscan la adaptaci\u00f3n y a la vez, protagonismo dentro del conjunto de la vivienda; reh\u00fayen de la indiferencia y de la mimetizaci\u00f3n. Inspirada en la fluidez de una gota, su forma org\u00e1nica rompe con la rigidez de la arquitectura convencional, convirti\u00e9ndose en un punto focal que captura todas las miradas.<\/p>\n<p>Su dise\u00f1o suspendido no solo libera el espacio, sino que le otorga una ligereza visual que acent\u00faa su car\u00e1cter escult\u00f3rico. La chimenea Drop no solo calienta el ambiente, sino que a\u00f1ade un componente art\u00edstico.<\/p>\n<p><strong>Rendimiento:<\/strong> 85,03%<br \/>\n<strong>Potencia:<\/strong> 9,9 kW<br \/>\n<strong>Rango potencia:<\/strong> 6,5-11,5 kW<br \/>\n<strong>Emisiones: <\/strong>0,093%<br \/>\n<strong>Part\u00edculas:\u00a0<\/strong>9,10 mg\/Nm3<br \/>\n<strong>Nox: 113<\/strong> mg\/Nm3<br \/>\n<strong>OGC: <\/strong>68 mg\/Nm3<br \/>\n<strong>Peso tronco: 2,6<\/strong>\u00a0kg\/h<br \/>\n<strong>Peso: 148<\/strong>\u00a0kg<br \/>\n<strong>Longitud tronco: 33<\/strong>\u00a0cm<br \/>\n<strong>Normativa UE: UNE<\/strong>\u00a0EN-13240<\/p>\n<p><img loading=\"lazy\" decoding=\"async\" class=\"alignnone wp-image-294\" src=\"https:\/\/www.llarsdefoc.cat\/wp-content\/uploads\/2020\/10\/ener_a1.png\" alt=\"\" width=\"118\" height=\"35\" srcset=\"https:\/\/www.llarsdefoc.cat\/wp-content\/uploads\/2020\/10\/ener_a1.png 768w, https:\/\/www.llarsdefoc.cat\/wp-content\/uploads\/2020\/10\/ener_a1-600x178.png 600w, https:\/\/www.llarsdefoc.cat\/wp-content\/uploads\/2020\/10\/ener_a1-300x89.png 300w\" sizes=\"auto, (max-width: 118px) 100vw, 118px\" \/><br \/>\n<img loading=\"lazy\" decoding=\"async\" class=\"alignnone wp-image-290\" src=\"https:\/\/www.llarsdefoc.cat\/wp-content\/uploads\/2020\/10\/aefecc_7.png\" alt=\"\" width=\"65\" height=\"65\" srcset=\"https:\/\/www.llarsdefoc.cat\/wp-content\/uploads\/2020\/10\/aefecc_7.png 481w, https:\/\/www.llarsdefoc.cat\/wp-content\/uploads\/2020\/10\/aefecc_7-300x300.png 300w, https:\/\/www.llarsdefoc.cat\/wp-content\/uploads\/2020\/10\/aefecc_7-100x100.png 100w, https:\/\/www.llarsdefoc.cat\/wp-content\/uploads\/2020\/10\/aefecc_7-150x150.png 150w\" sizes=\"auto, (max-width: 65px) 100vw, 65px\" \/><br \/>\n<img loading=\"lazy\" decoding=\"async\" class=\"alignnone wp-image-296\" src=\"https:\/\/www.llarsdefoc.cat\/wp-content\/uploads\/2020\/10\/stelle_ambientale_4.jpg\" alt=\"\" width=\"120\" height=\"40\" srcset=\"https:\/\/www.llarsdefoc.cat\/wp-content\/uploads\/2020\/10\/stelle_ambientale_4.jpg 600w, https:\/\/www.llarsdefoc.cat\/wp-content\/uploads\/2020\/10\/stelle_ambientale_4-300x100.jpg 300w\" sizes=\"auto, (max-width: 120px) 100vw, 120px\" \/><\/p>\n<p><img loading=\"lazy\" decoding=\"async\" class=\"alignnone wp-image-292\" src=\"https:\/\/www.llarsdefoc.cat\/wp-content\/uploads\/2020\/10\/conto_termico.jpg\" alt=\"\" width=\"120\" height=\"39\" \/><\/p>\n<p>Dibujo T\u00e9cnico |\u00a0<a href=\"https:\/\/www.llarsdefoc.cat\/wp-content\/uploads\/2020\/12\/DROP-CERT-UE.pdf\" target=\"_blank\" rel=\"noopener noreferrer\">Certificado CE<\/a><\/p>\n","protected":false},"featured_media":4090,"template":"","meta":{"_gspb_post_css":""},"product_brand":[],"product_cat":[22],"product_tag":[],"class_list":{"0":"post-4246","1":"product","2":"type-product","3":"status-publish","4":"has-post-thumbnail","6":"product_cat-sense-categoria","8":"first","9":"instock","10":"shipping-taxable","11":"purchasable","12":"product-type-simple"},"_links":{"self":[{"href":"https:\/\/www.llarsdefoc.cat\/es\/wp-json\/wp\/v2\/product\/4246","targetHints":{"allow":["GET"]}}],"collection":[{"href":"https:\/\/www.llarsdefoc.cat\/es\/wp-json\/wp\/v2\/product"}],"about":[{"href":"https:\/\/www.llarsdefoc.cat\/es\/wp-json\/wp\/v2\/types\/product"}],"wp:featuredmedia":[{"embeddable":true,"href":"https:\/\/www.llarsdefoc.cat\/es\/wp-json\/wp\/v2\/media\/4090"}],"wp:attachment":[{"href":"https:\/\/www.llarsdefoc.cat\/es\/wp-json\/wp\/v2\/media?parent=4246"}],"wp:term":[{"taxonomy":"product_brand","embeddable":true,"href":"https:\/\/www.llarsdefoc.cat\/es\/wp-json\/wp\/v2\/product_brand?post=4246"},{"taxonomy":"product_cat","embeddable":true,"href":"https:\/\/www.llarsdefoc.cat\/es\/wp-json\/wp\/v2\/product_cat?post=4246"},{"taxonomy":"product_tag","embeddable":true,"href":"https:\/\/www.llarsdefoc.cat\/es\/wp-json\/wp\/v2\/product_tag?post=4246"}],"curies":[{"name":"wp","href":"https:\/\/api.w.org\/{rel}","templated":true}]}}