{"id":4247,"date":"2020-12-28T10:12:37","date_gmt":"2020-12-28T09:12:37","guid":{"rendered":"https:\/\/www.llarsdefoc.cat\/producte\/chimenea-gala\/"},"modified":"2025-11-16T01:45:34","modified_gmt":"2025-11-16T00:45:34","slug":"chimenea-gala","status":"publish","type":"product","link":"https:\/\/www.llarsdefoc.cat\/es\/producte\/chimenea-gala\/","title":{"rendered":"Chimenea Gala"},"content":{"rendered":"","protected":false},"excerpt":{"rendered":"<p>Hay objetos que llenan un espacio, y hay objetos que lo transforman por completo. La <strong>chimenea GALA<\/strong> pertenece, sin duda, a la segunda categor\u00eda. Como su nombre indica, GALA viste el hogar para una ocasi\u00f3n especial cada d\u00eda, convirti\u00e9ndose en un s\u00edmbolo de distinci\u00f3n y buen gusto que captura todas las miradas.<\/p>\n<p>Dise\u00f1ada para presidir el aposento, su posici\u00f3n central y su impecable vidrio panor\u00e1mico la convierten en un escenario perfecto. Desde esta atalaya circular no hay \u00e1ngulos muertos, solo una visi\u00f3n completa y acogedora del fuego que invita a todo el mundo a acercarse. Su presencia no impone, sino que acoge, haciendo de cualquier momento una celebraci\u00f3n.<\/p>\n<p><strong>Rendimiento:<\/strong> 81,1%<br \/>\n<strong>Potencia:<\/strong> 17,5 kW<br \/>\n<strong>Rango potencia:<\/strong> 12-21 kW<br \/>\n<strong>Emisiones: <\/strong> 0,16%<br \/>\n<strong>Peso tronco:<\/strong> 4,7 kg\/h<br \/>\n<strong>Peso:<\/strong> 297 kg<br \/>\n<strong>Longitud tronco:<\/strong> 40 cm<br \/>\n<strong>Normativa UE:<\/strong> *UNE EN-13240<\/p>\n<p><img loading=\"lazy\" decoding=\"async\" class=\"alignnone wp-image-294\" src=\"https:\/\/www.llarsdefoc.cat\/wp-content\/uploads\/2020\/10\/ener_a1.png\" alt=\"\" width=\"120\" height=\"36\" srcset=\"https:\/\/www.llarsdefoc.cat\/wp-content\/uploads\/2020\/10\/ener_a1.png 768w, https:\/\/www.llarsdefoc.cat\/wp-content\/uploads\/2020\/10\/ener_a1-600x178.png 600w, https:\/\/www.llarsdefoc.cat\/wp-content\/uploads\/2020\/10\/ener_a1-300x89.png 300w\" sizes=\"auto, (max-width: 120px) 100vw, 120px\" \/><\/p>\n<p><a href=\"https:\/\/www.llarsdefoc.cat\/wp-content\/uploads\/2020\/12\/gala-tecnic.pdf\" target=\"_blank\" rel=\"noopener noreferrer\">Dibujo T\u00e9cnico<\/a> |\u00a0<a href=\"https:\/\/www.llarsdefoc.cat\/wp-content\/uploads\/2020\/12\/GALA-cert-UE.pdf\" target=\"_blank\" rel=\"noopener noreferrer\">Certificado CE<\/a><\/p>\n","protected":false},"featured_media":4098,"template":"","meta":{"_gspb_post_css":""},"product_brand":[],"product_cat":[22],"product_tag":[],"class_list":{"0":"post-4247","1":"product","2":"type-product","3":"status-publish","4":"has-post-thumbnail","6":"product_cat-sense-categoria","8":"first","9":"instock","10":"shipping-taxable","11":"product-type-simple"},"_links":{"self":[{"href":"https:\/\/www.llarsdefoc.cat\/es\/wp-json\/wp\/v2\/product\/4247","targetHints":{"allow":["GET"]}}],"collection":[{"href":"https:\/\/www.llarsdefoc.cat\/es\/wp-json\/wp\/v2\/product"}],"about":[{"href":"https:\/\/www.llarsdefoc.cat\/es\/wp-json\/wp\/v2\/types\/product"}],"wp:featuredmedia":[{"embeddable":true,"href":"https:\/\/www.llarsdefoc.cat\/es\/wp-json\/wp\/v2\/media\/4098"}],"wp:attachment":[{"href":"https:\/\/www.llarsdefoc.cat\/es\/wp-json\/wp\/v2\/media?parent=4247"}],"wp:term":[{"taxonomy":"product_brand","embeddable":true,"href":"https:\/\/www.llarsdefoc.cat\/es\/wp-json\/wp\/v2\/product_brand?post=4247"},{"taxonomy":"product_cat","embeddable":true,"href":"https:\/\/www.llarsdefoc.cat\/es\/wp-json\/wp\/v2\/product_cat?post=4247"},{"taxonomy":"product_tag","embeddable":true,"href":"https:\/\/www.llarsdefoc.cat\/es\/wp-json\/wp\/v2\/product_tag?post=4247"}],"curies":[{"name":"wp","href":"https:\/\/api.w.org\/{rel}","templated":true}]}}