{"id":4248,"date":"2020-12-28T10:00:07","date_gmt":"2020-12-28T09:00:07","guid":{"rendered":"https:\/\/www.llarsdefoc.cat\/producte\/chimenea-rocal-giselle-90\/"},"modified":"2025-11-16T01:46:28","modified_gmt":"2025-11-16T00:46:28","slug":"chimenea-rocal-giselle-90","status":"publish","type":"product","link":"https:\/\/www.llarsdefoc.cat\/es\/producte\/chimenea-rocal-giselle-90\/","title":{"rendered":"Chimenea ROCAL Giselle 90"},"content":{"rendered":"","protected":false},"excerpt":{"rendered":"<p>Modelo central especialmente concebido para los amantes del fuego y de las buenas conversaciones. La <strong>Giselle 90 de ROCAL<\/strong>, es el pretexto perfecto en la hora de reunirse frente al fuego. Su estructura de cuatro caras de vidrio ofrece una visi\u00f3n panor\u00e1mica totalmente transparente de las llamas, convirtiendo el fuego en un espect\u00e1culo visible desde cualquier punto.<\/p>\n<p>Con una potencia extraordinaria de 17,6 kW y una construcci\u00f3n extremadamente robusta, est\u00e1 dise\u00f1ada para calentar con solvencia.<\/p>\n<p><strong>Rendimiento:<\/strong> 84%<br \/>\n<strong>Potencia:<\/strong> 17,6 kW<br \/>\n<strong>Rango potencia:<\/strong> 12-21 kW<br \/>\n<strong>Emisiones: <\/strong> 0,09%<br \/>\n<strong>Part\u00edculas:\u00a0<\/strong> 25 mg\/Nm3<br \/>\n<strong>Peso tronco:<\/strong> 4,5 kg\/h<br \/>\n<strong>Peso:<\/strong> 325 kg<br \/>\n<strong>Longitud troncos:<\/strong> 40 cm<br \/>\n<strong>Normativa UE:<\/strong> UNE EN-13240<\/p>\n<p><img loading=\"lazy\" decoding=\"async\" class=\"alignnone wp-image-294\" src=\"https:\/\/www.llarsdefoc.cat\/wp-content\/uploads\/2020\/10\/ener_a1.png\" alt=\"\" width=\"120\" height=\"36\" srcset=\"https:\/\/www.llarsdefoc.cat\/wp-content\/uploads\/2020\/10\/ener_a1.png 768w, https:\/\/www.llarsdefoc.cat\/wp-content\/uploads\/2020\/10\/ener_a1-600x178.png 600w, https:\/\/www.llarsdefoc.cat\/wp-content\/uploads\/2020\/10\/ener_a1-300x89.png 300w\" sizes=\"auto, (max-width: 120px) 100vw, 120px\" \/><\/p>\n<p><img loading=\"lazy\" decoding=\"async\" class=\"alignnone wp-image-290\" src=\"https:\/\/www.llarsdefoc.cat\/wp-content\/uploads\/2020\/10\/aefecc_7.png\" alt=\"\" width=\"80\" height=\"80\" srcset=\"https:\/\/www.llarsdefoc.cat\/wp-content\/uploads\/2020\/10\/aefecc_7.png 481w, https:\/\/www.llarsdefoc.cat\/wp-content\/uploads\/2020\/10\/aefecc_7-300x300.png 300w, https:\/\/www.llarsdefoc.cat\/wp-content\/uploads\/2020\/10\/aefecc_7-100x100.png 100w, https:\/\/www.llarsdefoc.cat\/wp-content\/uploads\/2020\/10\/aefecc_7-150x150.png 150w\" sizes=\"auto, (max-width: 80px) 100vw, 80px\" \/><\/p>\n<p><a href=\"https:\/\/www.llarsdefoc.cat\/wp-content\/uploads\/2020\/12\/GISELLE-90-tecnic.pdf\" target=\"_blank\" rel=\"noopener noreferrer\">Dibujo T\u00e9cnico<\/a> |\u00a0<a href=\"https:\/\/www.llarsdefoc.cat\/wp-content\/uploads\/2020\/12\/GISELLE-90-cert-UE.pdf\" target=\"_blank\" rel=\"noopener noreferrer\">Certificado CE<\/a><\/p>\n","protected":false},"featured_media":4088,"template":"","meta":{"_gspb_post_css":""},"product_brand":[],"product_cat":[22],"product_tag":[],"class_list":{"0":"post-4248","1":"product","2":"type-product","3":"status-publish","4":"has-post-thumbnail","6":"product_cat-sense-categoria","8":"first","9":"instock","10":"shipping-taxable","11":"purchasable","12":"product-type-simple"},"_links":{"self":[{"href":"https:\/\/www.llarsdefoc.cat\/es\/wp-json\/wp\/v2\/product\/4248","targetHints":{"allow":["GET"]}}],"collection":[{"href":"https:\/\/www.llarsdefoc.cat\/es\/wp-json\/wp\/v2\/product"}],"about":[{"href":"https:\/\/www.llarsdefoc.cat\/es\/wp-json\/wp\/v2\/types\/product"}],"wp:featuredmedia":[{"embeddable":true,"href":"https:\/\/www.llarsdefoc.cat\/es\/wp-json\/wp\/v2\/media\/4088"}],"wp:attachment":[{"href":"https:\/\/www.llarsdefoc.cat\/es\/wp-json\/wp\/v2\/media?parent=4248"}],"wp:term":[{"taxonomy":"product_brand","embeddable":true,"href":"https:\/\/www.llarsdefoc.cat\/es\/wp-json\/wp\/v2\/product_brand?post=4248"},{"taxonomy":"product_cat","embeddable":true,"href":"https:\/\/www.llarsdefoc.cat\/es\/wp-json\/wp\/v2\/product_cat?post=4248"},{"taxonomy":"product_tag","embeddable":true,"href":"https:\/\/www.llarsdefoc.cat\/es\/wp-json\/wp\/v2\/product_tag?post=4248"}],"curies":[{"name":"wp","href":"https:\/\/api.w.org\/{rel}","templated":true}]}}