{"id":4249,"date":"2020-12-23T16:37:13","date_gmt":"2020-12-23T15:37:13","guid":{"rendered":"https:\/\/www.llarsdefoc.cat\/producte\/chimenea-oval\/"},"modified":"2025-11-16T01:43:26","modified_gmt":"2025-11-16T00:43:26","slug":"chimenea-oval","status":"publish","type":"product","link":"https:\/\/www.llarsdefoc.cat\/es\/producte\/chimenea-oval\/","title":{"rendered":"Chimenea OVAL"},"content":{"rendered":"","protected":false},"excerpt":{"rendered":"<p>Esta chimenea de acabado ovalado ofrece unas prestaciones que est\u00e1n alrededor de la excelencia. Su medida reducida hace que sea una chimenea f\u00e1cil de adaptar en cualquier rinc\u00f3n de la casa.<\/p>\n<p>Su forma ovalada y compacta es la soluci\u00f3n perfecta para espacios donde cada cent\u00edmetro cuenta, aportando la calidez y el encanto de una chimenea sin dominar visualmente la habitaci\u00f3n. Detr\u00e1s de su dise\u00f1o discreto se esconde un rendimiento sorprendente, capaz de calentar el aposento de manera eficiente y r\u00e1pida.<\/p>\n<p>Es la prueba que un gran confort y una est\u00e9tica elegante no dependen de una gran medida, haci\u00e9ndola ideal para cuartos de estar acogedores.<\/p>\n<p><strong>Rendimiento:<\/strong> 87%<br \/>\n<strong>Potencia:<\/strong> 11,3 kW<br \/>\n<strong>Rango potencia:<\/strong> 7,5-13 kW<br \/>\n<strong>Emisiones: <\/strong>0,08%<br \/>\n<strong>Part\u00edculas:\u00a0<\/strong>29,72 mg\/Nm3<br \/>\n<strong>Nox: 97,74<\/strong> mg\/Nm3<br \/>\n<strong>OGC: <\/strong>69,60 mg\/Nm3<br \/>\n<strong>Peso tronco: <\/strong>2,8\u00a0kg\/h<br \/>\n<strong>Peso: <\/strong>180\u00a0kg<br \/>\n<strong>Longitud tronco: <\/strong>45 cm<br \/>\n<strong>Normativas UE: <\/strong>UNE EN-13240<\/p>\n<p><img loading=\"lazy\" decoding=\"async\" class=\"alignnone wp-image-294\" src=\"https:\/\/www.llarsdefoc.cat\/wp-content\/uploads\/2020\/10\/ener_a1.png\" alt=\"\" width=\"120\" height=\"36\" srcset=\"https:\/\/www.llarsdefoc.cat\/wp-content\/uploads\/2020\/10\/ener_a1.png 768w, https:\/\/www.llarsdefoc.cat\/wp-content\/uploads\/2020\/10\/ener_a1-600x178.png 600w, https:\/\/www.llarsdefoc.cat\/wp-content\/uploads\/2020\/10\/ener_a1-300x89.png 300w\" sizes=\"auto, (max-width: 120px) 100vw, 120px\" \/><br \/>\n<img loading=\"lazy\" decoding=\"async\" class=\"alignnone wp-image-290\" src=\"https:\/\/www.llarsdefoc.cat\/wp-content\/uploads\/2020\/10\/aefecc_7.png\" alt=\"\" width=\"65\" height=\"65\" srcset=\"https:\/\/www.llarsdefoc.cat\/wp-content\/uploads\/2020\/10\/aefecc_7.png 481w, https:\/\/www.llarsdefoc.cat\/wp-content\/uploads\/2020\/10\/aefecc_7-300x300.png 300w, https:\/\/www.llarsdefoc.cat\/wp-content\/uploads\/2020\/10\/aefecc_7-100x100.png 100w, https:\/\/www.llarsdefoc.cat\/wp-content\/uploads\/2020\/10\/aefecc_7-150x150.png 150w\" sizes=\"auto, (max-width: 65px) 100vw, 65px\" \/><br \/>\n<img loading=\"lazy\" decoding=\"async\" class=\"alignnone wp-image-296\" src=\"https:\/\/www.llarsdefoc.cat\/wp-content\/uploads\/2020\/10\/stelle_ambientale_4.jpg\" alt=\"\" width=\"120\" height=\"40\" srcset=\"https:\/\/www.llarsdefoc.cat\/wp-content\/uploads\/2020\/10\/stelle_ambientale_4.jpg 600w, https:\/\/www.llarsdefoc.cat\/wp-content\/uploads\/2020\/10\/stelle_ambientale_4-300x100.jpg 300w\" sizes=\"auto, (max-width: 120px) 100vw, 120px\" \/><\/p>\n<p><img loading=\"lazy\" decoding=\"async\" class=\"alignnone wp-image-292\" src=\"https:\/\/www.llarsdefoc.cat\/wp-content\/uploads\/2020\/10\/conto_termico.jpg\" alt=\"\" width=\"120\" height=\"39\" \/><\/p>\n<p>Dibujo T\u00e9cnico<\/p>\n","protected":false},"featured_media":4094,"template":"","meta":{"_gspb_post_css":""},"product_brand":[],"product_cat":[22],"product_tag":[],"class_list":{"0":"post-4249","1":"product","2":"type-product","3":"status-publish","4":"has-post-thumbnail","6":"product_cat-sense-categoria","8":"first","9":"instock","10":"shipping-taxable","11":"purchasable","12":"product-type-simple"},"_links":{"self":[{"href":"https:\/\/www.llarsdefoc.cat\/es\/wp-json\/wp\/v2\/product\/4249","targetHints":{"allow":["GET"]}}],"collection":[{"href":"https:\/\/www.llarsdefoc.cat\/es\/wp-json\/wp\/v2\/product"}],"about":[{"href":"https:\/\/www.llarsdefoc.cat\/es\/wp-json\/wp\/v2\/types\/product"}],"wp:featuredmedia":[{"embeddable":true,"href":"https:\/\/www.llarsdefoc.cat\/es\/wp-json\/wp\/v2\/media\/4094"}],"wp:attachment":[{"href":"https:\/\/www.llarsdefoc.cat\/es\/wp-json\/wp\/v2\/media?parent=4249"}],"wp:term":[{"taxonomy":"product_brand","embeddable":true,"href":"https:\/\/www.llarsdefoc.cat\/es\/wp-json\/wp\/v2\/product_brand?post=4249"},{"taxonomy":"product_cat","embeddable":true,"href":"https:\/\/www.llarsdefoc.cat\/es\/wp-json\/wp\/v2\/product_cat?post=4249"},{"taxonomy":"product_tag","embeddable":true,"href":"https:\/\/www.llarsdefoc.cat\/es\/wp-json\/wp\/v2\/product_tag?post=4249"}],"curies":[{"name":"wp","href":"https:\/\/api.w.org\/{rel}","templated":true}]}}