{"id":4250,"date":"2020-12-23T13:19:12","date_gmt":"2020-12-23T12:19:12","guid":{"rendered":"https:\/\/www.llarsdefoc.cat\/producte\/chimenea-d-10-graffiti-rocal\/"},"modified":"2025-11-16T01:42:15","modified_gmt":"2025-11-16T00:42:15","slug":"chimenea-d-10-graffiti-rocal","status":"publish","type":"product","link":"https:\/\/www.llarsdefoc.cat\/es\/producte\/chimenea-d-10-graffiti-rocal\/","title":{"rendered":"Chimenea D-10 Graffiti ROCAL"},"content":{"rendered":"","protected":false},"excerpt":{"rendered":"<p>Hay chimeneas dise\u00f1adas para calentar. Otros, para ser admiradas. La D-10 Graffiti nace para hacer las dos cosas con una personalidad atrevida e inconfundible. Inspirada en el arte urbano que transforma los muros en obras de expresi\u00f3n, esta chimenea convierte tu hogar en una galer\u00eda privada donde el artista principal es el fuego.<\/p>\n<p>Su estructura est\u00e1 concebida como un tr\u00edptico viviente. El gran vidrio serigrafiado frontal act\u00faa como el lienzo principal, mientras que las ventanas laterales ofrecen nuevas perspectivas y profundidades, cosa que permite que la luz y la calidez del fuego inunden el aposento desde m\u00faltiples \u00e1ngulos.<\/p>\n<p>Esta visi\u00f3n panor\u00e1mica de 180\u00b0 garantiza que sea la protagonista indiscutible, un espect\u00e1culo magn\u00e9tico que cautiva desde cualquier punto.<\/p>\n<p><strong>Rendimiento:<\/strong> 79%<br \/>\n<strong>Potencia:<\/strong> 15,4 kW<br \/>\n<strong>Rango potencia:<\/strong> 10-18,5 kW<br \/>\n<strong>Emisiones: <\/strong>0,10%<br \/>\n<strong>Part\u00edculas:\u00a0<\/strong>35,59 mg\/Nm3<br \/>\n<strong>Nox: <\/strong>37,60 mg\/Nm3<br \/>\n<strong>OGC: <\/strong>11,54 mg\/Nm3<br \/>\n<strong>Peso tronco: 4,2<\/strong>\u00a0kg\/h<br \/>\n<strong>Peso: <\/strong>144\u00a0kg<br \/>\n<strong>Longitud tronco: <\/strong>33\u00a0cm<br \/>\n<strong>Normativa UE: *UNE<\/strong>\u00a0EN-13240<\/p>\n<p><img loading=\"lazy\" decoding=\"async\" class=\"alignnone wp-image-581\" src=\"https:\/\/www.llarsdefoc.cat\/wp-content\/uploads\/2020\/12\/ener_a.png\" alt=\"\" width=\"120\" height=\"36\" srcset=\"https:\/\/www.llarsdefoc.cat\/wp-content\/uploads\/2020\/12\/ener_a.png 767w, https:\/\/www.llarsdefoc.cat\/wp-content\/uploads\/2020\/12\/ener_a-600x178.png 600w, https:\/\/www.llarsdefoc.cat\/wp-content\/uploads\/2020\/12\/ener_a-300x89.png 300w\" sizes=\"auto, (max-width: 120px) 100vw, 120px\" \/><br \/>\n<img loading=\"lazy\" decoding=\"async\" class=\"alignnone wp-image-290\" src=\"https:\/\/www.llarsdefoc.cat\/wp-content\/uploads\/2020\/10\/aefecc_7.png\" alt=\"\" width=\"65\" height=\"65\" srcset=\"https:\/\/www.llarsdefoc.cat\/wp-content\/uploads\/2020\/10\/aefecc_7.png 481w, https:\/\/www.llarsdefoc.cat\/wp-content\/uploads\/2020\/10\/aefecc_7-300x300.png 300w, https:\/\/www.llarsdefoc.cat\/wp-content\/uploads\/2020\/10\/aefecc_7-100x100.png 100w, https:\/\/www.llarsdefoc.cat\/wp-content\/uploads\/2020\/10\/aefecc_7-150x150.png 150w\" sizes=\"auto, (max-width: 65px) 100vw, 65px\" \/><br \/>\n<img loading=\"lazy\" decoding=\"async\" class=\"alignnone wp-image-296\" src=\"https:\/\/www.llarsdefoc.cat\/wp-content\/uploads\/2020\/10\/stelle_ambientale_4.jpg\" alt=\"\" width=\"120\" height=\"40\" srcset=\"https:\/\/www.llarsdefoc.cat\/wp-content\/uploads\/2020\/10\/stelle_ambientale_4.jpg 600w, https:\/\/www.llarsdefoc.cat\/wp-content\/uploads\/2020\/10\/stelle_ambientale_4-300x100.jpg 300w\" sizes=\"auto, (max-width: 120px) 100vw, 120px\" \/><\/p>\n<p>Dibujo T\u00e9cnico |\u00a0Certificado CE<\/p>\n","protected":false},"featured_media":4102,"template":"","meta":{"_gspb_post_css":""},"product_brand":[],"product_cat":[22],"product_tag":[],"class_list":{"0":"post-4250","1":"product","2":"type-product","3":"status-publish","4":"has-post-thumbnail","6":"product_cat-sense-categoria","8":"first","9":"instock","10":"shipping-taxable","11":"purchasable","12":"product-type-simple"},"_links":{"self":[{"href":"https:\/\/www.llarsdefoc.cat\/es\/wp-json\/wp\/v2\/product\/4250","targetHints":{"allow":["GET"]}}],"collection":[{"href":"https:\/\/www.llarsdefoc.cat\/es\/wp-json\/wp\/v2\/product"}],"about":[{"href":"https:\/\/www.llarsdefoc.cat\/es\/wp-json\/wp\/v2\/types\/product"}],"wp:featuredmedia":[{"embeddable":true,"href":"https:\/\/www.llarsdefoc.cat\/es\/wp-json\/wp\/v2\/media\/4102"}],"wp:attachment":[{"href":"https:\/\/www.llarsdefoc.cat\/es\/wp-json\/wp\/v2\/media?parent=4250"}],"wp:term":[{"taxonomy":"product_brand","embeddable":true,"href":"https:\/\/www.llarsdefoc.cat\/es\/wp-json\/wp\/v2\/product_brand?post=4250"},{"taxonomy":"product_cat","embeddable":true,"href":"https:\/\/www.llarsdefoc.cat\/es\/wp-json\/wp\/v2\/product_cat?post=4250"},{"taxonomy":"product_tag","embeddable":true,"href":"https:\/\/www.llarsdefoc.cat\/es\/wp-json\/wp\/v2\/product_tag?post=4250"}],"curies":[{"name":"wp","href":"https:\/\/api.w.org\/{rel}","templated":true}]}}