{"id":4252,"date":"2020-12-23T11:40:17","date_gmt":"2020-12-23T10:40:17","guid":{"rendered":"https:\/\/www.llarsdefoc.cat\/producte\/chimenea-ronde-rocal\/"},"modified":"2025-11-16T01:39:22","modified_gmt":"2025-11-16T00:39:22","slug":"chimenea-ronde-rocal","status":"publish","type":"product","link":"https:\/\/www.llarsdefoc.cat\/es\/producte\/chimenea-ronde-rocal\/","title":{"rendered":"Chimenea Ronde &#8211; ROCAL"},"content":{"rendered":"","protected":false},"excerpt":{"rendered":"<p>En el dise\u00f1o de la chimenea RONDE, todo el que no es esencial desaparece. Su forma, pura y circular, no es una simple decisi\u00f3n est\u00e9tica, sino una declaraci\u00f3n de intenciones: ceder todo el protagonismo a la danza hipn\u00f3tica del fuego. Concebida como una escultura viva, la RONDE se convierte en el alma de cualquier espacio.<\/p>\n<p>Su gran vidrio curvado elimina cualquier barrera visual. Desde cualquier \u00e1ngulo, desde cualquier rinc\u00f3n del aposento, el fuego se muestra en su m\u00e1ximo esplendor. No se trata solo de ver las llamas, sino de sentirse parte de su espect\u00e1culo, creando una conexi\u00f3n \u00edntima y totalmente inmersiva.<\/p>\n<p><strong>Rendimiento:<\/strong> 89%<br \/>\n<strong>Potencia:<\/strong> 10,5 kW<br \/>\n<strong>Rango potencia:<\/strong> 7-12,5 kW<br \/>\n<strong>Emisiones: <\/strong>0,10%<br \/>\n<strong>Part\u00edculas:\u00a0<\/strong>24,88 mg\/Nm3<br \/>\n<strong>Nox:<\/strong>82,98 mg\/Nm3<br \/>\n<strong>OGC: <\/strong>68,77 mg\/Nm3<br \/>\n<strong>Peso tronco: 3<\/strong>\u00a0kg\/h<br \/>\n<strong>Peso: 128<\/strong>\u00a0kg<br \/>\n<strong>Longitud tronco: 33<\/strong>\u00a0cm<br \/>\n<strong>Normativa UE: UNE<\/strong>\u00a0EN-13240<\/p>\n<p><img loading=\"lazy\" decoding=\"async\" class=\"alignnone wp-image-294\" src=\"https:\/\/www.llarsdefoc.cat\/wp-content\/uploads\/2020\/10\/ener_a1.png\" alt=\"\" width=\"118\" height=\"35\" srcset=\"https:\/\/www.llarsdefoc.cat\/wp-content\/uploads\/2020\/10\/ener_a1.png 768w, https:\/\/www.llarsdefoc.cat\/wp-content\/uploads\/2020\/10\/ener_a1-600x178.png 600w, https:\/\/www.llarsdefoc.cat\/wp-content\/uploads\/2020\/10\/ener_a1-300x89.png 300w\" sizes=\"auto, (max-width: 118px) 100vw, 118px\" \/><br \/>\n<img loading=\"lazy\" decoding=\"async\" class=\"alignnone wp-image-290\" src=\"https:\/\/www.llarsdefoc.cat\/wp-content\/uploads\/2020\/10\/aefecc_7.png\" alt=\"\" width=\"65\" height=\"65\" srcset=\"https:\/\/www.llarsdefoc.cat\/wp-content\/uploads\/2020\/10\/aefecc_7.png 481w, https:\/\/www.llarsdefoc.cat\/wp-content\/uploads\/2020\/10\/aefecc_7-300x300.png 300w, https:\/\/www.llarsdefoc.cat\/wp-content\/uploads\/2020\/10\/aefecc_7-100x100.png 100w, https:\/\/www.llarsdefoc.cat\/wp-content\/uploads\/2020\/10\/aefecc_7-150x150.png 150w\" sizes=\"auto, (max-width: 65px) 100vw, 65px\" \/><br \/>\n<img loading=\"lazy\" decoding=\"async\" class=\"alignnone wp-image-296\" src=\"https:\/\/www.llarsdefoc.cat\/wp-content\/uploads\/2020\/10\/stelle_ambientale_4.jpg\" alt=\"\" width=\"120\" height=\"40\" srcset=\"https:\/\/www.llarsdefoc.cat\/wp-content\/uploads\/2020\/10\/stelle_ambientale_4.jpg 600w, https:\/\/www.llarsdefoc.cat\/wp-content\/uploads\/2020\/10\/stelle_ambientale_4-300x100.jpg 300w\" sizes=\"auto, (max-width: 120px) 100vw, 120px\" \/><\/p>\n<p><img loading=\"lazy\" decoding=\"async\" class=\"alignnone wp-image-292\" src=\"https:\/\/www.llarsdefoc.cat\/wp-content\/uploads\/2020\/10\/conto_termico.jpg\" alt=\"\" width=\"120\" height=\"39\" \/><\/p>\n<p>Dibujo T\u00e9cnico |\u00a0Certificado CE<\/p>\n","protected":false},"featured_media":4096,"template":"","meta":{"_gspb_post_css":""},"product_brand":[],"product_cat":[22],"product_tag":[],"class_list":{"0":"post-4252","1":"product","2":"type-product","3":"status-publish","4":"has-post-thumbnail","6":"product_cat-sense-categoria","8":"first","9":"instock","10":"shipping-taxable","11":"purchasable","12":"product-type-simple"},"_links":{"self":[{"href":"https:\/\/www.llarsdefoc.cat\/es\/wp-json\/wp\/v2\/product\/4252","targetHints":{"allow":["GET"]}}],"collection":[{"href":"https:\/\/www.llarsdefoc.cat\/es\/wp-json\/wp\/v2\/product"}],"about":[{"href":"https:\/\/www.llarsdefoc.cat\/es\/wp-json\/wp\/v2\/types\/product"}],"wp:featuredmedia":[{"embeddable":true,"href":"https:\/\/www.llarsdefoc.cat\/es\/wp-json\/wp\/v2\/media\/4096"}],"wp:attachment":[{"href":"https:\/\/www.llarsdefoc.cat\/es\/wp-json\/wp\/v2\/media?parent=4252"}],"wp:term":[{"taxonomy":"product_brand","embeddable":true,"href":"https:\/\/www.llarsdefoc.cat\/es\/wp-json\/wp\/v2\/product_brand?post=4252"},{"taxonomy":"product_cat","embeddable":true,"href":"https:\/\/www.llarsdefoc.cat\/es\/wp-json\/wp\/v2\/product_cat?post=4252"},{"taxonomy":"product_tag","embeddable":true,"href":"https:\/\/www.llarsdefoc.cat\/es\/wp-json\/wp\/v2\/product_tag?post=4252"}],"curies":[{"name":"wp","href":"https:\/\/api.w.org\/{rel}","templated":true}]}}