{"id":4253,"date":"2020-10-26T12:56:31","date_gmt":"2020-10-26T11:56:31","guid":{"rendered":"https:\/\/www.llarsdefoc.cat\/producte\/chimenea-d8-rocal\/"},"modified":"2025-11-16T01:38:31","modified_gmt":"2025-11-16T00:38:31","slug":"chimenea-d8-rocal","status":"publish","type":"product","link":"https:\/\/www.llarsdefoc.cat\/es\/producte\/chimenea-d8-rocal\/","title":{"rendered":"Chimenea D8 ROCAL"},"content":{"rendered":"<div class=\"wp-block-image\"><img loading=\"lazy\" decoding=\"async\" class=\"wpa-warning wpa-image-missing-alt wp-image-616 alignright\" src=\"https:\/\/www.llarsdefoc.cat\/wp-content\/uploads\/2020\/12\/D8-1.jpg\" alt=\"\" width=\"729\" height=\"480\" data-warning=\"Missing alt text\" srcset=\"https:\/\/www.llarsdefoc.cat\/wp-content\/uploads\/2020\/12\/D8-1.jpg 1580w, https:\/\/www.llarsdefoc.cat\/wp-content\/uploads\/2020\/12\/D8-1-600x395.jpg 600w, https:\/\/www.llarsdefoc.cat\/wp-content\/uploads\/2020\/12\/D8-1-300x197.jpg 300w, https:\/\/www.llarsdefoc.cat\/wp-content\/uploads\/2020\/12\/D8-1-1024x674.jpg 1024w, https:\/\/www.llarsdefoc.cat\/wp-content\/uploads\/2020\/12\/D8-1-768x506.jpg 768w, https:\/\/www.llarsdefoc.cat\/wp-content\/uploads\/2020\/12\/D8-1-1536x1011.jpg 1536w\" sizes=\"auto, (max-width: 729px) 100vw, 729px\" \/><\/div>\n<p><strong>Rendimiento:<\/strong> 91,1%<br \/>\n<strong>Potencia:<\/strong> 8,4 kW<br \/>\n<strong>Rango potencia:<\/strong> 6-10 kW<br \/>\n<strong>Emisiones:\u00a0<\/strong>0,078%<br \/>\n<strong>Part\u00edculas: 19,98<\/strong> mg\/Nm3<br \/>\n<strong>Nox: 86,91<\/strong> mg\/Nm3<br \/>\n<strong>OGC: <\/strong>51,55 mg\/Nm3<br \/>\n<strong>Peso tronco: 2<\/strong>\u00a0kg\/h<br \/>\n<strong>Peso: 112<\/strong>\u00a0kg\/h<br \/>\n<strong>Longitud tronco: 33<\/strong>\u00a0cm<br \/>\n<strong>Normativa UE: UNE<\/strong>\u00a0EN-13240<\/p>\n<p>Dibujo T\u00e9cnico | Certificado CE<\/p>\n","protected":false},"excerpt":{"rendered":"<p>Hay chimeneas que ocupan una pared, y hay chimeneas que la transforman en un puente de luz y calidez. La chimenea D8 de Rocal pertenece, por m\u00e9ritos propios, a esta segunda categor\u00eda.<\/p>\n<p>Nacida para romper barreras, su dise\u00f1o bifacial redefine el concepto de espacio, convirtiendo un muro divisorio en un espect\u00e1culo visual compartido.\u00a0La caracter\u00edstica principal de la D8 es su dualidad.<\/p>\n<p>Permite disfrutar de la danza hipn\u00f3tica de las llamas desde dos aposentos a la vez, ya sea el sal\u00f3n y el comedor, o una zona de descanso y un despacho.<\/p>\n<p>Esta ventana de fuego no solo crea una sensaci\u00f3n de continuidad y amplitud, sino que tambi\u00e9n genera una experiencia \u00fanica: compartir el mismo hogar desde dos ambientes diferentes.<\/p>\n<p><img loading=\"lazy\" decoding=\"async\" class=\"alignnone wp-image-290 alignleft\" src=\"https:\/\/www.llarsdefoc.cat\/wp-content\/uploads\/2020\/10\/aefecc_7.png\" alt=\"\" width=\"65\" height=\"65\" srcset=\"https:\/\/www.llarsdefoc.cat\/wp-content\/uploads\/2020\/10\/aefecc_7.png 481w, https:\/\/www.llarsdefoc.cat\/wp-content\/uploads\/2020\/10\/aefecc_7-300x300.png 300w, https:\/\/www.llarsdefoc.cat\/wp-content\/uploads\/2020\/10\/aefecc_7-100x100.png 100w, https:\/\/www.llarsdefoc.cat\/wp-content\/uploads\/2020\/10\/aefecc_7-150x150.png 150w\" sizes=\"auto, (max-width: 65px) 100vw, 65px\" \/> <img loading=\"lazy\" decoding=\"async\" class=\"alignnone wp-image-294 alignleft\" src=\"https:\/\/www.llarsdefoc.cat\/wp-content\/uploads\/2020\/10\/ener_a1.png\" alt=\"\" width=\"118\" height=\"35\" srcset=\"https:\/\/www.llarsdefoc.cat\/wp-content\/uploads\/2020\/10\/ener_a1.png 768w, https:\/\/www.llarsdefoc.cat\/wp-content\/uploads\/2020\/10\/ener_a1-600x178.png 600w, https:\/\/www.llarsdefoc.cat\/wp-content\/uploads\/2020\/10\/ener_a1-300x89.png 300w\" sizes=\"auto, (max-width: 118px) 100vw, 118px\" \/> \u00a0 \u00a0<img loading=\"lazy\" decoding=\"async\" class=\"wp-image-296 alignnone alignleft\" src=\"https:\/\/www.llarsdefoc.cat\/wp-content\/uploads\/2020\/10\/stelle_ambientale_4.jpg\" alt=\"\" width=\"120\" height=\"40\" srcset=\"https:\/\/www.llarsdefoc.cat\/wp-content\/uploads\/2020\/10\/stelle_ambientale_4.jpg 600w, https:\/\/www.llarsdefoc.cat\/wp-content\/uploads\/2020\/10\/stelle_ambientale_4-300x100.jpg 300w\" sizes=\"auto, (max-width: 120px) 100vw, 120px\" \/>\u00a0 \u00a0 <img loading=\"lazy\" decoding=\"async\" class=\"alignnone wp-image-292 alignleft\" src=\"https:\/\/www.llarsdefoc.cat\/wp-content\/uploads\/2020\/10\/conto_termico.jpg\" alt=\"\" width=\"123\" height=\"40\" \/><\/p>\n","protected":false},"featured_media":4100,"template":"","meta":{"_gspb_post_css":""},"product_brand":[],"product_cat":[22],"product_tag":[],"class_list":{"0":"post-4253","1":"product","2":"type-product","3":"status-publish","4":"has-post-thumbnail","6":"product_cat-sense-categoria","8":"first","9":"instock","10":"shipping-taxable","11":"purchasable","12":"product-type-simple"},"_links":{"self":[{"href":"https:\/\/www.llarsdefoc.cat\/es\/wp-json\/wp\/v2\/product\/4253","targetHints":{"allow":["GET"]}}],"collection":[{"href":"https:\/\/www.llarsdefoc.cat\/es\/wp-json\/wp\/v2\/product"}],"about":[{"href":"https:\/\/www.llarsdefoc.cat\/es\/wp-json\/wp\/v2\/types\/product"}],"wp:featuredmedia":[{"embeddable":true,"href":"https:\/\/www.llarsdefoc.cat\/es\/wp-json\/wp\/v2\/media\/4100"}],"wp:attachment":[{"href":"https:\/\/www.llarsdefoc.cat\/es\/wp-json\/wp\/v2\/media?parent=4253"}],"wp:term":[{"taxonomy":"product_brand","embeddable":true,"href":"https:\/\/www.llarsdefoc.cat\/es\/wp-json\/wp\/v2\/product_brand?post=4253"},{"taxonomy":"product_cat","embeddable":true,"href":"https:\/\/www.llarsdefoc.cat\/es\/wp-json\/wp\/v2\/product_cat?post=4253"},{"taxonomy":"product_tag","embeddable":true,"href":"https:\/\/www.llarsdefoc.cat\/es\/wp-json\/wp\/v2\/product_tag?post=4253"}],"curies":[{"name":"wp","href":"https:\/\/api.w.org\/{rel}","templated":true}]}}