{"id":4255,"date":"2021-03-04T13:34:27","date_gmt":"2021-03-04T12:34:27","guid":{"rendered":"https:\/\/www.llarsdefoc.cat\/producte\/chimenea-esquinera-ll-25-b\/"},"modified":"2025-11-15T18:41:42","modified_gmt":"2025-11-15T17:41:42","slug":"chimenea-esquinera-ll-25-b","status":"publish","type":"product","link":"https:\/\/www.llarsdefoc.cat\/es\/producte\/chimenea-esquinera-ll-25-b\/","title":{"rendered":"Chimenea esquinera LL-25 B"},"content":{"rendered":"","protected":false},"excerpt":{"rendered":"<p>Hay espacios en el hogar que parecen destinados a ser olvidados. La <strong>chimenea esquinera LL-25 B<\/strong> nace precisamente para desafiar esta idea, con un dise\u00f1o inteligente concebido para aprovechar la magia de cada rinc\u00f3n. Transforma una esquina cualquiera en el punto m\u00e1s acogedor y buscado de la casa, demostrando que la calidez y la elegancia pueden surgir en donde menos te lo esperas.<\/p>\n<p>Su dise\u00f1o ha sido estudiado para adaptarse perfectamente a las esquinas de 90 grados. Esta geometr\u00eda no solo permite aprovechar al m\u00e1ximo cada metro cuadrado de la estancia, sino que libera las principales paredes, ofreciendo una mayor libertad a la hora de decorar. Es la soluci\u00f3n ideal para quien busca la presencia de una chimenea sin sacrificar el espacio \u00fatil.<\/p>\n<ul class=\"elementor-icon-list-items\">\n<li class=\"elementor-icon-list-item\">Peso: 160 kg.<\/li>\n<li class=\"elementor-icon-list-item\">Potencia: 10 &#8211; 17 kW.<\/li>\n<li class=\"elementor-icon-list-item\">Medida troncos: 45 cm<\/li>\n<li class=\"elementor-icon-list-item\">Precio: 2640 \u20ac<\/li>\n<\/ul>\n","protected":false},"featured_media":3636,"template":"","meta":{"_gspb_post_css":""},"product_brand":[],"product_cat":[22],"product_tag":[],"class_list":{"0":"post-4255","1":"product","2":"type-product","3":"status-publish","4":"has-post-thumbnail","6":"product_cat-sense-categoria","8":"first","9":"instock","10":"shipping-taxable","11":"product-type-simple"},"_links":{"self":[{"href":"https:\/\/www.llarsdefoc.cat\/es\/wp-json\/wp\/v2\/product\/4255","targetHints":{"allow":["GET"]}}],"collection":[{"href":"https:\/\/www.llarsdefoc.cat\/es\/wp-json\/wp\/v2\/product"}],"about":[{"href":"https:\/\/www.llarsdefoc.cat\/es\/wp-json\/wp\/v2\/types\/product"}],"wp:featuredmedia":[{"embeddable":true,"href":"https:\/\/www.llarsdefoc.cat\/es\/wp-json\/wp\/v2\/media\/3636"}],"wp:attachment":[{"href":"https:\/\/www.llarsdefoc.cat\/es\/wp-json\/wp\/v2\/media?parent=4255"}],"wp:term":[{"taxonomy":"product_brand","embeddable":true,"href":"https:\/\/www.llarsdefoc.cat\/es\/wp-json\/wp\/v2\/product_brand?post=4255"},{"taxonomy":"product_cat","embeddable":true,"href":"https:\/\/www.llarsdefoc.cat\/es\/wp-json\/wp\/v2\/product_cat?post=4255"},{"taxonomy":"product_tag","embeddable":true,"href":"https:\/\/www.llarsdefoc.cat\/es\/wp-json\/wp\/v2\/product_tag?post=4255"}],"curies":[{"name":"wp","href":"https:\/\/api.w.org\/{rel}","templated":true}]}}