{"id":4258,"date":"2021-03-04T13:18:54","date_gmt":"2021-03-04T12:18:54","guid":{"rendered":"https:\/\/www.llarsdefoc.cat\/producte\/chimenea-frontal-rustica-ll-15-b\/"},"modified":"2025-11-15T18:40:58","modified_gmt":"2025-11-15T17:40:58","slug":"chimenea-frontal-rustica-ll-15-b","status":"publish","type":"product","link":"https:\/\/www.llarsdefoc.cat\/es\/producte\/chimenea-frontal-rustica-ll-15-b\/","title":{"rendered":"Chimenea frontal r\u00fastica LL-15 B"},"content":{"rendered":"","protected":false},"excerpt":{"rendered":"<p>Hay objetos que tienen la capacidad de transformar una casa en un hogar, y la chimenea frontal r\u00fastica LL-15 B es el mejor ejemplo de ello. Inspirada en la esencia de las casas de pay\u00e9s y refugios de monta\u00f1a, recupera el car\u00e1cter de los ambientes r\u00fasticos para convertirse en el centro de la vida familiar, un aut\u00e9ntico santuario de calidez donde crear nuevos recuerdos.<\/p>\n<p>Su dise\u00f1o combina la fuerza y \u200b\u200bla solidez del acero con una est\u00e9tica atemporal que evoca a los hogares de toda la vida. No es \u00fanicamente un elemento de calefacci\u00f3n, sino una prenda central que aporta autenticidad, car\u00e1cter y una sensaci\u00f3n de confort inmediata a cualquier estancia.<\/p>\n<ul class=\"elementor-icon-list-items\">\n<li class=\"elementor-icon-list-item\">Peso: 150 kg.<\/li>\n<li class=\"elementor-icon-list-item\">Potencia: 8 &#8211; 15 kW.<\/li>\n<li class=\"elementor-icon-list-item\">Medida troncos: 45 cm<\/li>\n<li class=\"elementor-icon-list-item\">Precio: 2390 \u20ac<\/li>\n<\/ul>\n","protected":false},"featured_media":3632,"template":"","meta":{"_gspb_post_css":""},"product_brand":[],"product_cat":[22],"product_tag":[],"class_list":{"0":"post-4258","1":"product","2":"type-product","3":"status-publish","4":"has-post-thumbnail","6":"product_cat-sense-categoria","8":"first","9":"instock","10":"shipping-taxable","11":"product-type-simple"},"_links":{"self":[{"href":"https:\/\/www.llarsdefoc.cat\/es\/wp-json\/wp\/v2\/product\/4258","targetHints":{"allow":["GET"]}}],"collection":[{"href":"https:\/\/www.llarsdefoc.cat\/es\/wp-json\/wp\/v2\/product"}],"about":[{"href":"https:\/\/www.llarsdefoc.cat\/es\/wp-json\/wp\/v2\/types\/product"}],"wp:featuredmedia":[{"embeddable":true,"href":"https:\/\/www.llarsdefoc.cat\/es\/wp-json\/wp\/v2\/media\/3632"}],"wp:attachment":[{"href":"https:\/\/www.llarsdefoc.cat\/es\/wp-json\/wp\/v2\/media?parent=4258"}],"wp:term":[{"taxonomy":"product_brand","embeddable":true,"href":"https:\/\/www.llarsdefoc.cat\/es\/wp-json\/wp\/v2\/product_brand?post=4258"},{"taxonomy":"product_cat","embeddable":true,"href":"https:\/\/www.llarsdefoc.cat\/es\/wp-json\/wp\/v2\/product_cat?post=4258"},{"taxonomy":"product_tag","embeddable":true,"href":"https:\/\/www.llarsdefoc.cat\/es\/wp-json\/wp\/v2\/product_tag?post=4258"}],"curies":[{"name":"wp","href":"https:\/\/api.w.org\/{rel}","templated":true}]}}