{"id":4265,"date":"2021-02-02T12:21:05","date_gmt":"2021-02-02T11:21:05","guid":{"rendered":"https:\/\/www.llarsdefoc.cat\/producte\/chimenea-insertable-rcr-70-classic\/"},"modified":"2025-11-15T19:13:20","modified_gmt":"2025-11-15T18:13:20","slug":"chimenea-insertable-rcr-70-classic","status":"publish","type":"product","link":"https:\/\/www.llarsdefoc.cat\/es\/producte\/chimenea-insertable-rcr-70-classic\/","title":{"rendered":"Chimenea insertable RCr 70 classic"},"content":{"rendered":"","protected":false},"excerpt":{"rendered":"<p>El RCr 70 Classic es la esencia de la chimenea tradicional renovada. Su dise\u00f1o combina un marco robusto y una est\u00e9tica atemporal con unas dimensiones perfectamente equilibradas, haci\u00e9ndolo ideal para la mayor\u00eda de salones.<\/p>\n<p>Este modelo no solo recupera el encanto de las chimeneas de siempre, sino que a\u00f1ade el rendimiento y la seguridad de la tecnolog\u00eda ROCAL. Es la elecci\u00f3n perfecta para quien busca una calidez aut\u00e9ntica con un car\u00e1cter cl\u00e1sico inconfundible.<\/p>\n<p><strong>Rendimiento:<\/strong> 79,5%<br \/>\n<strong>Potencia:<\/strong> 7,5 kW<br \/>\n<strong>Rango potencia:<\/strong> 5-9 kW<br \/>\n<strong>Emisiones: <\/strong>0,12%<br \/>\n<strong>Part\u00edculas:\u00a0<\/strong> 16 mg\/Nm3<br \/>\n<strong>Peso tronco:<\/strong> 2,2 kg\/h<br \/>\n<strong>Peso:<\/strong> 95 kg<br \/>\n<strong>Longitud tronco:<\/strong> 45 cm<br \/>\n<strong>*Normativas UE: <\/strong>UNE EN-13229 | UNE EN-60335<\/p>\n<p><img loading=\"lazy\" decoding=\"async\" class=\"alignnone wp-image-294\" src=\"https:\/\/www.llarsdefoc.cat\/wp-content\/uploads\/2020\/10\/ener_a1.png\" alt=\"\" width=\"120\" height=\"36\" srcset=\"https:\/\/www.llarsdefoc.cat\/wp-content\/uploads\/2020\/10\/ener_a1.png 768w, https:\/\/www.llarsdefoc.cat\/wp-content\/uploads\/2020\/10\/ener_a1-600x178.png 600w, https:\/\/www.llarsdefoc.cat\/wp-content\/uploads\/2020\/10\/ener_a1-300x89.png 300w\" sizes=\"auto, (max-width: 120px) 100vw, 120px\" \/><br \/>\n<img loading=\"lazy\" decoding=\"async\" class=\"alignnone wp-image-290\" src=\"https:\/\/www.llarsdefoc.cat\/wp-content\/uploads\/2020\/10\/aefecc_7.png\" alt=\"\" width=\"65\" height=\"65\" srcset=\"https:\/\/www.llarsdefoc.cat\/wp-content\/uploads\/2020\/10\/aefecc_7.png 481w, https:\/\/www.llarsdefoc.cat\/wp-content\/uploads\/2020\/10\/aefecc_7-300x300.png 300w, https:\/\/www.llarsdefoc.cat\/wp-content\/uploads\/2020\/10\/aefecc_7-100x100.png 100w, https:\/\/www.llarsdefoc.cat\/wp-content\/uploads\/2020\/10\/aefecc_7-150x150.png 150w\" sizes=\"auto, (max-width: 65px) 100vw, 65px\" \/><br \/>\n<a href=\"https:\/\/www.llarsdefoc.cat\/wp-content\/uploads\/2021\/02\/RCr-70-classic.pdf\" target=\"_blank\" rel=\"noopener noreferrer\">Dibujo T\u00e9cnico<\/a> |\u00a0<a href=\"https:\/\/www.llarsdefoc.cat\/wp-content\/uploads\/2021\/02\/RCr-70-classic-DoP-30-06-2020.pdf\" target=\"_blank\" rel=\"noopener noreferrer\">Certificado CE<\/a><\/p>\n","protected":false},"featured_media":1751,"template":"","meta":{"_gspb_post_css":""},"product_brand":[],"product_cat":[38],"product_tag":[],"class_list":{"0":"post-4265","1":"product","2":"type-product","3":"status-publish","4":"has-post-thumbnail","6":"product_cat-inserts","8":"first","9":"instock","10":"shipping-taxable","11":"purchasable","12":"product-type-simple"},"_links":{"self":[{"href":"https:\/\/www.llarsdefoc.cat\/es\/wp-json\/wp\/v2\/product\/4265","targetHints":{"allow":["GET"]}}],"collection":[{"href":"https:\/\/www.llarsdefoc.cat\/es\/wp-json\/wp\/v2\/product"}],"about":[{"href":"https:\/\/www.llarsdefoc.cat\/es\/wp-json\/wp\/v2\/types\/product"}],"wp:featuredmedia":[{"embeddable":true,"href":"https:\/\/www.llarsdefoc.cat\/es\/wp-json\/wp\/v2\/media\/1751"}],"wp:attachment":[{"href":"https:\/\/www.llarsdefoc.cat\/es\/wp-json\/wp\/v2\/media?parent=4265"}],"wp:term":[{"taxonomy":"product_brand","embeddable":true,"href":"https:\/\/www.llarsdefoc.cat\/es\/wp-json\/wp\/v2\/product_brand?post=4265"},{"taxonomy":"product_cat","embeddable":true,"href":"https:\/\/www.llarsdefoc.cat\/es\/wp-json\/wp\/v2\/product_cat?post=4265"},{"taxonomy":"product_tag","embeddable":true,"href":"https:\/\/www.llarsdefoc.cat\/es\/wp-json\/wp\/v2\/product_tag?post=4265"}],"curies":[{"name":"wp","href":"https:\/\/api.w.org\/{rel}","templated":true}]}}