{"id":4271,"date":"2021-02-02T11:15:02","date_gmt":"2021-02-02T10:15:02","guid":{"rendered":"https:\/\/www.llarsdefoc.cat\/producte\/chimenea-insertable-arc-100-dc\/"},"modified":"2025-12-24T00:47:17","modified_gmt":"2025-12-23T23:47:17","slug":"chimenea-insertable-arc-100-dc","status":"publish","type":"product","link":"https:\/\/www.llarsdefoc.cat\/es\/producte\/chimenea-insertable-arc-100-dc\/","title":{"rendered":"Chimenea insertable ARc 100 DC"},"content":{"rendered":"","protected":false},"excerpt":{"rendered":"<p>El modelo Arco 100 DC representa la uni\u00f3n perfecta entre arquitectura y fuego. Esta chimenea de doble cara est\u00e1 dise\u00f1ada para ser el centro visual de grandes proyectos, actuando como un elegante separador de ambientes que permite disfrutar del espect\u00e1culo de las llamas desde dos aposentos simult\u00e1neamente.<\/p>\n<p>Su amplia boca de 100 cm y su dise\u00f1o depurado ofrecen una visi\u00f3n total del fuego, conectando los espacios con una pared de calor y luz. Es la soluci\u00f3n ideal para quien busca un elemento de calefacci\u00f3n potente con un impacto visual inigualable.<\/p>\n<p><strong>Rendimiento:<\/strong> &gt;68%<br \/>\n<strong>Potencia:<\/strong> 13 kW<br \/>\n<strong>Rango potencia:<\/strong> 9,5-15,5 kW<br \/>\n<strong>Emisiones: &lt;<\/strong>0,20%<br \/>\n<strong>Part\u00edculas:\u00a0<\/strong> &#8212; mg\/Nm3<br \/>\n<strong>Nox:<\/strong> &#8212;mg\/Nm3<br \/>\n<strong>OGC:\u00a0<\/strong> &#8212;- mg\/Nm3<br \/>\n<strong>Peso tronco:<\/strong> 4 kg\/h<br \/>\n<strong>Peso:<\/strong> 216 kg<br \/>\n<strong>Longitud tronco:<\/strong> 60 cm<br \/>\n<strong>Normativas UE: <\/strong>UNE EN-13229 Valores pendientes de Certificaci\u00f3n. Consulte a su distribuidor<\/p>\n<p><a href=\"https:\/\/www.llarsdefoc.cat\/wp-content\/uploads\/2021\/02\/ARc-100-DC-graffiti.pdf\" target=\"_blank\" rel=\"noopener noreferrer\">Dibujo T\u00e9cnico<\/a> |\u00a0<a href=\"https:\/\/www.llarsdefoc.cat\/wp-content\/uploads\/2021\/02\/ARc-100-DC-DoP-30-06-2020.pdf\" target=\"_blank\" rel=\"noopener noreferrer\">Certificado CE<\/a><\/p>\n","protected":false},"featured_media":49557,"template":"","meta":{"_gspb_post_css":""},"product_brand":[],"product_cat":[],"product_tag":[],"class_list":{"0":"post-4271","1":"product","2":"type-product","3":"status-publish","4":"has-post-thumbnail","7":"first","8":"instock","9":"shipping-taxable","10":"purchasable","11":"product-type-simple"},"_links":{"self":[{"href":"https:\/\/www.llarsdefoc.cat\/es\/wp-json\/wp\/v2\/product\/4271","targetHints":{"allow":["GET"]}}],"collection":[{"href":"https:\/\/www.llarsdefoc.cat\/es\/wp-json\/wp\/v2\/product"}],"about":[{"href":"https:\/\/www.llarsdefoc.cat\/es\/wp-json\/wp\/v2\/types\/product"}],"wp:featuredmedia":[{"embeddable":true,"href":"https:\/\/www.llarsdefoc.cat\/es\/wp-json\/wp\/v2\/media\/49557"}],"wp:attachment":[{"href":"https:\/\/www.llarsdefoc.cat\/es\/wp-json\/wp\/v2\/media?parent=4271"}],"wp:term":[{"taxonomy":"product_brand","embeddable":true,"href":"https:\/\/www.llarsdefoc.cat\/es\/wp-json\/wp\/v2\/product_brand?post=4271"},{"taxonomy":"product_cat","embeddable":true,"href":"https:\/\/www.llarsdefoc.cat\/es\/wp-json\/wp\/v2\/product_cat?post=4271"},{"taxonomy":"product_tag","embeddable":true,"href":"https:\/\/www.llarsdefoc.cat\/es\/wp-json\/wp\/v2\/product_tag?post=4271"}],"curies":[{"name":"wp","href":"https:\/\/api.w.org\/{rel}","templated":true}]}}