{"id":4272,"date":"2021-02-02T11:09:45","date_gmt":"2021-02-02T10:09:45","guid":{"rendered":"https:\/\/www.llarsdefoc.cat\/producte\/chimenea-insertable-arc-80-dc\/"},"modified":"2025-12-24T00:49:36","modified_gmt":"2025-12-23T23:49:36","slug":"chimenea-insertable-arc-80-dc","status":"publish","type":"product","link":"https:\/\/www.llarsdefoc.cat\/es\/producte\/chimenea-insertable-arc-80-dc\/","title":{"rendered":"Chimenea insertable ARc 80 DC"},"content":{"rendered":"","protected":false},"excerpt":{"rendered":"<p>Un salto a un formato m\u00e1s panor\u00e1mico, Arco 80 DC ofrece una visi\u00f3n del fuego m\u00e1s amplia gracias a sus 80 cm de anchura. Su potencia de 11 kW lo hace id\u00f3neo para salones grandes, donde se convierte en un punto focal indiscutible.<\/p>\n<p><strong>Rendimiento:<\/strong> &gt;70%<br \/>\n<strong>Potencia:<\/strong> 11,5 kW<br \/>\n<strong>Rango potencia:<\/strong> 8,5-14,5 kW<br \/>\n<strong>Emisiones: &lt;<\/strong>0,18%<br \/>\n<strong>Part\u00edculas:\u00a0<\/strong> &#8212; mg\/Nm3<br \/>\n<strong>Nox:<\/strong> &#8212;mg\/Nm3<br \/>\n<strong>OGC:\u00a0<\/strong> &#8212;- mg\/Nm3<br \/>\n<strong>Peso tronco:<\/strong> 3,7 kg\/h<br \/>\n<strong>Peso:<\/strong> 160 kg<br \/>\n<strong>Longitud tronco:<\/strong> 40 cm<br \/>\n<strong>Normativa UE: <\/strong>UNE EN-13229 Valores pendientes de Certificaci\u00f3n. Consulte a su distribuidor<\/p>\n<p>Dibujo T\u00e9cnico |\u00a0<a href=\"https:\/\/www.llarsdefoc.cat\/wp-content\/uploads\/2021\/02\/ARc-100-DoP-30-06-2020.pdf\" target=\"_blank\" rel=\"noopener noreferrer\">Certificado CE<\/a><\/p>\n","protected":false},"featured_media":49555,"template":"","meta":{"_gspb_post_css":""},"product_brand":[],"product_cat":[],"product_tag":[],"class_list":{"0":"post-4272","1":"product","2":"type-product","3":"status-publish","4":"has-post-thumbnail","7":"first","8":"instock","9":"shipping-taxable","10":"purchasable","11":"product-type-simple"},"_links":{"self":[{"href":"https:\/\/www.llarsdefoc.cat\/es\/wp-json\/wp\/v2\/product\/4272","targetHints":{"allow":["GET"]}}],"collection":[{"href":"https:\/\/www.llarsdefoc.cat\/es\/wp-json\/wp\/v2\/product"}],"about":[{"href":"https:\/\/www.llarsdefoc.cat\/es\/wp-json\/wp\/v2\/types\/product"}],"wp:featuredmedia":[{"embeddable":true,"href":"https:\/\/www.llarsdefoc.cat\/es\/wp-json\/wp\/v2\/media\/49555"}],"wp:attachment":[{"href":"https:\/\/www.llarsdefoc.cat\/es\/wp-json\/wp\/v2\/media?parent=4272"}],"wp:term":[{"taxonomy":"product_brand","embeddable":true,"href":"https:\/\/www.llarsdefoc.cat\/es\/wp-json\/wp\/v2\/product_brand?post=4272"},{"taxonomy":"product_cat","embeddable":true,"href":"https:\/\/www.llarsdefoc.cat\/es\/wp-json\/wp\/v2\/product_cat?post=4272"},{"taxonomy":"product_tag","embeddable":true,"href":"https:\/\/www.llarsdefoc.cat\/es\/wp-json\/wp\/v2\/product_tag?post=4272"}],"curies":[{"name":"wp","href":"https:\/\/api.w.org\/{rel}","templated":true}]}}