{"id":4277,"date":"2021-02-01T12:29:53","date_gmt":"2021-02-01T11:29:53","guid":{"rendered":"https:\/\/www.llarsdefoc.cat\/producte\/chimenea-insertable-arc-70-c\/"},"modified":"2025-12-11T09:04:38","modified_gmt":"2025-12-11T08:04:38","slug":"chimenea-insertable-arc-70-c","status":"publish","type":"product","link":"https:\/\/www.llarsdefoc.cat\/es\/producte\/chimenea-insertable-arc-70-c\/","title":{"rendered":"Chimenea insertable ARc 70 C"},"content":{"rendered":"","protected":false},"excerpt":{"rendered":"<p>Con un marco elegante que realza la presencia, la versi\u00f3n Arc 70 C est\u00e1 pensada para una integraci\u00f3n est\u00e9tica impecable. Combina la potencia y la eficiencia del modelo base con un acabado perimetral que personaliza su apariencia.<\/p>\n<p><strong>Rendimiento:<\/strong> 75,5%<br \/>\n<strong>Potencia:<\/strong> 8 kW<br \/>\n<strong>Rango potencia:<\/strong> 5,5-9,5 kW<br \/>\n<strong>Emisiones: <\/strong>0,08%<br \/>\n<strong>Part\u00edculas:\u00a0<\/strong> 36 mg\/Nm3<br \/>\n<strong>Nox:<\/strong> 118 mg\/Nm3<br \/>\n<strong>OGC:\u00a0<\/strong> 78 mg\/Nm3<br \/>\n<strong>Peso tronco:<\/strong> 2,4 kg\/h<br \/>\n<strong>Peso:<\/strong> 92 kg<br \/>\n<strong>Longitud tronco:<\/strong> 45 cm<br \/>\n<strong>Normativas UE: <\/strong>UNE EN-13229 | UNE EN-60335<\/p>\n<p><img loading=\"lazy\" decoding=\"async\" class=\"alignnone wp-image-581\" src=\"https:\/\/www.llarsdefoc.cat\/wp-content\/uploads\/2020\/12\/ener_a.png\" alt=\"\" width=\"120\" height=\"36\" srcset=\"https:\/\/www.llarsdefoc.cat\/wp-content\/uploads\/2020\/12\/ener_a.png 767w, https:\/\/www.llarsdefoc.cat\/wp-content\/uploads\/2020\/12\/ener_a-600x178.png 600w, https:\/\/www.llarsdefoc.cat\/wp-content\/uploads\/2020\/12\/ener_a-300x89.png 300w\" sizes=\"auto, (max-width: 120px) 100vw, 120px\" \/><br \/>\n<img loading=\"lazy\" decoding=\"async\" class=\"alignnone wp-image-290\" src=\"https:\/\/www.llarsdefoc.cat\/wp-content\/uploads\/2020\/10\/aefecc_7.png\" alt=\"\" width=\"65\" height=\"65\" srcset=\"https:\/\/www.llarsdefoc.cat\/wp-content\/uploads\/2020\/10\/aefecc_7.png 481w, https:\/\/www.llarsdefoc.cat\/wp-content\/uploads\/2020\/10\/aefecc_7-300x300.png 300w, https:\/\/www.llarsdefoc.cat\/wp-content\/uploads\/2020\/10\/aefecc_7-100x100.png 100w, https:\/\/www.llarsdefoc.cat\/wp-content\/uploads\/2020\/10\/aefecc_7-150x150.png 150w\" sizes=\"auto, (max-width: 65px) 100vw, 65px\" \/><br \/>\n<img loading=\"lazy\" decoding=\"async\" class=\"alignnone wp-image-296\" src=\"https:\/\/www.llarsdefoc.cat\/wp-content\/uploads\/2020\/10\/stelle_ambientale_4.jpg\" alt=\"\" width=\"120\" height=\"40\" srcset=\"https:\/\/www.llarsdefoc.cat\/wp-content\/uploads\/2020\/10\/stelle_ambientale_4.jpg 600w, https:\/\/www.llarsdefoc.cat\/wp-content\/uploads\/2020\/10\/stelle_ambientale_4-300x100.jpg 300w\" sizes=\"auto, (max-width: 120px) 100vw, 120px\" \/><\/p>\n<p><a href=\"https:\/\/www.llarsdefoc.cat\/wp-content\/uploads\/2021\/02\/ARc-70.pdf\" target=\"_blank\" rel=\"noopener noreferrer\">Dibujo T\u00e9cnico<\/a> |\u00a0<a href=\"https:\/\/www.llarsdefoc.cat\/wp-content\/uploads\/2021\/02\/ARc-70A-DoP-30-06-2020.pdf\" target=\"_blank\" rel=\"noopener noreferrer\">Certificado CE<\/a><\/p>\n","protected":false},"featured_media":50421,"template":"","meta":{"_gspb_post_css":""},"product_brand":[],"product_cat":[49],"product_tag":[],"class_list":{"0":"post-4277","1":"product","2":"type-product","3":"status-publish","4":"has-post-thumbnail","6":"product_cat-chimeneas-insertables","8":"first","9":"instock","10":"shipping-taxable","11":"purchasable","12":"product-type-simple"},"_links":{"self":[{"href":"https:\/\/www.llarsdefoc.cat\/es\/wp-json\/wp\/v2\/product\/4277","targetHints":{"allow":["GET"]}}],"collection":[{"href":"https:\/\/www.llarsdefoc.cat\/es\/wp-json\/wp\/v2\/product"}],"about":[{"href":"https:\/\/www.llarsdefoc.cat\/es\/wp-json\/wp\/v2\/types\/product"}],"wp:featuredmedia":[{"embeddable":true,"href":"https:\/\/www.llarsdefoc.cat\/es\/wp-json\/wp\/v2\/media\/50421"}],"wp:attachment":[{"href":"https:\/\/www.llarsdefoc.cat\/es\/wp-json\/wp\/v2\/media?parent=4277"}],"wp:term":[{"taxonomy":"product_brand","embeddable":true,"href":"https:\/\/www.llarsdefoc.cat\/es\/wp-json\/wp\/v2\/product_brand?post=4277"},{"taxonomy":"product_cat","embeddable":true,"href":"https:\/\/www.llarsdefoc.cat\/es\/wp-json\/wp\/v2\/product_cat?post=4277"},{"taxonomy":"product_tag","embeddable":true,"href":"https:\/\/www.llarsdefoc.cat\/es\/wp-json\/wp\/v2\/product_tag?post=4277"}],"curies":[{"name":"wp","href":"https:\/\/api.w.org\/{rel}","templated":true}]}}