{"id":4278,"date":"2021-02-01T12:26:19","date_gmt":"2021-02-01T11:26:19","guid":{"rendered":"https:\/\/www.llarsdefoc.cat\/producte\/chimenea-insertable-arc-70-a\/"},"modified":"2025-11-16T00:26:17","modified_gmt":"2025-11-15T23:26:17","slug":"chimenea-insertable-arc-70-a","status":"publish","type":"product","link":"https:\/\/www.llarsdefoc.cat\/es\/producte\/chimenea-insertable-arc-70-a\/","title":{"rendered":"Chimenea insertable ARc 70 A"},"content":{"rendered":"","protected":false},"excerpt":{"rendered":"<p>Llevando el confort a un nuevo nivel, el modelo Arco 70 A a\u00f1ade un sistema de ventilaci\u00f3n forzada. Esta caracter\u00edstica permite distribuir el calor de manera m\u00e1s r\u00e1pida y homog\u00e9nea por todo el aposento, maximizando el rendimiento.<\/p>\n<p><strong>Rendimiento:<\/strong> 75%<br \/>\n<strong>Potencia:<\/strong> 8 kW<br \/>\n<strong>Rango potencia:<\/strong> 5,5-9,5 kW<br \/>\n<strong>Emisiones: <\/strong>0,08%<br \/>\n<strong>Part\u00edculas:\u00a0<\/strong> 36 mg\/*Nm3<br \/>\n<strong>*Nox:<\/strong> 118 mg\/*Nm3<br \/>\n<strong>*OGC:\u00a0<\/strong> 78 mg\/*Nm3<br \/>\n<strong>Peso tronco:<\/strong> 2,4 kg\/h<br \/>\n<strong>Peso:<\/strong> 103 kg<br \/>\n<strong>Longitud tronco:<\/strong> 55 cm<br \/>\n<strong>Normativas UE: <\/strong>*UNE EN-13229 | *UNE EN-60335<\/p>\n<p><img loading=\"lazy\" decoding=\"async\" class=\"alignnone wp-image-581\" src=\"https:\/\/www.llarsdefoc.cat\/wp-content\/uploads\/2020\/12\/ener_a.png\" alt=\"\" width=\"120\" height=\"36\" srcset=\"https:\/\/www.llarsdefoc.cat\/wp-content\/uploads\/2020\/12\/ener_a.png 767w, https:\/\/www.llarsdefoc.cat\/wp-content\/uploads\/2020\/12\/ener_a-600x178.png 600w, https:\/\/www.llarsdefoc.cat\/wp-content\/uploads\/2020\/12\/ener_a-300x89.png 300w\" sizes=\"auto, (max-width: 120px) 100vw, 120px\" \/><br \/>\n<img loading=\"lazy\" decoding=\"async\" class=\"alignnone wp-image-290\" src=\"https:\/\/www.llarsdefoc.cat\/wp-content\/uploads\/2020\/10\/aefecc_7.png\" alt=\"\" width=\"65\" height=\"65\" srcset=\"https:\/\/www.llarsdefoc.cat\/wp-content\/uploads\/2020\/10\/aefecc_7.png 481w, https:\/\/www.llarsdefoc.cat\/wp-content\/uploads\/2020\/10\/aefecc_7-300x300.png 300w, https:\/\/www.llarsdefoc.cat\/wp-content\/uploads\/2020\/10\/aefecc_7-100x100.png 100w, https:\/\/www.llarsdefoc.cat\/wp-content\/uploads\/2020\/10\/aefecc_7-150x150.png 150w\" sizes=\"auto, (max-width: 65px) 100vw, 65px\" \/><br \/>\n<img loading=\"lazy\" decoding=\"async\" class=\"alignnone wp-image-296\" src=\"https:\/\/www.llarsdefoc.cat\/wp-content\/uploads\/2020\/10\/stelle_ambientale_4.jpg\" alt=\"\" width=\"120\" height=\"40\" srcset=\"https:\/\/www.llarsdefoc.cat\/wp-content\/uploads\/2020\/10\/stelle_ambientale_4.jpg 600w, https:\/\/www.llarsdefoc.cat\/wp-content\/uploads\/2020\/10\/stelle_ambientale_4-300x100.jpg 300w\" sizes=\"auto, (max-width: 120px) 100vw, 120px\" \/><\/p>\n<p><a href=\"https:\/\/www.llarsdefoc.cat\/wp-content\/uploads\/2021\/02\/ARc-70A.pdf\" target=\"_blank\" rel=\"noopener noreferrer\">Dibujo T\u00e9cnico<\/a> |\u00a0<a href=\"https:\/\/www.llarsdefoc.cat\/wp-content\/uploads\/2021\/02\/ARc-70A-DoP-30-06-2020.pdf\" target=\"_blank\" rel=\"noopener noreferrer\">Certificado CE<\/a><\/p>\n","protected":false},"featured_media":1584,"template":"","meta":{"_gspb_post_css":""},"product_brand":[],"product_cat":[38],"product_tag":[],"class_list":{"0":"post-4278","1":"product","2":"type-product","3":"status-publish","4":"has-post-thumbnail","6":"product_cat-inserts","8":"first","9":"instock","10":"shipping-taxable","11":"purchasable","12":"product-type-simple"},"_links":{"self":[{"href":"https:\/\/www.llarsdefoc.cat\/es\/wp-json\/wp\/v2\/product\/4278","targetHints":{"allow":["GET"]}}],"collection":[{"href":"https:\/\/www.llarsdefoc.cat\/es\/wp-json\/wp\/v2\/product"}],"about":[{"href":"https:\/\/www.llarsdefoc.cat\/es\/wp-json\/wp\/v2\/types\/product"}],"wp:featuredmedia":[{"embeddable":true,"href":"https:\/\/www.llarsdefoc.cat\/es\/wp-json\/wp\/v2\/media\/1584"}],"wp:attachment":[{"href":"https:\/\/www.llarsdefoc.cat\/es\/wp-json\/wp\/v2\/media?parent=4278"}],"wp:term":[{"taxonomy":"product_brand","embeddable":true,"href":"https:\/\/www.llarsdefoc.cat\/es\/wp-json\/wp\/v2\/product_brand?post=4278"},{"taxonomy":"product_cat","embeddable":true,"href":"https:\/\/www.llarsdefoc.cat\/es\/wp-json\/wp\/v2\/product_cat?post=4278"},{"taxonomy":"product_tag","embeddable":true,"href":"https:\/\/www.llarsdefoc.cat\/es\/wp-json\/wp\/v2\/product_tag?post=4278"}],"curies":[{"name":"wp","href":"https:\/\/api.w.org\/{rel}","templated":true}]}}