{"id":49469,"date":"2025-11-06T13:00:57","date_gmt":"2025-11-06T12:00:57","guid":{"rendered":"https:\/\/www.llarsdefoc.cat\/producto\/sigmafocus\/"},"modified":"2025-12-10T19:46:30","modified_gmt":"2025-12-10T18:46:30","slug":"sigmafocus","status":"publish","type":"product","link":"https:\/\/www.llarsdefoc.cat\/es\/producte\/sigmafocus\/","title":{"rendered":"Barbacoa mural Sigmafocus &#8211; FOCUS"},"content":{"rendered":"","protected":false},"excerpt":{"rendered":"<p>La barbacoa Sigmafocus \u00e9s una soluci\u00f3 de disseny enginyosa per a qui busca una barbacoa mural que optimitzi l&#8217;espai sense renunciar a l&#8217;est\u00e8tica. El seu secret \u00e9s un braser d&#8217;acer plegable; quan est\u00e0 tancada, la barbacoa ocupa un volum realment redu\u00eft i es presenta com un elegant disc met\u00e0l\u00b7lic.<\/p>\n<p>Aquesta pe\u00e7a resulta est\u00e8tica en les seves dues posicions: oberta, llesta per cuinar, o tancada, actuant com una escultura mural. Pr\u00e0cticament, ofereix diverses posicions per a la graella, adaptant-se a diferents tipus de cocci\u00f3. La seva instal\u00b7laci\u00f3 \u00e9s molt senzilla en qualsevol paret, ja que nom\u00e9s requereix dos punts de fixaci\u00f3.<\/p>\n<p>Un disc mural fix protegeix la paret del fum de manera efica\u00e7. Finalment, el seu cendrer t\u00e9 una gran capacitat, la qual cosa permet diversos usos successius abans de necessitar buidar-lo.<\/p>\n","protected":false},"featured_media":49697,"template":"","meta":{"_gspb_post_css":""},"product_brand":[],"product_cat":[47],"product_tag":[],"class_list":{"0":"post-49469","1":"product","2":"type-product","3":"status-publish","4":"has-post-thumbnail","6":"product_cat-barbacoas","8":"first","9":"instock","10":"shipping-taxable","11":"product-type-simple"},"_links":{"self":[{"href":"https:\/\/www.llarsdefoc.cat\/es\/wp-json\/wp\/v2\/product\/49469","targetHints":{"allow":["GET"]}}],"collection":[{"href":"https:\/\/www.llarsdefoc.cat\/es\/wp-json\/wp\/v2\/product"}],"about":[{"href":"https:\/\/www.llarsdefoc.cat\/es\/wp-json\/wp\/v2\/types\/product"}],"wp:featuredmedia":[{"embeddable":true,"href":"https:\/\/www.llarsdefoc.cat\/es\/wp-json\/wp\/v2\/media\/49697"}],"wp:attachment":[{"href":"https:\/\/www.llarsdefoc.cat\/es\/wp-json\/wp\/v2\/media?parent=49469"}],"wp:term":[{"taxonomy":"product_brand","embeddable":true,"href":"https:\/\/www.llarsdefoc.cat\/es\/wp-json\/wp\/v2\/product_brand?post=49469"},{"taxonomy":"product_cat","embeddable":true,"href":"https:\/\/www.llarsdefoc.cat\/es\/wp-json\/wp\/v2\/product_cat?post=49469"},{"taxonomy":"product_tag","embeddable":true,"href":"https:\/\/www.llarsdefoc.cat\/es\/wp-json\/wp\/v2\/product_tag?post=49469"}],"curies":[{"name":"wp","href":"https:\/\/api.w.org\/{rel}","templated":true}]}}